{"id":749549,"date":"2025-08-28T03:58:46","date_gmt":"2025-08-28T00:58:46","guid":{"rendered":"https:\/\/roveyayinevi.com.tr\/index.php\/urun\/oidipus-psikomitoloji-psikanalitik-ve-klinik-yorumlar\/"},"modified":"2026-04-16T03:03:05","modified_gmt":"2026-04-16T00:03:05","slug":"oidipus-psikomitoloji-psikanalitik-ve-klinik-yorumlar","status":"publish","type":"product","link":"https:\/\/roveyayinevi.com.tr\/index.php\/urun\/oidipus-psikomitoloji-psikanalitik-ve-klinik-yorumlar\/","title":{"rendered":"Oidipus \u2013 Psikomitoloji: Psikanalitik ve Klinik Yorumlar"},"content":{"rendered":"<p>Psikomitoloji neyi, nas\u0131l yordar? Psikanaliz nedir, nas\u0131l \u00e7al\u0131\u015f\u0131r? Tragedya nedir, neyi irdeler? Sophokles\u2019in \u201cOidipus\u201d odakl\u0131 tragedyalar\u0131 bu sorulara yan\u0131t vermek i\u00e7in ba\u015fvurulacak \u00f6rnek metinlerdir. Sigmund Freud\u2019un \u201cOidipus Karma\u015fas\u0131\u201d kavramsalla\u015ft\u0131rmas\u0131 Oidipus\u2019u modern bireyin ruhsall\u0131\u011f\u0131na dair yorumlar\u0131n merkezi imgelerinden biri haline getirmi\u015f, \u00e7e\u015fitli disiplinlerden katk\u0131larla \u201cOidipus\u201d fig\u00fcr\u00fc \u00e7ok boyutlu bir imge ve simgeye d\u00f6n\u00fc\u015fm\u00fc\u015ft\u00fcr.   \u201cOidipus &#8211; Psikomitoloji: Psikanalitik ve Klinik Yorumlar\u201d modern bireyin psikososyal geli\u015fim s\u00fcrecine ili\u015fkin \u00e7al\u0131\u015fmalar\u0131n merkezi imgelerinden Oidipus\u2019u psikanalitik kuram ve uygulama a\u00e7\u0131s\u0131ndan yorumlayan metinlerden olu\u015fuyor.   Mehmet Bilgin Saydam\u2019\u0131n haz\u0131rlad\u0131\u011f\u0131 iki kitapl\u0131k \u00e7al\u0131\u015fman\u0131n bu ilk cildi, sosyok\u00fclt\u00fcrel perspektifin a\u011f\u0131rl\u0131kta oldu\u011fu ikinci ciltle birlikte \u201cOidipus\u201d kavramsalla\u015ft\u0131rmas\u0131na dair de\u011ferli bir ba\u015fvuru kayna\u011f\u0131 niteli\u011finde. <\/p>\n","protected":false},"excerpt":{"rendered":"<p>Psikomitoloji neyi, nas\u0131l yordar? Psikanaliz nedir, nas\u0131l \u00e7al\u0131\u015f\u0131r? Tragedya nedir, neyi irdeler? Sophokles\u2019in \u201cOidipus\u201d odakl\u0131 tragedyalar\u0131 bu sorulara yan\u0131t vermek i\u00e7in ba\u015fvurulacak \u00f6rnek metinlerdir. Sigmund Freud\u2019un<span class=\"excerpt-hellip\"> [\u2026]<\/span><\/p>\n","protected":false},"featured_media":0,"template":"","meta":{"_monsterinsights_skip_tracking":false,"_monsterinsights_sitenote_active":false,"_monsterinsights_sitenote_note":"","_monsterinsights_sitenote_category":0},"product_brand":[],"product_cat":[12358,12357],"product_tag":[],"class_list":{"0":"post-749549","1":"product","2":"type-product","3":"status-publish","5":"product_cat-genel-psikoloji","6":"product_cat-psikoloji","7":"pa_cilt-ciltsiz","8":"pa_tur-kitap","9":"pa_yayinevi-yapi-kredi-yayinlari","10":"pa_yazar-m-bilgin-saydam","12":"first","13":"instock","14":"sale","15":"shipping-taxable","16":"purchasable","17":"product-type-simple"},"_links":{"self":[{"href":"https:\/\/roveyayinevi.com.tr\/index.php\/wp-json\/wp\/v2\/product\/749549","targetHints":{"allow":["GET"]}}],"collection":[{"href":"https:\/\/roveyayinevi.com.tr\/index.php\/wp-json\/wp\/v2\/product"}],"about":[{"href":"https:\/\/roveyayinevi.com.tr\/index.php\/wp-json\/wp\/v2\/types\/product"}],"wp:attachment":[{"href":"https:\/\/roveyayinevi.com.tr\/index.php\/wp-json\/wp\/v2\/media?parent=749549"}],"wp:term":[{"taxonomy":"product_brand","embeddable":true,"href":"https:\/\/roveyayinevi.com.tr\/index.php\/wp-json\/wp\/v2\/product_brand?post=749549"},{"taxonomy":"product_cat","embeddable":true,"href":"https:\/\/roveyayinevi.com.tr\/index.php\/wp-json\/wp\/v2\/product_cat?post=749549"},{"taxonomy":"product_tag","embeddable":true,"href":"https:\/\/roveyayinevi.com.tr\/index.php\/wp-json\/wp\/v2\/product_tag?post=749549"}],"curies":[{"name":"wp","href":"https:\/\/api.w.org\/{rel}","templated":true}]}}