{"id":749548,"date":"2025-08-28T03:58:44","date_gmt":"2025-08-28T00:58:44","guid":{"rendered":"https:\/\/roveyayinevi.com.tr\/index.php\/urun\/her-sey-yerli-yerinde-ilk-asklar-ve-son-oykuler\/"},"modified":"2026-04-16T03:03:05","modified_gmt":"2026-04-16T00:03:05","slug":"her-sey-yerli-yerinde-ilk-asklar-ve-son-oykuler","status":"publish","type":"product","link":"https:\/\/roveyayinevi.com.tr\/index.php\/urun\/her-sey-yerli-yerinde-ilk-asklar-ve-son-oykuler\/","title":{"rendered":"Her \u015eey Yerli Yerinde \u2013 \u0130lk A\u015fklar ve Son \u00d6yk\u00fcler"},"content":{"rendered":"<p>Oliver Sacks\u2019\u0131n \u00f6l\u00fcm\u00fcnden sonra yay\u0131mlanan \u00fc\u00e7\u00fcnc\u00fc derlemesi \u201cHer \u015eey Yerli Yerinde\u201d, \u00fcnl\u00fc n\u00f6rolog-yazar\u0131n ilgi alan\u0131n\u0131n geni\u015fli\u011fini g\u00f6zler \u00f6n\u00fcne seren yaz\u0131lardan olu\u015fuyor. Bunlardan baz\u0131lar\u0131nda Sacks\u2019\u0131n y\u00fczme tutkusundan bah\u00e7e sevgisine, kimya merak\u0131ndan d\u00fcnya d\u0131\u015f\u0131 ya\u015fam ihtimallerine olan ilgisine, pek \u00e7ok ki\u015fisel yan\u0131n\u0131 g\u00f6r\u00fcyoruz. Baz\u0131lar\u0131nda ise ilgilenmeyi hi\u00e7 b\u0131rakmad\u0131\u011f\u0131 hastalar\u0131na ili\u015fkin \u2013h\u0131\u00e7k\u0131r\u0131k krizlerinden r\u00fcyalara, depresyondan demansa geni\u015f bir yelpazeden \u00f6rnekler sunan\u2013 son vaka \u00f6yk\u00fclerini okuyor veya kendi \u00f6l\u00fcml\u00fcl\u00fc\u011f\u00fcyle y\u00fczle\u015fmesine tan\u0131k oluyoruz. \u201cHer \u015eey Yerli Yerinde\u201d bilime, do\u011faya ve hayata kar\u015f\u0131 s\u0131n\u0131rs\u0131z bir merak\u0131n ve temelleri sa\u011flam, sa\u011fl\u0131kl\u0131 bir iyimserli\u011fin her yaz\u0131da hissedildi\u011fi bir veda kitab\u0131.   \u201c&#8230; her \u015feye ra\u011fmen, insan hayat\u0131 ve k\u00fclt\u00fcrel zenginli\u011fin harabeye d\u00f6nm\u00fc\u015f bir d\u00fcnyada bile ayakta kalaca\u011f\u0131n\u0131 umma cesaretini g\u00f6steriyorum. Kimileri sanat\u0131 k\u00fclt\u00fcr\u00fcm\u00fcz\u00fcn, kolektif belle\u011fimizin savunma duvar\u0131 olarak g\u00f6r\u00fcyorlarsa da ben bilimin d\u00fc\u015f\u00fcnce derinli\u011fiyle, elle tutulur ba\u015far\u0131lar\u0131 ve potansiyelleriyle ayn\u0131 derecede \u00f6nemli oldu\u011funu d\u00fc\u015f\u00fcn\u00fcyorum; bilim, iyi bilim, temkinli ve yava\u015f ilerlese de, kavray\u0131\u015flar\u0131, sezgileri s\u00fcrekli test edilip deneye tabi tutulsa da, daha \u00f6nce hi\u00e7 olmad\u0131\u011f\u0131 kadar geli\u015fip zenginle\u015fiyor. (&#8230;) Bizler d\u00fcnyan\u0131n bug\u00fcnk\u00fc krizleri atlatmas\u0131n\u0131 sa\u011flay\u0131p daha mutlu zamanlara giden yolu a\u00e7abiliriz.\u201d <\/p>\n","protected":false},"excerpt":{"rendered":"<p>Oliver Sacks\u2019\u0131n \u00f6l\u00fcm\u00fcnden sonra yay\u0131mlanan \u00fc\u00e7\u00fcnc\u00fc derlemesi \u201cHer \u015eey Yerli Yerinde\u201d, \u00fcnl\u00fc n\u00f6rolog-yazar\u0131n ilgi alan\u0131n\u0131n geni\u015fli\u011fini g\u00f6zler \u00f6n\u00fcne seren yaz\u0131lardan olu\u015fuyor. Bunlardan baz\u0131lar\u0131nda Sacks\u2019\u0131n y\u00fczme tutkusundan<span class=\"excerpt-hellip\"> [\u2026]<\/span><\/p>\n","protected":false},"featured_media":0,"template":"","meta":{"_monsterinsights_skip_tracking":false,"_monsterinsights_sitenote_active":false,"_monsterinsights_sitenote_note":"","_monsterinsights_sitenote_category":0},"product_brand":[],"product_cat":[12777,12291],"product_tag":[],"class_list":{"0":"post-749548","1":"product","2":"type-product","3":"status-publish","5":"product_cat-deneme","6":"product_cat-edebiyat","7":"pa_cilt-ciltsiz","8":"pa_tur-kitap","9":"pa_yayinevi-yapi-kredi-yayinlari","10":"pa_yazar-oliver-sacks","12":"first","13":"instock","14":"sale","15":"shipping-taxable","16":"purchasable","17":"product-type-simple"},"_links":{"self":[{"href":"https:\/\/roveyayinevi.com.tr\/index.php\/wp-json\/wp\/v2\/product\/749548","targetHints":{"allow":["GET"]}}],"collection":[{"href":"https:\/\/roveyayinevi.com.tr\/index.php\/wp-json\/wp\/v2\/product"}],"about":[{"href":"https:\/\/roveyayinevi.com.tr\/index.php\/wp-json\/wp\/v2\/types\/product"}],"wp:attachment":[{"href":"https:\/\/roveyayinevi.com.tr\/index.php\/wp-json\/wp\/v2\/media?parent=749548"}],"wp:term":[{"taxonomy":"product_brand","embeddable":true,"href":"https:\/\/roveyayinevi.com.tr\/index.php\/wp-json\/wp\/v2\/product_brand?post=749548"},{"taxonomy":"product_cat","embeddable":true,"href":"https:\/\/roveyayinevi.com.tr\/index.php\/wp-json\/wp\/v2\/product_cat?post=749548"},{"taxonomy":"product_tag","embeddable":true,"href":"https:\/\/roveyayinevi.com.tr\/index.php\/wp-json\/wp\/v2\/product_tag?post=749548"}],"curies":[{"name":"wp","href":"https:\/\/api.w.org\/{rel}","templated":true}]}}