{"id":749547,"date":"2025-08-28T03:58:43","date_gmt":"2025-08-28T00:58:43","guid":{"rendered":"https:\/\/roveyayinevi.com.tr\/index.php\/urun\/kasvetli-cag-klasik-dunyanin-hiristiyanlar-tarafindan-yikilisi\/"},"modified":"2026-04-16T03:03:05","modified_gmt":"2026-04-16T00:03:05","slug":"kasvetli-cag-klasik-dunyanin-hiristiyanlar-tarafindan-yikilisi","status":"publish","type":"product","link":"https:\/\/roveyayinevi.com.tr\/index.php\/urun\/kasvetli-cag-klasik-dunyanin-hiristiyanlar-tarafindan-yikilisi\/","title":{"rendered":"Kasvetli \u00c7a\u011f &#8211; Klasik D\u00fcnyan\u0131n H\u0131ristiyanlar Taraf\u0131ndan Y\u0131k\u0131l\u0131\u015f\u0131"},"content":{"rendered":"<p>\u201cKasvetli \u00c7a\u011f\u201d farkl\u0131 k\u00fclt\u00fcrlere ve inan\u00e7lara kar\u015f\u0131 ho\u015fg\u00f6r\u00fcl\u00fc olan kadim Roma \u0130mparatorlu\u011fu\u2019nun H\u0131ristiyanl\u0131\u011f\u0131n geli\u015fiyle ba\u015flayan karanl\u0131k tarihini anlat\u0131yor. Greko- Romen d\u00fcnyada insan avlar\u0131, kitap yakmalar, s\u00fcrg\u00fcn edilen filozoflar, ya\u011fmac\u0131 ke\u015fi\u015f \u00e7eteleri, tap\u0131naklar\u0131n yerle bir edilmesi, heykel ve tasvirlerin tahribat\u0131 gibi pek \u00e7ok hadisenin ya\u015fand\u0131\u011f\u0131 bu d\u00f6nem, Klasik Antik\u00e7a\u011f\u2019\u0131n miras\u0131n\u0131 ortadan kald\u0131rm\u0131\u015f ve \u201cklasik d\u00fcnya\u201dy\u0131 b\u00fcy\u00fck bir y\u0131k\u0131ma u\u011fratm\u0131\u015ft\u0131.   Catherine Nixey gazeteci olman\u0131n yaz\u0131nsal imk\u00e2nlar\u0131n\u0131 sonuna kadar kullanarak s\u00fcr\u00fckleyici bir tarih kitab\u0131 sunuyor.   \u201cKasvetli \u00c7a\u011f\u201d yay\u0131mland\u0131\u011f\u0131 tarihte y\u0131l\u0131n en iyi kitaplar\u0131ndan biri kabul edilmi\u015f, \u00f6zg\u00fcnl\u00fc\u011f\u00fc ve \u00fcslubu dolay\u0131s\u0131yla akademik olsun olmas\u0131n pek \u00e7ok \u00f6vg\u00fcye de\u011fer g\u00f6r\u00fclm\u00fc\u015ft\u00fc.   \u201cHarika bir kitap&#8230; Nixey (&#8230;) dinsel ho\u015fg\u00f6r\u00fcs\u00fczl\u00fc\u011f\u00fcn ve entelekt\u00fcel tek-k\u00fclt\u00fcrl\u00fcl\u00fc\u011f\u00fcn h\u00fcz\u00fcnl\u00fc hik\u00e2yesini anlat\u0131yor.\u201d                                                                                                          New York Times   \u201cH\u0131ristiyanl\u0131k galip geldi\u011finde nelerin kaybedildi\u011fini a\u00e7\u0131\u011fa \u00e7\u0131karan \u2026 y\u0131k\u0131m ve \u00e7aresizli\u011fe dair keyifle okunan bir kitap. Nixey ciddi bir akademisyenin otoritesiyle iyi bir gazetecinin canl\u0131 \u00fcslubunu birle\u015ftiriyor.\u201d                                                                                                                     The Times <\/p>\n","protected":false},"excerpt":{"rendered":"<p>\u201cKasvetli \u00c7a\u011f\u201d farkl\u0131 k\u00fclt\u00fcrlere ve inan\u00e7lara kar\u015f\u0131 ho\u015fg\u00f6r\u00fcl\u00fc olan kadim Roma \u0130mparatorlu\u011fu\u2019nun H\u0131ristiyanl\u0131\u011f\u0131n geli\u015fiyle ba\u015flayan karanl\u0131k tarihini anlat\u0131yor. Greko- Romen d\u00fcnyada insan avlar\u0131, kitap yakmalar, s\u00fcrg\u00fcn<span class=\"excerpt-hellip\"> [\u2026]<\/span><\/p>\n","protected":false},"featured_media":0,"template":"","meta":{"_monsterinsights_skip_tracking":false,"_monsterinsights_sitenote_active":false,"_monsterinsights_sitenote_note":"","_monsterinsights_sitenote_category":0},"product_brand":[],"product_cat":[12305,12304],"product_tag":[],"class_list":{"0":"post-749547","1":"product","2":"type-product","3":"status-publish","5":"product_cat-dunya-tarihi","6":"product_cat-tarih","7":"pa_cilt-ciltsiz","8":"pa_tur-kitap","9":"pa_yayinevi-yapi-kredi-yayinlari","10":"pa_yazar-catherine-nixey","12":"first","13":"instock","14":"sale","15":"shipping-taxable","16":"purchasable","17":"product-type-simple"},"_links":{"self":[{"href":"https:\/\/roveyayinevi.com.tr\/index.php\/wp-json\/wp\/v2\/product\/749547","targetHints":{"allow":["GET"]}}],"collection":[{"href":"https:\/\/roveyayinevi.com.tr\/index.php\/wp-json\/wp\/v2\/product"}],"about":[{"href":"https:\/\/roveyayinevi.com.tr\/index.php\/wp-json\/wp\/v2\/types\/product"}],"wp:attachment":[{"href":"https:\/\/roveyayinevi.com.tr\/index.php\/wp-json\/wp\/v2\/media?parent=749547"}],"wp:term":[{"taxonomy":"product_brand","embeddable":true,"href":"https:\/\/roveyayinevi.com.tr\/index.php\/wp-json\/wp\/v2\/product_brand?post=749547"},{"taxonomy":"product_cat","embeddable":true,"href":"https:\/\/roveyayinevi.com.tr\/index.php\/wp-json\/wp\/v2\/product_cat?post=749547"},{"taxonomy":"product_tag","embeddable":true,"href":"https:\/\/roveyayinevi.com.tr\/index.php\/wp-json\/wp\/v2\/product_tag?post=749547"}],"curies":[{"name":"wp","href":"https:\/\/api.w.org\/{rel}","templated":true}]}}