{"id":749546,"date":"2025-08-28T03:58:41","date_gmt":"2025-08-28T00:58:41","guid":{"rendered":"https:\/\/roveyayinevi.com.tr\/index.php\/urun\/alis-harikalar-diyarinda-aynanin-icinden\/"},"modified":"2026-04-16T03:03:05","modified_gmt":"2026-04-16T00:03:05","slug":"alis-harikalar-diyarinda-aynanin-icinden","status":"publish","type":"product","link":"https:\/\/roveyayinevi.com.tr\/index.php\/urun\/alis-harikalar-diyarinda-aynanin-icinden\/","title":{"rendered":"Alis Harikalar Diyar\u0131nda Aynan\u0131n \u0130\u00e7inden"},"content":{"rendered":"<p>Alis krali\u00e7e olabilecek mi?Lewis Carroll&#8217;\u0131n y\u0131llara meydan okuyan klasi\u011fi Alis Harikalar Diyar\u0131nda&#8217;n\u0131n devam\u0131 niteli\u011findeki Aynan\u0131n \u0130\u00e7inden, G\u00fczin \u00d6zt\u00fcrk&#8217;\u00fcn lirik anlat\u0131m\u0131yla &#8221;Sen de Oku Klasikler&#8221; koleksiyonu kapsam\u0131nda yeniden okurla bulu\u015fuyor. Herkesin ilgisiz \u015feyleri anlatmaya bay\u0131ld\u0131\u011f\u0131, her \u015feyin geriye do\u011fru ya\u015fand\u0131\u011f\u0131 esrarengiz bir d\u00fcnyaya a\u00e7\u0131lan kitap; bilmeceli \u015fiirler ve ne\u015feli \u015fark\u0131lar e\u015fli\u011finde ak\u0131p giden, c\u00fcmb\u00fc\u015f\u00fc bol bir g\u00fcnd\u00fcz d\u00fc\u015f\u00fc.  Alis&#8217;i ba\u015f\u0131nda tac\u0131, elinde asas\u0131 gizemli bir satran\u00e7 oyununun i\u00e7ine d\u00fc\u015f\u00fcren bu \u00e7ok katmanl\u0131 roman; zorluk \u00e7ekmeden hedefe ula\u015f\u0131lamayaca\u011f\u0131n\u0131 ve her m\u00fccadelenin benzersiz bir deneyim kazand\u0131raca\u011f\u0131n\u0131 vurguluyor.Alis, Harikalar Diyar\u0131&#8217;ndaki fantastik ser\u00fcveninin ard\u0131ndan g\u00fcnl\u00fck ya\u015fam\u0131na geri d\u00f6nm\u00fc\u015ft\u00fcr. Ya\u011fmurlu bir g\u00fcnde, evde can\u0131 \u00e7ok s\u0131k\u0131l\u0131nca \u00e7areyi kedileriyle t\u00fcrl\u00fc oyunlar icat etmekte bulur. Derken, odas\u0131ndaki aynan\u0131n dalgaland\u0131\u011f\u0131n\u0131 ve hatta y\u00fczeyinin kabard\u0131\u011f\u0131n\u0131 g\u00f6r\u00fcr. Kar\u015f\u0131s\u0131na ge\u00e7ip kendi donuk suretiyle g\u00f6z g\u00f6ze geldi\u011finde ise dayanamay\u0131p aynan\u0131n i\u00e7inden di\u011fer tarafa, Ayna-Ev&#8217;e ge\u00e7er. Ad\u0131m\u0131n\u0131 att\u0131\u011f\u0131 bu yeni evrende herkes ve her \u015fey bir ba\u015fkad\u0131r. \u00c7ok ge\u00e7meden Alis, aslen devasa bir satran\u00e7 oyununun tam ortas\u0131nda oldu\u011funu fark eder. Evine geri d\u00f6nebilmesi i\u00e7inse karanl\u0131k basmadan sekizinci kareye varmas\u0131 gerekmektedir. Piyonluktan krali\u00e7eli\u011fe uzanan \u00e7etrefilli yolculu\u011funda birbirinden garip karakterlerle tan\u0131\u015facak, dinledi\u011fi \u015fiirlerdeki ipu\u00e7lar\u0131n\u0131 takip ederek y\u00f6n\u00fcn\u00fc bulmaya \u00e7al\u0131\u015facakt\u0131r. Acaba Alis yolun sonunda krali\u00e7e olabilecek midir? T\u00fcm zamanlar\u0131n en sevilen klasiklerinden biri olan Aynan\u0131n \u0130\u00e7inden&#8217;in bu yeni yorumu, hik\u00e2yesini Alis&#8217;in g\u00f6z\u00fcnden anlatmay\u0131 se\u00e7erek h\u00e2lihaz\u0131rda raflarda bulunan pek \u00e7ok uyarlamadan farkl\u0131la\u015f\u0131yor. Yediden yetmi\u015fe herkesin hayal d\u00fcnyas\u0131n\u0131 hareketlendirmeyi ba\u015faran kitap, Zeynep \u00d6zatalay&#8217;\u0131n usta i\u015fi kara kalem \u00e7izimleriyle masal d\u00fc\u015fleri aratm\u0131yor. <\/p>\n","protected":false},"excerpt":{"rendered":"<p>Alis krali\u00e7e olabilecek mi?Lewis Carroll&#8217;\u0131n y\u0131llara meydan okuyan klasi\u011fi Alis Harikalar Diyar\u0131nda&#8217;n\u0131n devam\u0131 niteli\u011findeki Aynan\u0131n \u0130\u00e7inden, G\u00fczin \u00d6zt\u00fcrk&#8217;\u00fcn lirik anlat\u0131m\u0131yla &#8221;Sen de Oku Klasikler&#8221; koleksiyonu kapsam\u0131nda<span class=\"excerpt-hellip\"> [\u2026]<\/span><\/p>\n","protected":false},"featured_media":0,"template":"","meta":{"_monsterinsights_skip_tracking":false,"_monsterinsights_sitenote_active":false,"_monsterinsights_sitenote_note":"","_monsterinsights_sitenote_category":0},"product_brand":[],"product_cat":[12274,12284],"product_tag":[],"class_list":{"0":"post-749546","1":"product","2":"type-product","3":"status-publish","5":"product_cat-cocuk-ve-genclik-kitaplari","6":"product_cat-hikayeler","7":"pa_cilt-ciltsiz","8":"pa_tur-kitap","9":"pa_yayinevi-tudem-yayinlari","10":"pa_yazar-lewis-carroll","12":"first","13":"instock","14":"sale","15":"shipping-taxable","16":"purchasable","17":"product-type-simple"},"_links":{"self":[{"href":"https:\/\/roveyayinevi.com.tr\/index.php\/wp-json\/wp\/v2\/product\/749546","targetHints":{"allow":["GET"]}}],"collection":[{"href":"https:\/\/roveyayinevi.com.tr\/index.php\/wp-json\/wp\/v2\/product"}],"about":[{"href":"https:\/\/roveyayinevi.com.tr\/index.php\/wp-json\/wp\/v2\/types\/product"}],"wp:attachment":[{"href":"https:\/\/roveyayinevi.com.tr\/index.php\/wp-json\/wp\/v2\/media?parent=749546"}],"wp:term":[{"taxonomy":"product_brand","embeddable":true,"href":"https:\/\/roveyayinevi.com.tr\/index.php\/wp-json\/wp\/v2\/product_brand?post=749546"},{"taxonomy":"product_cat","embeddable":true,"href":"https:\/\/roveyayinevi.com.tr\/index.php\/wp-json\/wp\/v2\/product_cat?post=749546"},{"taxonomy":"product_tag","embeddable":true,"href":"https:\/\/roveyayinevi.com.tr\/index.php\/wp-json\/wp\/v2\/product_tag?post=749546"}],"curies":[{"name":"wp","href":"https:\/\/api.w.org\/{rel}","templated":true}]}}