{"id":749543,"date":"2025-08-28T03:58:38","date_gmt":"2025-08-28T00:58:38","guid":{"rendered":"https:\/\/roveyayinevi.com.tr\/index.php\/urun\/orgutsel-davranis-ve-buyuk-veri\/"},"modified":"2026-04-16T03:03:05","modified_gmt":"2026-04-16T00:03:05","slug":"orgutsel-davranis-ve-buyuk-veri","status":"publish","type":"product","link":"https:\/\/roveyayinevi.com.tr\/index.php\/urun\/orgutsel-davranis-ve-buyuk-veri\/","title":{"rendered":"\u00d6rg\u00fctsel Davran\u0131\u015f ve B\u00fcy\u00fck Veri"},"content":{"rendered":"<p>1.      B\u00d6L\u00dcM B\u00dcY\u00dcK VER\u0130 VE \u00d6\u011eRENME   2.      B\u00d6L\u00dcM \u0130NOVASYONUN YEN\u0130 B\u0130R \u00d6NC\u00dcL\u00dc OLARAK B\u00dcY\u00dcK VER\u0130   3.      B\u00d6L\u00dcM B\u00dcY\u00dcK VER\u0130 VE \u00d6RG\u00dcTSEL PERFORMANS   4.      B\u00d6L\u00dcM B\u00dcY\u00dcK VER\u0130 VE \u0130LET\u0130\u015e\u0130M   5.      B\u00d6L\u00dcM B\u00dcY\u00dcK VER\u0130 VE STRES   <\/p>\n","protected":false},"excerpt":{"rendered":"<p>1. B\u00d6L\u00dcM B\u00dcY\u00dcK VER\u0130 VE \u00d6\u011eRENME 2. B\u00d6L\u00dcM \u0130NOVASYONUN YEN\u0130 B\u0130R \u00d6NC\u00dcL\u00dc OLARAK B\u00dcY\u00dcK VER\u0130 3. B\u00d6L\u00dcM B\u00dcY\u00dcK VER\u0130 VE \u00d6RG\u00dcTSEL PERFORMANS 4. B\u00d6L\u00dcM B\u00dcY\u00dcK VER\u0130<span class=\"excerpt-hellip\"> [\u2026]<\/span><\/p>\n","protected":false},"featured_media":0,"template":"","meta":{"_monsterinsights_skip_tracking":false,"_monsterinsights_sitenote_active":false,"_monsterinsights_sitenote_note":"","_monsterinsights_sitenote_category":0},"product_brand":[],"product_cat":[12573,12566],"product_tag":[],"class_list":{"0":"post-749543","1":"product","2":"type-product","3":"status-publish","5":"product_cat-akademik-kitaplar","6":"product_cat-egitim","7":"pa_cilt-ciltsiz","8":"pa_tur-kitap","9":"pa_yayinevi-gazi-kitabevi","10":"pa_yazar-kolektif","12":"first","13":"instock","14":"sale","15":"shipping-taxable","16":"purchasable","17":"product-type-simple"},"_links":{"self":[{"href":"https:\/\/roveyayinevi.com.tr\/index.php\/wp-json\/wp\/v2\/product\/749543","targetHints":{"allow":["GET"]}}],"collection":[{"href":"https:\/\/roveyayinevi.com.tr\/index.php\/wp-json\/wp\/v2\/product"}],"about":[{"href":"https:\/\/roveyayinevi.com.tr\/index.php\/wp-json\/wp\/v2\/types\/product"}],"wp:attachment":[{"href":"https:\/\/roveyayinevi.com.tr\/index.php\/wp-json\/wp\/v2\/media?parent=749543"}],"wp:term":[{"taxonomy":"product_brand","embeddable":true,"href":"https:\/\/roveyayinevi.com.tr\/index.php\/wp-json\/wp\/v2\/product_brand?post=749543"},{"taxonomy":"product_cat","embeddable":true,"href":"https:\/\/roveyayinevi.com.tr\/index.php\/wp-json\/wp\/v2\/product_cat?post=749543"},{"taxonomy":"product_tag","embeddable":true,"href":"https:\/\/roveyayinevi.com.tr\/index.php\/wp-json\/wp\/v2\/product_tag?post=749543"}],"curies":[{"name":"wp","href":"https:\/\/api.w.org\/{rel}","templated":true}]}}