{"id":749542,"date":"2025-08-28T03:58:37","date_gmt":"2025-08-28T00:58:37","guid":{"rendered":"https:\/\/roveyayinevi.com.tr\/index.php\/urun\/ticari-bilimlerde-guncel-arastirmalar\/"},"modified":"2026-04-16T03:03:05","modified_gmt":"2026-04-16T00:03:05","slug":"ticari-bilimlerde-guncel-arastirmalar","status":"publish","type":"product","link":"https:\/\/roveyayinevi.com.tr\/index.php\/urun\/ticari-bilimlerde-guncel-arastirmalar\/","title":{"rendered":"Ticari Bilimlerde G\u00fcncel Ara\u015ft\u0131rmalar"},"content":{"rendered":"<p>\u00b7         HASTANE \u0130\u015eLETMEC\u0130L\u0130\u011e\u0130NDE \u0130\u00c7 KONTROL S\u0130STEM\u0130N\u0130N ETK\u0130NL\u0130\u011e\u0130 \u00b7         JEOTERMAL MERKEZ\u0130 ISITMA SEKT\u00d6R\u00dcNDE FAAL\u0130YET TABANLI D\u0130REKT MAL\u0130YETLEME VE B\u00dcT\u00c7ELEME \u00b7         S\u0130STEM\u0130N\u0130N UYGULANAB\u0130L\u0130RL\u0130\u011e\u0130 THE DETERMINANTS OF ECONOMIC POLICY UNCERTAINTY (EPU): A NEW ERA FROM GLOBAL GEOPOLITICAL RISK, GDP PER CAPITA AND TRADE OPENNESS \u00b7         SAH\u0130PL\u0130K YAPISI F\u0130NANSAL PERFORMANSIN BEL\u0130RLEY\u0130C\u0130S\u0130 M\u0130D\u0130R? BORSA \u0130STANBUL\u2019DA B\u0130R ARA\u015eTIRMA \u00b7         ALTIN STANDARDI S\u0130STEM\u0130NDEN G\u00dcN\u00dcM\u00dcZE F\u0130NANSAL K\u00dcRESELLE\u015eME VE ULUSLARARASI R\u0130SK PAYLA\u015eIMINA ETK\u0130S\u0130 \u00b7         K\u00dcRESEL BEL\u0130RS\u0130ZL\u0130K ENDEKS\u0130 VE ABD EPU ENDEKS\u0130 \u0130LE EMT\u0130A F\u0130YATLARI ARASINDAK\u0130 \u0130L\u0130\u015eK\u0130N\u0130N SVAR Y\u00d6NTEM\u0130 \u0130LE ARA\u015eTIRILMASI \u00b7         MSUGT, BOB\u0130 FRS VE TMS-TFRS\u2019DE YER ALAN NAK\u0130T AKI\u015e TABLOLARINDAK\u0130 FARKLILIKLARIN NAK\u0130T AKI\u015e ANAL\u0130ZLER\u0130NE ETK\u0130LER\u0130 \u00b7         ETK\u0130N P\u0130YASALAR H\u0130POTEZ\u0130, DAVRANI\u015eSAL F\u0130NANS VE TAKV\u0130MSEL ANOMAL\u0130LER\u2019E \u0130L\u0130\u015eK\u0130N TEOR\u0130K \u00c7ER\u00c7EVE \u00b7         MUHASEBE MESLE\u011e\u0130NDE S\u00dcREKL\u0130 MESLEK\u0130 GEL\u0130\u015e\u0130M VE T\u00dcRMOB \u00b7         KR\u0130PTO PARA KAVRAMI VE \u0130LK KR\u0130PTO PARA B\u0130TCO\u0130N \u00b7         MADD\u0130 DURAN VARLIKLARA DA\u0130R UYGULAMALARIN BOB\u0130 FRS, TMS\/TFRS VE MSUGT A\u00c7ISINDAN KAR\u015eILA\u015eTIRILMASI <\/p>\n","protected":false},"excerpt":{"rendered":"<p>\u00b7 HASTANE \u0130\u015eLETMEC\u0130L\u0130\u011e\u0130NDE \u0130\u00c7 KONTROL S\u0130STEM\u0130N\u0130N ETK\u0130NL\u0130\u011e\u0130 \u00b7 JEOTERMAL MERKEZ\u0130 ISITMA SEKT\u00d6R\u00dcNDE FAAL\u0130YET TABANLI D\u0130REKT MAL\u0130YETLEME VE B\u00dcT\u00c7ELEME \u00b7 S\u0130STEM\u0130N\u0130N UYGULANAB\u0130L\u0130RL\u0130\u011e\u0130 THE DETERMINANTS OF ECONOMIC POLICY<span class=\"excerpt-hellip\"> [\u2026]<\/span><\/p>\n","protected":false},"featured_media":0,"template":"","meta":{"_monsterinsights_skip_tracking":false,"_monsterinsights_sitenote_active":false,"_monsterinsights_sitenote_note":"","_monsterinsights_sitenote_category":0},"product_brand":[],"product_cat":[13043,14381],"product_tag":[],"class_list":{"0":"post-749542","1":"product","2":"type-product","3":"status-publish","5":"product_cat-ekonomi","6":"product_cat-isletme-muhasebe-maliye","7":"pa_cilt-ciltsiz","8":"pa_tur-kitap","9":"pa_yayinevi-gazi-kitabevi","10":"pa_yazar-kolektif","12":"first","13":"instock","14":"sale","15":"shipping-taxable","16":"purchasable","17":"product-type-simple"},"_links":{"self":[{"href":"https:\/\/roveyayinevi.com.tr\/index.php\/wp-json\/wp\/v2\/product\/749542","targetHints":{"allow":["GET"]}}],"collection":[{"href":"https:\/\/roveyayinevi.com.tr\/index.php\/wp-json\/wp\/v2\/product"}],"about":[{"href":"https:\/\/roveyayinevi.com.tr\/index.php\/wp-json\/wp\/v2\/types\/product"}],"wp:attachment":[{"href":"https:\/\/roveyayinevi.com.tr\/index.php\/wp-json\/wp\/v2\/media?parent=749542"}],"wp:term":[{"taxonomy":"product_brand","embeddable":true,"href":"https:\/\/roveyayinevi.com.tr\/index.php\/wp-json\/wp\/v2\/product_brand?post=749542"},{"taxonomy":"product_cat","embeddable":true,"href":"https:\/\/roveyayinevi.com.tr\/index.php\/wp-json\/wp\/v2\/product_cat?post=749542"},{"taxonomy":"product_tag","embeddable":true,"href":"https:\/\/roveyayinevi.com.tr\/index.php\/wp-json\/wp\/v2\/product_tag?post=749542"}],"curies":[{"name":"wp","href":"https:\/\/api.w.org\/{rel}","templated":true}]}}