{"id":749541,"date":"2025-08-28T03:58:36","date_gmt":"2025-08-28T00:58:36","guid":{"rendered":"https:\/\/roveyayinevi.com.tr\/index.php\/urun\/viyola-ve-viyolonsel-icin-melodik-seckiler\/"},"modified":"2026-04-16T03:03:05","modified_gmt":"2026-04-16T00:03:05","slug":"viyola-ve-viyolonsel-icin-melodik-seckiler","status":"publish","type":"product","link":"https:\/\/roveyayinevi.com.tr\/index.php\/urun\/viyola-ve-viyolonsel-icin-melodik-seckiler\/","title":{"rendered":"Viyola ve Viyolonsel \u0130\u00e7in Melodik Se\u00e7kiler"},"content":{"rendered":"<p>2010 y\u0131l\u0131nda viyola viyolonsel d\u00fceti \u00e7alarak yollar\u0131 kesi\u015fti ve m\u00fczikle konu\u015fmaya ba\u015flad\u0131klar\u0131 bu yola hayatlar\u0131n\u0131 birle\u015ftirerek devam ettiler. \u0130ki \u00e7alg\u0131 e\u011fitimcisi olarak seslerin onlara sundu\u011fu sonsuz kaynaktan beslenmeyi her daim s\u00fcrd\u00fcrd\u00fcler. Bu ser\u00fcvende kendi \u00e7alg\u0131lar\u0131yla ile birlikte m\u00fczik yapabilecekleri \u00e7ok s\u0131n\u0131rl\u0131 say\u0131da eser oldu\u011funu g\u00f6rmek, onlar\u0131 severek dinledikleri eserleri birlikte \u00e7alabilecek \u015fekilde d\u00fczenlemeye te\u015fvik etti. Ama\u00e7lar\u0131 birlikte dinlerken keyif ald\u0131klar\u0131 eserleri birlikte yorumlamakt\u0131. Bu ama\u00e7la dinlemeyi en sevdikleri m\u00fczikler, viyola ve viyolonsel d\u00fcetleri olarak yeniden yorumlanarak melodik se\u00e7kilere d\u00f6n\u00fc\u015ft\u00fc. Eserler \u00e7alg\u0131 ve oda m\u00fczi\u011fi e\u011fitiminde kullan\u0131labilir \u015fekilde d\u00fczenlendi. Ayn\u0131 zamanda d\u00fczenleme s\u00fcrecinde eserlerin karakteristik \u00f6zellikleri korundu. Kitapta Pyotr Tchaikovsky\u2019nin \u201cNocturne\u201d, Isaac Albeniz\u2019in \u201cPlayera\u201d, Pablo de Sarasate\u2019nin \u201cMalaguena\u201d,  Tofiq Quliyev\u2019in ise \u201cQemgin Mahn\u0131\u201d ile \u201cSevin\u00e7 Mahn\u0131s\u0131\u201dn\u0131n yan\u0131 s\u0131ra \u201cA\u011f Elime Mor K\u0131nalar\u201d isimli Denizli T\u00fcrk\u00fcs\u00fc ve \u201cOnbirli\u201d isimli \u00dcsk\u00fcp Halk Oyununun viyola ve viyolonsel i\u00e7in d\u00fczenlemeleri yer almaktad\u0131r. \u00c7alan herkesin keyif almas\u0131 ve m\u00fczik e\u011fitimine katk\u0131 sa\u011flamas\u0131 dile\u011fi ile\u2026 <\/p>\n","protected":false},"excerpt":{"rendered":"<p>2010 y\u0131l\u0131nda viyola viyolonsel d\u00fceti \u00e7alarak yollar\u0131 kesi\u015fti ve m\u00fczikle konu\u015fmaya ba\u015flad\u0131klar\u0131 bu yola hayatlar\u0131n\u0131 birle\u015ftirerek devam ettiler. \u0130ki \u00e7alg\u0131 e\u011fitimcisi olarak seslerin onlara sundu\u011fu sonsuz<span class=\"excerpt-hellip\"> [\u2026]<\/span><\/p>\n","protected":false},"featured_media":0,"template":"","meta":{"_monsterinsights_skip_tracking":false,"_monsterinsights_sitenote_active":false,"_monsterinsights_sitenote_note":"","_monsterinsights_sitenote_category":0},"product_brand":[],"product_cat":[14556,20810],"product_tag":[],"class_list":{"0":"post-749541","1":"product","2":"type-product","3":"status-publish","5":"product_cat-muzik","6":"product_cat-ogrenim-kitaplari","7":"pa_cilt-ciltsiz","8":"pa_tur-kitap","9":"pa_yayinevi-muzik-egitimi-yayinlari","10":"pa_yazar-akin-kumtepe-gorkem-kumtepe","12":"first","13":"instock","14":"sale","15":"shipping-taxable","16":"purchasable","17":"product-type-simple"},"_links":{"self":[{"href":"https:\/\/roveyayinevi.com.tr\/index.php\/wp-json\/wp\/v2\/product\/749541","targetHints":{"allow":["GET"]}}],"collection":[{"href":"https:\/\/roveyayinevi.com.tr\/index.php\/wp-json\/wp\/v2\/product"}],"about":[{"href":"https:\/\/roveyayinevi.com.tr\/index.php\/wp-json\/wp\/v2\/types\/product"}],"wp:attachment":[{"href":"https:\/\/roveyayinevi.com.tr\/index.php\/wp-json\/wp\/v2\/media?parent=749541"}],"wp:term":[{"taxonomy":"product_brand","embeddable":true,"href":"https:\/\/roveyayinevi.com.tr\/index.php\/wp-json\/wp\/v2\/product_brand?post=749541"},{"taxonomy":"product_cat","embeddable":true,"href":"https:\/\/roveyayinevi.com.tr\/index.php\/wp-json\/wp\/v2\/product_cat?post=749541"},{"taxonomy":"product_tag","embeddable":true,"href":"https:\/\/roveyayinevi.com.tr\/index.php\/wp-json\/wp\/v2\/product_tag?post=749541"}],"curies":[{"name":"wp","href":"https:\/\/api.w.org\/{rel}","templated":true}]}}