{"id":749540,"date":"2025-08-28T03:58:35","date_gmt":"2025-08-28T00:58:35","guid":{"rendered":"https:\/\/roveyayinevi.com.tr\/index.php\/urun\/goblin-slayer-goblin-avcisi-4\/"},"modified":"2026-04-16T03:03:05","modified_gmt":"2026-04-16T00:03:05","slug":"goblin-slayer-goblin-avcisi-4","status":"publish","type":"product","link":"https:\/\/roveyayinevi.com.tr\/index.php\/urun\/goblin-slayer-goblin-avcisi-4\/","title":{"rendered":"Goblin Slayer &#8211; Goblin Avc\u0131s\u0131 4"},"content":{"rendered":"<p>Goblin Avc\u0131s\u0131, &#8220;uygun bir maceraya&#8221; \u00e7\u0131kma s\u00f6z\u00fcn\u00fc tutsa da her zamanki gibi tak\u0131nt\u0131l\u0131 oldu\u011fu tek bir konu var gibi g\u00f6r\u00fcn\u00fcyor. O ve arkada\u015flar\u0131, K\u0131l\u0131\u00e7l\u0131 Gen\u00e7 K\u0131z?\u0131n yard\u0131m talebini kabul ederler. Bu yeni g\u00f6rev onlar\u0131, yeralt\u0131nda labirent \u015feklindeki kanalizasyonun derinliklerine do\u011fru g\u00f6t\u00fcr\u00fcr&#8230; _Goblin Slayer,_ her cildini nefesinizi tutarak okuyaca\u011f\u0131n\u0131z aksiyon dolu bir macera.<\/p>\n","protected":false},"excerpt":{"rendered":"<p>Goblin Avc\u0131s\u0131, &#8220;uygun bir maceraya&#8221; \u00e7\u0131kma s\u00f6z\u00fcn\u00fc tutsa da her zamanki gibi tak\u0131nt\u0131l\u0131 oldu\u011fu tek bir konu var gibi g\u00f6r\u00fcn\u00fcyor. O ve arkada\u015flar\u0131, K\u0131l\u0131\u00e7l\u0131 Gen\u00e7 K\u0131z?\u0131n<span class=\"excerpt-hellip\"> [\u2026]<\/span><\/p>\n","protected":false},"featured_media":0,"template":"","meta":{"_monsterinsights_skip_tracking":false,"_monsterinsights_sitenote_active":false,"_monsterinsights_sitenote_note":"","_monsterinsights_sitenote_category":0},"product_brand":[],"product_cat":[12416,12291],"product_tag":[],"class_list":{"0":"post-749540","1":"product","2":"type-product","3":"status-publish","5":"product_cat-cizgi-roman","6":"product_cat-edebiyat","7":"pa_cilt-ciltsiz","8":"pa_tur-kitap","9":"pa_yayinevi-kurukafa","10":"pa_yazar-kumo-kagyu","12":"first","13":"instock","14":"sale","15":"shipping-taxable","16":"purchasable","17":"product-type-simple"},"_links":{"self":[{"href":"https:\/\/roveyayinevi.com.tr\/index.php\/wp-json\/wp\/v2\/product\/749540","targetHints":{"allow":["GET"]}}],"collection":[{"href":"https:\/\/roveyayinevi.com.tr\/index.php\/wp-json\/wp\/v2\/product"}],"about":[{"href":"https:\/\/roveyayinevi.com.tr\/index.php\/wp-json\/wp\/v2\/types\/product"}],"wp:attachment":[{"href":"https:\/\/roveyayinevi.com.tr\/index.php\/wp-json\/wp\/v2\/media?parent=749540"}],"wp:term":[{"taxonomy":"product_brand","embeddable":true,"href":"https:\/\/roveyayinevi.com.tr\/index.php\/wp-json\/wp\/v2\/product_brand?post=749540"},{"taxonomy":"product_cat","embeddable":true,"href":"https:\/\/roveyayinevi.com.tr\/index.php\/wp-json\/wp\/v2\/product_cat?post=749540"},{"taxonomy":"product_tag","embeddable":true,"href":"https:\/\/roveyayinevi.com.tr\/index.php\/wp-json\/wp\/v2\/product_tag?post=749540"}],"curies":[{"name":"wp","href":"https:\/\/api.w.org\/{rel}","templated":true}]}}