{"id":749534,"date":"2025-08-28T03:58:27","date_gmt":"2025-08-28T00:58:27","guid":{"rendered":"https:\/\/roveyayinevi.com.tr\/index.php\/urun\/ogretim-teknolojileri-2\/"},"modified":"2026-04-16T03:03:05","modified_gmt":"2026-04-16T00:03:05","slug":"ogretim-teknolojileri-2","status":"publish","type":"product","link":"https:\/\/roveyayinevi.com.tr\/index.php\/urun\/ogretim-teknolojileri-2\/","title":{"rendered":"\u00d6\u011fretim Teknolojileri"},"content":{"rendered":"<p>\u00d6\u011fretmenlerin, e\u011fitim s\u00fcrecinde zaman\u0131n ge\u00e7erli teknolojik olanaklar\u0131ndan yararlanmalar\u0131 gerekmektedir. E\u011fitim ama\u00e7l\u0131 kullan\u0131labilen yaz\u0131l\u0131m veya donan\u0131mlar k\u0131saca \u00f6\u011fretim teknolojileri olarak adland\u0131r\u0131labilir. Bu teknolojiler \u00f6\u011frenme ortamlar\u0131n\u0131n fiziksel ve zamansal s\u0131n\u0131rlar\u0131n\u0131 ortadan kald\u0131rarak \u00f6\u011frencilerin zaman ve mekandan ba\u011f\u0131ms\u0131z bir \u015fekilde \u00f6\u011frenmelerine olanak sa\u011flayan teknolojilerdir.   \u00d6\u011fretmenlerin e\u011fitim s\u00fcrecinde \u00f6\u011frencilerin \u00f6\u011frenme s\u00fcrecini kolayla\u015ft\u0131ran, \u00f6\u011frenmeyi daha etkili ve etkin hale getiren ara\u00e7lar\u0131n tasar\u0131m\u0131, se\u00e7imi ve kullan\u0131m\u0131na dair yeterliliklerini geli\u015ftirmeleri de b\u00fcy\u00fck \u00f6nem ta\u015f\u0131maktad\u0131r. \u00d6\u011fretmenlerin kendilerini yenilik\u00e7i ve geli\u015fmeye a\u00e7\u0131k olarak tan\u0131mlayan e\u011fitim \u00e7al\u0131\u015fanlar\u0131 olmalar\u0131 bu kitab\u0131n haz\u0131rlanmas\u0131nda yazarlar\u0131 cesaretlendirmi\u015ftir.<\/p>\n","protected":false},"excerpt":{"rendered":"<p>\u00d6\u011fretmenlerin, e\u011fitim s\u00fcrecinde zaman\u0131n ge\u00e7erli teknolojik olanaklar\u0131ndan yararlanmalar\u0131 gerekmektedir. E\u011fitim ama\u00e7l\u0131 kullan\u0131labilen yaz\u0131l\u0131m veya donan\u0131mlar k\u0131saca \u00f6\u011fretim teknolojileri olarak adland\u0131r\u0131labilir. Bu teknolojiler \u00f6\u011frenme ortamlar\u0131n\u0131n fiziksel ve<span class=\"excerpt-hellip\"> [\u2026]<\/span><\/p>\n","protected":false},"featured_media":0,"template":"","meta":{"_monsterinsights_skip_tracking":false,"_monsterinsights_sitenote_active":false,"_monsterinsights_sitenote_note":"","_monsterinsights_sitenote_category":0},"product_brand":[],"product_cat":[12573,12566],"product_tag":[],"class_list":{"0":"post-749534","1":"product","2":"type-product","3":"status-publish","5":"product_cat-akademik-kitaplar","6":"product_cat-egitim","7":"pa_cilt-ciltsiz","8":"pa_tur-kitap","9":"pa_yayinevi-egiten-kitap","10":"pa_yazar-kolektif","12":"first","13":"instock","14":"sale","15":"shipping-taxable","16":"purchasable","17":"product-type-simple"},"_links":{"self":[{"href":"https:\/\/roveyayinevi.com.tr\/index.php\/wp-json\/wp\/v2\/product\/749534","targetHints":{"allow":["GET"]}}],"collection":[{"href":"https:\/\/roveyayinevi.com.tr\/index.php\/wp-json\/wp\/v2\/product"}],"about":[{"href":"https:\/\/roveyayinevi.com.tr\/index.php\/wp-json\/wp\/v2\/types\/product"}],"wp:attachment":[{"href":"https:\/\/roveyayinevi.com.tr\/index.php\/wp-json\/wp\/v2\/media?parent=749534"}],"wp:term":[{"taxonomy":"product_brand","embeddable":true,"href":"https:\/\/roveyayinevi.com.tr\/index.php\/wp-json\/wp\/v2\/product_brand?post=749534"},{"taxonomy":"product_cat","embeddable":true,"href":"https:\/\/roveyayinevi.com.tr\/index.php\/wp-json\/wp\/v2\/product_cat?post=749534"},{"taxonomy":"product_tag","embeddable":true,"href":"https:\/\/roveyayinevi.com.tr\/index.php\/wp-json\/wp\/v2\/product_tag?post=749534"}],"curies":[{"name":"wp","href":"https:\/\/api.w.org\/{rel}","templated":true}]}}