{"id":749533,"date":"2025-08-28T03:58:26","date_gmt":"2025-08-28T00:58:26","guid":{"rendered":"https:\/\/roveyayinevi.com.tr\/index.php\/urun\/ilkokulda-temel-fen-bilimleri\/"},"modified":"2026-04-16T03:03:05","modified_gmt":"2026-04-16T00:03:05","slug":"ilkokulda-temel-fen-bilimleri","status":"publish","type":"product","link":"https:\/\/roveyayinevi.com.tr\/index.php\/urun\/ilkokulda-temel-fen-bilimleri\/","title":{"rendered":"\u0130lkokulda Temel Fen Bilimleri"},"content":{"rendered":"<p>Fen bilimleri dersi konu alanlar\u0131na ili\u015fkin temel kavramlar\u0131 ve genel bilgileri kapsamaktad\u0131r. T\u00fcm b\u00f6l\u00fcmlerde ilgili konu alan\u0131na y\u00f6nelik kavramlar tan\u0131t\u0131lm\u0131\u015f ayn\u0131 zamanda da m\u00fcmk\u00fcn oldu\u011fu \u00f6l\u00e7\u00fcde g\u00fcnl\u00fck hayattaki uygulama alanlar\u0131 i\u015fe ko\u015fulmaya \u00e7al\u0131\u015f\u0131lm\u0131\u015ft\u0131r.   O\u011frencilerin \u00f6\u011fretmenlik mesle\u011fine fen bilimleri a\u00e7\u0131s\u0131ndan daha haz\u0131rl\u0131kl\u0131 ve donan\u0131ml\u0131 ba\u015flamalar\u0131na \u00f6nemli katk\u0131 sa\u011flayacakt\u0131r.<\/p>\n","protected":false},"excerpt":{"rendered":"<p>Fen bilimleri dersi konu alanlar\u0131na ili\u015fkin temel kavramlar\u0131 ve genel bilgileri kapsamaktad\u0131r. T\u00fcm b\u00f6l\u00fcmlerde ilgili konu alan\u0131na y\u00f6nelik kavramlar tan\u0131t\u0131lm\u0131\u015f ayn\u0131 zamanda da m\u00fcmk\u00fcn oldu\u011fu \u00f6l\u00e7\u00fcde<span class=\"excerpt-hellip\"> [\u2026]<\/span><\/p>\n","protected":false},"featured_media":0,"template":"","meta":{"_monsterinsights_skip_tracking":false,"_monsterinsights_sitenote_active":false,"_monsterinsights_sitenote_note":"","_monsterinsights_sitenote_category":0},"product_brand":[],"product_cat":[12573,12566],"product_tag":[],"class_list":{"0":"post-749533","1":"product","2":"type-product","3":"status-publish","5":"product_cat-akademik-kitaplar","6":"product_cat-egitim","7":"pa_cilt-ciltsiz","8":"pa_tur-kitap","9":"pa_yayinevi-egiten-kitap","10":"pa_yazar-kolektif","12":"first","13":"instock","14":"sale","15":"shipping-taxable","16":"purchasable","17":"product-type-simple"},"_links":{"self":[{"href":"https:\/\/roveyayinevi.com.tr\/index.php\/wp-json\/wp\/v2\/product\/749533","targetHints":{"allow":["GET"]}}],"collection":[{"href":"https:\/\/roveyayinevi.com.tr\/index.php\/wp-json\/wp\/v2\/product"}],"about":[{"href":"https:\/\/roveyayinevi.com.tr\/index.php\/wp-json\/wp\/v2\/types\/product"}],"wp:attachment":[{"href":"https:\/\/roveyayinevi.com.tr\/index.php\/wp-json\/wp\/v2\/media?parent=749533"}],"wp:term":[{"taxonomy":"product_brand","embeddable":true,"href":"https:\/\/roveyayinevi.com.tr\/index.php\/wp-json\/wp\/v2\/product_brand?post=749533"},{"taxonomy":"product_cat","embeddable":true,"href":"https:\/\/roveyayinevi.com.tr\/index.php\/wp-json\/wp\/v2\/product_cat?post=749533"},{"taxonomy":"product_tag","embeddable":true,"href":"https:\/\/roveyayinevi.com.tr\/index.php\/wp-json\/wp\/v2\/product_tag?post=749533"}],"curies":[{"name":"wp","href":"https:\/\/api.w.org\/{rel}","templated":true}]}}