{"id":749531,"date":"2025-08-28T03:58:24","date_gmt":"2025-08-28T00:58:24","guid":{"rendered":"https:\/\/roveyayinevi.com.tr\/index.php\/urun\/egitimci-ve-aileler-icin-etkinlik-cizelgesi-hazirlama-ve-uygulama\/"},"modified":"2026-04-16T03:03:05","modified_gmt":"2026-04-16T00:03:05","slug":"egitimci-ve-aileler-icin-etkinlik-cizelgesi-hazirlama-ve-uygulama","status":"publish","type":"product","link":"https:\/\/roveyayinevi.com.tr\/index.php\/urun\/egitimci-ve-aileler-icin-etkinlik-cizelgesi-hazirlama-ve-uygulama\/","title":{"rendered":"E\u011fitimci ve Aileler \u0130\u00e7in Etkinlik \u00c7izelgesi Haz\u0131rlama Ve Uygulama"},"content":{"rendered":"<p>Etkinlik \u00e7izelgeleri OSB tan\u0131l\u0131 bireylerin yeti\u015fkinden gelen ipucuna ba\u011f\u0131ml\u0131 olmadan, ba\u011f\u0131ms\u0131z \u015fekilde ya\u015famlar\u0131n\u0131 s\u00fcrd\u00fcrmede bu bireylerin ba\u011f\u0131ms\u0131zl\u0131\u011f\u0131n\u0131 artt\u0131rmada kullan\u0131lan etkili uygulamalardan biridir. Bu uygulaman\u0131n sadece e\u011fitim kurumunda kalmayarak ev ya da sosyal ortamlarda da kullan\u0131lmas\u0131 OSB tan\u0131l\u0131 bireylerin geli\u015fimine h\u0131z kazand\u0131rmaktad\u0131r. Dolay\u0131s\u0131yla kullanma becerisine OSB tan\u0131l\u0131 bireyin bak\u0131m\u0131ndan sorumlu ki\u015filerin, \u00f6zellikle ebeveynlerin sahip olmas\u0131 durumunda OSB tan\u0131l\u0131 bireyin e\u011fitiminin sadece kurum ortam\u0131nda kalmayarak ev ve sosyal ortamlarda da devam\u0131n\u0131 sa\u011flayaca\u011f\u0131ndan e\u011fitim programlar\u0131 geli\u015ftirilerek   Bu kitapta yer alan bilgilerin aile bireyleri, bak\u0131m verenler, e\u011fitimciler, e\u011fitimci adaylar\u0131 gibi OSB tan\u0131l\u0131 bireyin ya\u015fam\u0131nda aktif rol alan ki\u015filerin ba\u011f\u0131ms\u0131z ya\u015fam s\u00fcrd\u00fcrmede g\u00fc\u00e7l\u00fck ya\u015fayan OSB tan\u0131l\u0131 bireylerin ba\u011f\u0131ms\u0131z ya\u015fam becerilerini geli\u015ftirmek suretiyle onlar\u0131n ba\u011f\u0131ms\u0131z ya\u015famalar\u0131n\u0131 destekleyebilmeleri i\u00e7in etkili bir uygulama olan etkinlik \u00e7izelgesi uygulamas\u0131n\u0131n kullan\u0131m\u0131 anlat\u0131lmaktad\u0131r.<\/p>\n","protected":false},"excerpt":{"rendered":"<p>Etkinlik \u00e7izelgeleri OSB tan\u0131l\u0131 bireylerin yeti\u015fkinden gelen ipucuna ba\u011f\u0131ml\u0131 olmadan, ba\u011f\u0131ms\u0131z \u015fekilde ya\u015famlar\u0131n\u0131 s\u00fcrd\u00fcrmede bu bireylerin ba\u011f\u0131ms\u0131zl\u0131\u011f\u0131n\u0131 artt\u0131rmada kullan\u0131lan etkili uygulamalardan biridir. Bu uygulaman\u0131n sadece e\u011fitim<span class=\"excerpt-hellip\"> [\u2026]<\/span><\/p>\n","protected":false},"featured_media":0,"template":"","meta":{"_monsterinsights_skip_tracking":false,"_monsterinsights_sitenote_active":false,"_monsterinsights_sitenote_note":"","_monsterinsights_sitenote_category":0},"product_brand":[],"product_cat":[12573,12566],"product_tag":[],"class_list":{"0":"post-749531","1":"product","2":"type-product","3":"status-publish","5":"product_cat-akademik-kitaplar","6":"product_cat-egitim","7":"pa_cilt-ciltsiz","8":"pa_tur-kitap","9":"pa_yayinevi-egiten-kitap","10":"pa_yazar-meryem-ucar-rasmussen-ilknur-cifci-tekinarslan","12":"first","13":"instock","14":"sale","15":"shipping-taxable","16":"purchasable","17":"product-type-simple"},"_links":{"self":[{"href":"https:\/\/roveyayinevi.com.tr\/index.php\/wp-json\/wp\/v2\/product\/749531","targetHints":{"allow":["GET"]}}],"collection":[{"href":"https:\/\/roveyayinevi.com.tr\/index.php\/wp-json\/wp\/v2\/product"}],"about":[{"href":"https:\/\/roveyayinevi.com.tr\/index.php\/wp-json\/wp\/v2\/types\/product"}],"wp:attachment":[{"href":"https:\/\/roveyayinevi.com.tr\/index.php\/wp-json\/wp\/v2\/media?parent=749531"}],"wp:term":[{"taxonomy":"product_brand","embeddable":true,"href":"https:\/\/roveyayinevi.com.tr\/index.php\/wp-json\/wp\/v2\/product_brand?post=749531"},{"taxonomy":"product_cat","embeddable":true,"href":"https:\/\/roveyayinevi.com.tr\/index.php\/wp-json\/wp\/v2\/product_cat?post=749531"},{"taxonomy":"product_tag","embeddable":true,"href":"https:\/\/roveyayinevi.com.tr\/index.php\/wp-json\/wp\/v2\/product_tag?post=749531"}],"curies":[{"name":"wp","href":"https:\/\/api.w.org\/{rel}","templated":true}]}}