{"id":749530,"date":"2025-08-28T03:58:23","date_gmt":"2025-08-28T00:58:23","guid":{"rendered":"https:\/\/roveyayinevi.com.tr\/index.php\/urun\/egitimde-oyun-oyunlastirma-ve-oyunlastirilmis-ders-planlari\/"},"modified":"2026-04-16T03:03:05","modified_gmt":"2026-04-16T00:03:05","slug":"egitimde-oyun-oyunlastirma-ve-oyunlastirilmis-ders-planlari","status":"publish","type":"product","link":"https:\/\/roveyayinevi.com.tr\/index.php\/urun\/egitimde-oyun-oyunlastirma-ve-oyunlastirilmis-ders-planlari\/","title":{"rendered":"E\u011fitimde Oyun, Oyunla\u015ft\u0131rma ve Oyunla\u015ft\u0131r\u0131lm\u0131\u015f Ders Planlar\u0131"},"content":{"rendered":"<p>Oyunlar\u0131n e\u011flenceli bir etkinlik olmas\u0131n\u0131n yan\u0131 s\u0131ra \u00e7ocuklar\u0131n geli\u015fimi ve \u00f6\u011frenmelerinde \u00f6nemli bir yere sahip olmas\u0131, oyunlar\u0131n \u00f6\u011fretim s\u00fcre\u00e7lerinin i\u00e7erisine girmesini gerektirmi\u015ftir. Oyunla\u015ft\u0131rma; \u00f6\u011frenenlerin \u00f6\u011frenmeye y\u00f6nelik motivasyonlar\u0131n\u0131 ve inan\u00e7lar\u0131n\u0131 artt\u0131rmak, \u00f6\u011frenme s\u00fcrecini ve bu s\u00fcre\u00e7te kullan\u0131lan ara\u00e7lar\u0131 daha \u00e7ok ilgi \u00e7ekici, merak uyand\u0131r\u0131c\u0131 ve e\u011flenceli bir hale getirmek i\u00e7in kullan\u0131labilecek etkili bir \u00f6\u011fretim yakla\u015f\u0131m\u0131d\u0131r. E\u011fitimde oyunla\u015ft\u0131rma ise; bireylerin do\u011fas\u0131ndaki sosyal etki, anlam, ba\u015farma, g\u00fc\u00e7lenme gibi arzular\u0131n\u0131 \u00f6\u011frenmeyle birle\u015ftirmektedir. Dikkat s\u00fcreleri her ge\u00e7en g\u00fcn azalan bir neslin e\u011fitiminde yeni yakla\u015f\u0131mlar\u0131n kullan\u0131lmas\u0131 ve ders tasar\u0131mlar\u0131na yans\u0131mas\u0131 ka\u00e7\u0131n\u0131lmaz olmu\u015ftur.   Bu yakla\u015f\u0131m\u0131 kullan\u0131rken yaln\u0131zca s\u0131n\u0131flar\u0131m\u0131zda oyun oynatarak de\u011fil Mill\u00ee E\u011fitim Bakanl\u0131\u011f\u0131 kazan\u0131mlar\u0131na uygun olarak oyunla\u015ft\u0131r\u0131lm\u0131\u015f ders planlar\u0131 haz\u0131rlama ve uygulama fikriyle \u00e7\u0131kt\u0131\u011f\u0131m\u0131z bu yolda alanda g\u00f6rev yapan ve s\u0131n\u0131flar\u0131nda oyunla\u015ft\u0131r\u0131lm\u0131\u015f i\u00e7erikler kullanan \u00f6\u011fretmenlerin ald\u0131klar\u0131 e\u011fitimler sonucunda haz\u0131rlad\u0131klar\u0131 ders planlar\u0131 yer almaktad\u0131r. Derslerimde oyunla\u015ft\u0131rma kullanmak istiyorum ancak nereden ba\u015flayabilirim diye soran \u00f6\u011fretmenlerimiz i\u00e7in bu kitap \u00e7ok iyi bir ba\u015flang\u0131\u00e7 noktas\u0131 olacakt\u0131r. Oyun, oyunla\u015ft\u0131rma ve e\u011fitimde oyunla\u015ft\u0131rma ile ilgili teorik bilginin yer ald\u0131\u011f\u0131, her s\u0131n\u0131f seviyesinden ve bran\u015ftan bir plan\u0131n olmas\u0131na dikkat ederek haz\u0131rlad\u0131\u011f\u0131m\u0131z kitapta \u00f6\u011fretmenlerimiz ders planlar\u0131nda ad\u0131 ge\u00e7en rozetleri, etkinlikleri planlar\u0131n i\u00e7erisinde bulabilecek ve bunlar\u0131 \u00e7o\u011faltarak kendi s\u0131n\u0131flar\u0131nda rahatl\u0131kla uygulayabilecekler. Ayr\u0131ca ders planlar\u0131nda yer alan dijital oyun ve kaynaklara da yerle\u015ftirdi\u011fimiz QR kodlar sayesinde h\u0131zl\u0131ca ula\u015fabilecekler. B\u00fcy\u00fck bir ekibin, uzun bir \u00e7al\u0131\u015fma s\u00fcreci sonucunda haz\u0131rlad\u0131\u011f\u0131 bu kitap alanda \u00e7al\u0131\u015fan t\u00fcm e\u011fitimcilere zengin bir i\u00e7erik sunmaktad\u0131r.<\/p>\n","protected":false},"excerpt":{"rendered":"<p>Oyunlar\u0131n e\u011flenceli bir etkinlik olmas\u0131n\u0131n yan\u0131 s\u0131ra \u00e7ocuklar\u0131n geli\u015fimi ve \u00f6\u011frenmelerinde \u00f6nemli bir yere sahip olmas\u0131, oyunlar\u0131n \u00f6\u011fretim s\u00fcre\u00e7lerinin i\u00e7erisine girmesini gerektirmi\u015ftir. Oyunla\u015ft\u0131rma; \u00f6\u011frenenlerin \u00f6\u011frenmeye y\u00f6nelik<span class=\"excerpt-hellip\"> [\u2026]<\/span><\/p>\n","protected":false},"featured_media":0,"template":"","meta":{"_monsterinsights_skip_tracking":false,"_monsterinsights_sitenote_active":false,"_monsterinsights_sitenote_note":"","_monsterinsights_sitenote_category":0},"product_brand":[],"product_cat":[12573,12566],"product_tag":[],"class_list":{"0":"post-749530","1":"product","2":"type-product","3":"status-publish","5":"product_cat-akademik-kitaplar","6":"product_cat-egitim","7":"pa_cilt-ciltsiz","8":"pa_tur-kitap","9":"pa_yayinevi-egiten-kitap","10":"pa_yazar-kolektif","12":"first","13":"instock","14":"sale","15":"shipping-taxable","16":"purchasable","17":"product-type-simple"},"_links":{"self":[{"href":"https:\/\/roveyayinevi.com.tr\/index.php\/wp-json\/wp\/v2\/product\/749530","targetHints":{"allow":["GET"]}}],"collection":[{"href":"https:\/\/roveyayinevi.com.tr\/index.php\/wp-json\/wp\/v2\/product"}],"about":[{"href":"https:\/\/roveyayinevi.com.tr\/index.php\/wp-json\/wp\/v2\/types\/product"}],"wp:attachment":[{"href":"https:\/\/roveyayinevi.com.tr\/index.php\/wp-json\/wp\/v2\/media?parent=749530"}],"wp:term":[{"taxonomy":"product_brand","embeddable":true,"href":"https:\/\/roveyayinevi.com.tr\/index.php\/wp-json\/wp\/v2\/product_brand?post=749530"},{"taxonomy":"product_cat","embeddable":true,"href":"https:\/\/roveyayinevi.com.tr\/index.php\/wp-json\/wp\/v2\/product_cat?post=749530"},{"taxonomy":"product_tag","embeddable":true,"href":"https:\/\/roveyayinevi.com.tr\/index.php\/wp-json\/wp\/v2\/product_tag?post=749530"}],"curies":[{"name":"wp","href":"https:\/\/api.w.org\/{rel}","templated":true}]}}