{"id":749526,"date":"2025-08-28T03:58:17","date_gmt":"2025-08-28T00:58:17","guid":{"rendered":"https:\/\/roveyayinevi.com.tr\/index.php\/urun\/kediler-kriz-dinlemez-karton-kapak\/"},"modified":"2026-04-16T03:03:05","modified_gmt":"2026-04-16T00:03:05","slug":"kediler-kriz-dinlemez-karton-kapak","status":"publish","type":"product","link":"https:\/\/roveyayinevi.com.tr\/index.php\/urun\/kediler-kriz-dinlemez-karton-kapak\/","title":{"rendered":"Kediler Kriz Dinlemez- Karton Kapak"},"content":{"rendered":"<p>Eyl\u00fcl ay\u0131 geldi\u011fi i\u00e7in morali bozulan Fahri, tatil g\u00fcnlerini hesaplamaya ba\u015flar. Yeni Mill\u00ee E\u011fitim Bakan\u0131\u2019n\u0131n g\u00f6reve ba\u015flad\u0131\u011f\u0131n\u0131 duyan ikili uzun bir istek listesi haz\u0131rlarken yeni okul m\u00fcd\u00fcr\u00fcyle yak\u0131n ili\u015fkiler kurmay\u0131 da ihmal etmezler. Bir haftal\u0131k okul tatilinde \u00e7ayc\u0131l\u0131k kariyerine odaklanan iki arkada\u015f\u0131n har\u00e7l\u0131klar\u0131, kedileri Cimcime\u2019yi doyurmak i\u00e7in yeterli olacak m\u0131? Fikri ve Fahri, artan fiyatlar kar\u015f\u0131s\u0131nda krizle nas\u0131l ba\u015fa \u00e7\u0131kacak? Okulda verilen bir \u00f6dev sebebiyle Fikri solu\u011fu u\u00e7ak kokpitinde al\u0131rken Fahri ise lokantalar\u0131n yolunu tutar. Fikri ile Fahri\u2019nin yeni maceralar\u0131 Fikri Bol Fikri dizisinin 7. kitab\u0131yla devam ediyor.<\/p>\n","protected":false},"excerpt":{"rendered":"<p>Eyl\u00fcl ay\u0131 geldi\u011fi i\u00e7in morali bozulan Fahri, tatil g\u00fcnlerini hesaplamaya ba\u015flar. Yeni Mill\u00ee E\u011fitim Bakan\u0131\u2019n\u0131n g\u00f6reve ba\u015flad\u0131\u011f\u0131n\u0131 duyan ikili uzun bir istek listesi haz\u0131rlarken yeni okul<span class=\"excerpt-hellip\"> [\u2026]<\/span><\/p>\n","protected":false},"featured_media":0,"template":"","meta":{"_monsterinsights_skip_tracking":false,"_monsterinsights_sitenote_active":false,"_monsterinsights_sitenote_note":"","_monsterinsights_sitenote_category":0},"product_brand":[],"product_cat":[12291,12711],"product_tag":[],"class_list":{"0":"post-749526","1":"product","2":"type-product","3":"status-publish","5":"product_cat-edebiyat","6":"product_cat-roman-oyku","7":"pa_cilt-ciltsiz","8":"pa_tur-kitap","9":"pa_yayinevi-dus-degirmeni","10":"pa_yazar-nehir-aydin-gokduman","12":"first","13":"instock","14":"sale","15":"shipping-taxable","16":"purchasable","17":"product-type-simple"},"_links":{"self":[{"href":"https:\/\/roveyayinevi.com.tr\/index.php\/wp-json\/wp\/v2\/product\/749526","targetHints":{"allow":["GET"]}}],"collection":[{"href":"https:\/\/roveyayinevi.com.tr\/index.php\/wp-json\/wp\/v2\/product"}],"about":[{"href":"https:\/\/roveyayinevi.com.tr\/index.php\/wp-json\/wp\/v2\/types\/product"}],"wp:attachment":[{"href":"https:\/\/roveyayinevi.com.tr\/index.php\/wp-json\/wp\/v2\/media?parent=749526"}],"wp:term":[{"taxonomy":"product_brand","embeddable":true,"href":"https:\/\/roveyayinevi.com.tr\/index.php\/wp-json\/wp\/v2\/product_brand?post=749526"},{"taxonomy":"product_cat","embeddable":true,"href":"https:\/\/roveyayinevi.com.tr\/index.php\/wp-json\/wp\/v2\/product_cat?post=749526"},{"taxonomy":"product_tag","embeddable":true,"href":"https:\/\/roveyayinevi.com.tr\/index.php\/wp-json\/wp\/v2\/product_tag?post=749526"}],"curies":[{"name":"wp","href":"https:\/\/api.w.org\/{rel}","templated":true}]}}