{"id":749523,"date":"2025-08-28T03:58:13","date_gmt":"2025-08-28T00:58:13","guid":{"rendered":"https:\/\/roveyayinevi.com.tr\/index.php\/urun\/cocuklari-ve-gencleri-anlamak\/"},"modified":"2026-04-16T03:03:05","modified_gmt":"2026-04-16T00:03:05","slug":"cocuklari-ve-gencleri-anlamak","status":"publish","type":"product","link":"https:\/\/roveyayinevi.com.tr\/index.php\/urun\/cocuklari-ve-gencleri-anlamak\/","title":{"rendered":"\u00c7ocuklar\u0131 ve Gen\u00e7leri Anlamak"},"content":{"rendered":"<p>\u00c7ocuk ve gen\u00e7lere, psikolojik geli\u015fimleri boyunca deneyimledikleri d\u00fc\u015f\u00fck benlik sayg\u0131s\u0131, depresyon, korku, endi\u015fe ve \u00f6fke gibi durumlardan ihtiya\u00e7 duyduklar\u0131 g\u00fcvenli alana nas\u0131l ge\u00e7eceklerini g\u00f6stermek elbette kolay de\u011fildir. \u00c7ocuklar\u0131 ve Gen\u00e7leri Anlamak, hayatlar\u0131n\u0131n \u00f6nemli bir ge\u00e7i\u015f noktas\u0131nda olan \u00e7ocuklar\u0131m\u0131z ve \u00f6\u011frencilerimizle daha sa\u011flam bir ileti\u015fim kurman\u0131n m\u00fcmk\u00fcn oldu\u011funu g\u00f6stermek i\u00e7in yaz\u0131ld\u0131. Judy Bartkowiak, \u00e7ocuk ve gen\u00e7lerin dile getirdiklerinin ard\u0131nda gizlenen hislerin, farkl\u0131 teknikler kullanarak g\u00fcn y\u00fcz\u00fcne \u00e7\u0131kabilece\u011fi inanc\u0131nda.\u00c7ocuklar, gen\u00e7ler ve ebeveynlerle \u00e7al\u0131\u015fma alan\u0131nda uzmanl\u0131\u011f\u0131 olan Bartkowiak, terapist ve NLP-EFT e\u011fitmeni kimli\u011finin yan\u0131 s\u0131ra yazarl\u0131\u011f\u0131yla da alan\u0131na \u00f6nemli \u00f6l\u00e7\u00fcde y\u00f6n veriyor. Bu kitap da Bartkowiak\u2019\u0131n \u00e7ocuk ve gen\u00e7 dan\u0131\u015fanlar\u0131yla \u00e7al\u0131\u015f\u0131rken edindi\u011fi yirmi y\u0131ll\u0131k deneyimin verimli bir neticesi. B\u00f6ylelikle evinde, okulunda, \u00e7evresinde kendisinden ya\u015f\u00e7a k\u00fc\u00e7\u00fck bireylere bilin\u00e7li bir \u015fekilde e\u015flik etmek isteyen herkes bu kitapta ihtiyac\u0131 olan\u0131 bulabilecek.<\/p>\n","protected":false},"excerpt":{"rendered":"<p>\u00c7ocuk ve gen\u00e7lere, psikolojik geli\u015fimleri boyunca deneyimledikleri d\u00fc\u015f\u00fck benlik sayg\u0131s\u0131, depresyon, korku, endi\u015fe ve \u00f6fke gibi durumlardan ihtiya\u00e7 duyduklar\u0131 g\u00fcvenli alana nas\u0131l ge\u00e7eceklerini g\u00f6stermek elbette kolay<span class=\"excerpt-hellip\"> [\u2026]<\/span><\/p>\n","protected":false},"featured_media":0,"template":"","meta":{"_monsterinsights_skip_tracking":false,"_monsterinsights_sitenote_active":false,"_monsterinsights_sitenote_note":"","_monsterinsights_sitenote_category":0},"product_brand":[],"product_cat":[14787,13488],"product_tag":[],"class_list":{"0":"post-749523","1":"product","2":"type-product","3":"status-publish","5":"product_cat-diger-toplum-ve-insan","6":"product_cat-toplum-ve-insan","7":"pa_cilt-ciltsiz","8":"pa_tur-kitap","9":"pa_yayinevi-erdem-yayinlari","10":"pa_yazar-judy-bartkowiak","12":"first","13":"instock","14":"sale","15":"shipping-taxable","16":"purchasable","17":"product-type-simple"},"_links":{"self":[{"href":"https:\/\/roveyayinevi.com.tr\/index.php\/wp-json\/wp\/v2\/product\/749523","targetHints":{"allow":["GET"]}}],"collection":[{"href":"https:\/\/roveyayinevi.com.tr\/index.php\/wp-json\/wp\/v2\/product"}],"about":[{"href":"https:\/\/roveyayinevi.com.tr\/index.php\/wp-json\/wp\/v2\/types\/product"}],"wp:attachment":[{"href":"https:\/\/roveyayinevi.com.tr\/index.php\/wp-json\/wp\/v2\/media?parent=749523"}],"wp:term":[{"taxonomy":"product_brand","embeddable":true,"href":"https:\/\/roveyayinevi.com.tr\/index.php\/wp-json\/wp\/v2\/product_brand?post=749523"},{"taxonomy":"product_cat","embeddable":true,"href":"https:\/\/roveyayinevi.com.tr\/index.php\/wp-json\/wp\/v2\/product_cat?post=749523"},{"taxonomy":"product_tag","embeddable":true,"href":"https:\/\/roveyayinevi.com.tr\/index.php\/wp-json\/wp\/v2\/product_tag?post=749523"}],"curies":[{"name":"wp","href":"https:\/\/api.w.org\/{rel}","templated":true}]}}