{"id":749522,"date":"2025-08-28T03:58:12","date_gmt":"2025-08-28T00:58:12","guid":{"rendered":"https:\/\/roveyayinevi.com.tr\/index.php\/urun\/cocugum-kitap-okumayi-nasil-sevdi\/"},"modified":"2026-04-16T03:03:05","modified_gmt":"2026-04-16T00:03:05","slug":"cocugum-kitap-okumayi-nasil-sevdi","status":"publish","type":"product","link":"https:\/\/roveyayinevi.com.tr\/index.php\/urun\/cocugum-kitap-okumayi-nasil-sevdi\/","title":{"rendered":"\u00c7ocu\u011fum Kitap Okumay\u0131 Nas\u0131l Sevdi"},"content":{"rendered":"<p>Okul ba\u015far\u0131s\u0131, bili\u015fsel geli\u015fim, genel ku\u0308ltu\u0308r, kendini ifade etme ve tart\u0131\u015fma kapasitesi, zengin s\u00f6zcu\u0308k da\u011farc\u0131\u011f\u0131, empati\u2026 Kitap okumaya neredeyse sihirli g\u00fc\u00e7ler atfederiz! \u00d6te yandan, sadece mangalara dalm\u0131\u015f, kitaplar\u0131 bir yana b\u0131rakm\u0131\u015f, Harry Potter\u2019dan sonra ba\u015fka bir \u015fey okumak istemeyen ya da en k\u00f6t\u00fcs\u00fc\u0308, okumay\u0131 sevmedi\u011fini s\u00f6yleyen bir \u00e7ocu\u011fun ilgisini uyand\u0131rmak her zaman kolay de\u011fildir! Peki, ya okuma sevgisine yeniden odaklanmak i\u00e7in becerilerin geli\u015fimini bir kenara b\u0131rak\u0131rsak? \u00c7ocuklar\u0131n\u0131zla kitaplar\u0131n aras\u0131n\u0131 yapmak i\u00e7in hi\u00e7bir zaman ge\u00e7 de\u011fildir! \u00c8ve Herrmann kendi aile deneyimini aktar\u0131rken ger\u00e7ek hik\u00e2yelere ve uzman g\u00f6r\u00fc\u015flerine yer vererek, okuma sevgisine yol a\u00e7an aktar\u0131m mekanizmas\u0131n\u0131n \u015fifrelerini \u00e7\u00f6z\u00fcyor. \u00dcstelik \u00e7ok k\u00fc\u00e7\u00fcklere yap\u0131lan ilk okumalardan, daha b\u00fcy\u00fcklerle bir roman \u00e7evresinde yap\u0131lan payla\u015f\u0131mlara kadar. Yazara g\u00f6re \u00e7ocuklar\u0131yla birlikte y\u00fcksek sesle okuma prati\u011fi, aile i\u00e7inde ortak bir ku\u0308ltu\u0308ru\u0308n ve aile \u00fcyeleri aras\u0131nda g\u00fc\u00e7l\u00fc\u0308 bir ili\u015fkinin temeli. Yazar metnini se\u00e7kin \u00e7ocukluk okumalar\u0131yla s\u00fcsl\u00fcyor ve ba\u015flamak i\u00e7in fikirler veriyor \u00e7u\u0308nku\u0308 gen\u00e7 ya\u015fta ba\u015flarsa insan \u00f6mu\u0308r boyu okur!<\/p>\n","protected":false},"excerpt":{"rendered":"<p>Okul ba\u015far\u0131s\u0131, bili\u015fsel geli\u015fim, genel ku\u0308ltu\u0308r, kendini ifade etme ve tart\u0131\u015fma kapasitesi, zengin s\u00f6zcu\u0308k da\u011farc\u0131\u011f\u0131, empati\u2026 Kitap okumaya neredeyse sihirli g\u00fc\u00e7ler atfederiz! \u00d6te yandan, sadece mangalara<span class=\"excerpt-hellip\"> [\u2026]<\/span><\/p>\n","protected":false},"featured_media":0,"template":"","meta":{"_monsterinsights_skip_tracking":false,"_monsterinsights_sitenote_active":false,"_monsterinsights_sitenote_note":"","_monsterinsights_sitenote_category":0},"product_brand":[],"product_cat":[12831,12324],"product_tag":[],"class_list":{"0":"post-749522","1":"product","2":"type-product","3":"status-publish","5":"product_cat-aile-ve-cocuk","6":"product_cat-sosyoloji","7":"pa_cilt-ciltsiz","8":"pa_tur-kitap","9":"pa_yayinevi-erdem-yayinlari","10":"pa_yazar-eve-herrmann","12":"first","13":"instock","14":"sale","15":"shipping-taxable","16":"purchasable","17":"product-type-simple"},"_links":{"self":[{"href":"https:\/\/roveyayinevi.com.tr\/index.php\/wp-json\/wp\/v2\/product\/749522","targetHints":{"allow":["GET"]}}],"collection":[{"href":"https:\/\/roveyayinevi.com.tr\/index.php\/wp-json\/wp\/v2\/product"}],"about":[{"href":"https:\/\/roveyayinevi.com.tr\/index.php\/wp-json\/wp\/v2\/types\/product"}],"wp:attachment":[{"href":"https:\/\/roveyayinevi.com.tr\/index.php\/wp-json\/wp\/v2\/media?parent=749522"}],"wp:term":[{"taxonomy":"product_brand","embeddable":true,"href":"https:\/\/roveyayinevi.com.tr\/index.php\/wp-json\/wp\/v2\/product_brand?post=749522"},{"taxonomy":"product_cat","embeddable":true,"href":"https:\/\/roveyayinevi.com.tr\/index.php\/wp-json\/wp\/v2\/product_cat?post=749522"},{"taxonomy":"product_tag","embeddable":true,"href":"https:\/\/roveyayinevi.com.tr\/index.php\/wp-json\/wp\/v2\/product_tag?post=749522"}],"curies":[{"name":"wp","href":"https:\/\/api.w.org\/{rel}","templated":true}]}}