{"id":749521,"date":"2025-08-28T03:58:11","date_gmt":"2025-08-28T00:58:11","guid":{"rendered":"https:\/\/roveyayinevi.com.tr\/index.php\/urun\/kutuphaneye-oyunla-merhaba\/"},"modified":"2026-04-12T03:06:31","modified_gmt":"2026-04-12T00:06:31","slug":"kutuphaneye-oyunla-merhaba","status":"publish","type":"product","link":"https:\/\/roveyayinevi.com.tr\/index.php\/urun\/kutuphaneye-oyunla-merhaba\/","title":{"rendered":"K\u00fct\u00fcphaneye Oyunla Merhaba"},"content":{"rendered":"<p>K\u00fct\u00fcphanelerin g\u00fcn\u00fcm\u00fczde kitaplara ula\u015fabilece\u011fimiz bir yer olmaktan daha b\u00fcy\u00fck bir i\u015flevi var. \u0130nsanlar art\u0131k k\u00fct\u00fcphanelerde bilgi ve deneyimlerini payla\u015fabiliyorlar. Bebek ve \u00e7ocuk k\u00fct\u00fcphaneleri de hem erken okuryazarl\u0131k becerilerinin hem de sosyal-duygusal becerilerin geli\u015fiminde \u00f6nemli bir konuma sahip.Bu kitap da \u00e7ocuklar\u0131n geli\u015fimine katk\u0131 sa\u011flamak isteyen k\u00fct\u00fcphanecilerin, k\u00fct\u00fcphane e\u011fitimcilerinin ve k\u00fct\u00fcphane g\u00f6n\u00fcll\u00fclerinin k\u00fct\u00fcphanede uygulayabilecekleri oyunlar\u0131 ve etkinlikleri i\u00e7ermektedir.<\/p>\n","protected":false},"excerpt":{"rendered":"<p>K\u00fct\u00fcphanelerin g\u00fcn\u00fcm\u00fczde kitaplara ula\u015fabilece\u011fimiz bir yer olmaktan daha b\u00fcy\u00fck bir i\u015flevi var. \u0130nsanlar art\u0131k k\u00fct\u00fcphanelerde bilgi ve deneyimlerini payla\u015fabiliyorlar. Bebek ve \u00e7ocuk k\u00fct\u00fcphaneleri de hem erken<span class=\"excerpt-hellip\"> [\u2026]<\/span><\/p>\n","protected":false},"featured_media":0,"template":"","meta":{"_monsterinsights_skip_tracking":false,"_monsterinsights_sitenote_active":false,"_monsterinsights_sitenote_note":"","_monsterinsights_sitenote_category":0},"product_brand":[],"product_cat":[12364,12376],"product_tag":[],"class_list":{"0":"post-749521","1":"product","2":"type-product","3":"status-publish","5":"product_cat-genel-konular","6":"product_cat-kisisel-gelisim","7":"pa_cilt-ciltsiz","8":"pa_tur-kitap","9":"pa_yayinevi-erdem-yayinlari","10":"pa_yazar-feyza-y-irem-b","11":"pa_yazar-sehnaz-ceylan","12":"pa_yazar-yeliz-b","14":"first","15":"instock","16":"sale","17":"shipping-taxable","18":"purchasable","19":"product-type-simple"},"_links":{"self":[{"href":"https:\/\/roveyayinevi.com.tr\/index.php\/wp-json\/wp\/v2\/product\/749521","targetHints":{"allow":["GET"]}}],"collection":[{"href":"https:\/\/roveyayinevi.com.tr\/index.php\/wp-json\/wp\/v2\/product"}],"about":[{"href":"https:\/\/roveyayinevi.com.tr\/index.php\/wp-json\/wp\/v2\/types\/product"}],"wp:attachment":[{"href":"https:\/\/roveyayinevi.com.tr\/index.php\/wp-json\/wp\/v2\/media?parent=749521"}],"wp:term":[{"taxonomy":"product_brand","embeddable":true,"href":"https:\/\/roveyayinevi.com.tr\/index.php\/wp-json\/wp\/v2\/product_brand?post=749521"},{"taxonomy":"product_cat","embeddable":true,"href":"https:\/\/roveyayinevi.com.tr\/index.php\/wp-json\/wp\/v2\/product_cat?post=749521"},{"taxonomy":"product_tag","embeddable":true,"href":"https:\/\/roveyayinevi.com.tr\/index.php\/wp-json\/wp\/v2\/product_tag?post=749521"}],"curies":[{"name":"wp","href":"https:\/\/api.w.org\/{rel}","templated":true}]}}