{"id":749520,"date":"2025-08-28T03:58:10","date_gmt":"2025-08-28T00:58:10","guid":{"rendered":"https:\/\/roveyayinevi.com.tr\/index.php\/urun\/bebegin-dilinden-oyunlar\/"},"modified":"2026-04-16T03:03:05","modified_gmt":"2026-04-16T00:03:05","slug":"bebegin-dilinden-oyunlar","status":"publish","type":"product","link":"https:\/\/roveyayinevi.com.tr\/index.php\/urun\/bebegin-dilinden-oyunlar\/","title":{"rendered":"Bebe\u011fin Dilinden Oyunlar"},"content":{"rendered":"<p>Oyun, bir bebe\u011fin geli\u015fimini desteklemenin en iyi yoludur. Ya\u015fam\u0131n ilk y\u0131llar\u0131nda t\u00fcm geli\u015fim alanlar\u0131 oyun yard\u0131m\u0131yla desteklenebilir. Ayn\u0131 zamanda bebek ve ebeveyn aras\u0131nda sa\u011fl\u0131kl\u0131 bir ba\u011f kurmak i\u00e7in de etkili bir yoldur.Bu kitapta 0-3 ya\u015f d\u00f6nemindeki bebe\u011finizle oynayabilece\u011finiz oyunlar, bebe\u011finizin geli\u015fimine dair notlar ve ipu\u00e7lar\u0131 bulacaks\u0131n\u0131z.<\/p>\n","protected":false},"excerpt":{"rendered":"<p>Oyun, bir bebe\u011fin geli\u015fimini desteklemenin en iyi yoludur. Ya\u015fam\u0131n ilk y\u0131llar\u0131nda t\u00fcm geli\u015fim alanlar\u0131 oyun yard\u0131m\u0131yla desteklenebilir. Ayn\u0131 zamanda bebek ve ebeveyn aras\u0131nda sa\u011fl\u0131kl\u0131 bir ba\u011f<span class=\"excerpt-hellip\"> [\u2026]<\/span><\/p>\n","protected":false},"featured_media":0,"template":"","meta":{"_monsterinsights_skip_tracking":false,"_monsterinsights_sitenote_active":false,"_monsterinsights_sitenote_note":"","_monsterinsights_sitenote_category":0},"product_brand":[],"product_cat":[12831,12324],"product_tag":[],"class_list":{"0":"post-749520","1":"product","2":"type-product","3":"status-publish","5":"product_cat-aile-ve-cocuk","6":"product_cat-sosyoloji","7":"pa_cilt-ciltsiz","8":"pa_tur-kitap","9":"pa_yayinevi-erdem-yayinlari","10":"pa_yazar-feyza-y-irem-b","11":"pa_yazar-sehnaz-ceylan","12":"pa_yazar-yeliz-b","14":"first","15":"instock","16":"sale","17":"shipping-taxable","18":"purchasable","19":"product-type-simple"},"_links":{"self":[{"href":"https:\/\/roveyayinevi.com.tr\/index.php\/wp-json\/wp\/v2\/product\/749520","targetHints":{"allow":["GET"]}}],"collection":[{"href":"https:\/\/roveyayinevi.com.tr\/index.php\/wp-json\/wp\/v2\/product"}],"about":[{"href":"https:\/\/roveyayinevi.com.tr\/index.php\/wp-json\/wp\/v2\/types\/product"}],"wp:attachment":[{"href":"https:\/\/roveyayinevi.com.tr\/index.php\/wp-json\/wp\/v2\/media?parent=749520"}],"wp:term":[{"taxonomy":"product_brand","embeddable":true,"href":"https:\/\/roveyayinevi.com.tr\/index.php\/wp-json\/wp\/v2\/product_brand?post=749520"},{"taxonomy":"product_cat","embeddable":true,"href":"https:\/\/roveyayinevi.com.tr\/index.php\/wp-json\/wp\/v2\/product_cat?post=749520"},{"taxonomy":"product_tag","embeddable":true,"href":"https:\/\/roveyayinevi.com.tr\/index.php\/wp-json\/wp\/v2\/product_tag?post=749520"}],"curies":[{"name":"wp","href":"https:\/\/api.w.org\/{rel}","templated":true}]}}