{"id":749519,"date":"2025-08-28T03:58:09","date_gmt":"2025-08-28T00:58:09","guid":{"rendered":"https:\/\/roveyayinevi.com.tr\/index.php\/urun\/rahatla-oyna-buyu\/"},"modified":"2026-04-16T03:03:05","modified_gmt":"2026-04-16T00:03:05","slug":"rahatla-oyna-buyu","status":"publish","type":"product","link":"https:\/\/roveyayinevi.com.tr\/index.php\/urun\/rahatla-oyna-buyu\/","title":{"rendered":"Rahatla Oyna B\u00fcy\u00fc"},"content":{"rendered":"<p>D\u00fcnyan\u0131n \u00f6nde gelen \u00e7ocuk geli\u015fimi uzmanlar\u0131ndan birinin \u00e7al\u0131\u015fmas\u0131na dayanan Rahatla, Oyna, B\u00fcy\u00fc; okul \u00f6ncesi \u00e7a\u011fdaki her \u00e7ocu\u011fun anla\u015f\u0131lmay\u0131 bekledi\u011fi konular hakk\u0131nda geli\u015fimsel bir yol haritas\u0131 sunuyor.Onlar\u0131 anlaman\u0131n, dijitalle\u015fen d\u00fcnyada koruyabilmenin, olgunluk \u00f6ncesi d\u00f6nemlerinde su\u00e7lay\u0131c\u0131 olmak yerine g\u00fcvenli ba\u011flanmay\u0131 sa\u011flayabilmenin \u00f6nemini delillendirerek a\u00e7\u0131klayan ve \u00e7\u00f6z\u00fcmleyen bu kitap; \u00e7ocuklar\u0131n\u0131zla ileti\u015fimsizli\u011fin, \u00f6fke ve g\u00f6zya\u015f\u0131 n\u00f6betlerinin endi\u015fesi i\u00e7erisinde kald\u0131\u011f\u0131n\u0131z anlar i\u00e7in ba\u015fvuraca\u011f\u0131n\u0131z bir rehber olacak.Rahatla, Oyna, B\u00fcy\u00fc; \u00e7ocuklar RAHATLASIN, b\u00f6ylece OYNASIN ve B\u00dcY\u00dcS\u00dcN diye, bir yeti\u015fkinin nas\u0131l \u00e7al\u0131\u015fmas\u0131 gerekti\u011fini anlat\u0131yor.Siz \u00e7ocuklar\u0131n\u0131z\u0131 yeti\u015ftirirken onlar\u0131n da sizi nas\u0131l b\u00fcy\u00fctt\u00fc\u011f\u00fcne dair bir anlam yolculu\u011funa \u00e7\u0131kmaya ne dersiniz?<\/p>\n","protected":false},"excerpt":{"rendered":"<p>D\u00fcnyan\u0131n \u00f6nde gelen \u00e7ocuk geli\u015fimi uzmanlar\u0131ndan birinin \u00e7al\u0131\u015fmas\u0131na dayanan Rahatla, Oyna, B\u00fcy\u00fc; okul \u00f6ncesi \u00e7a\u011fdaki her \u00e7ocu\u011fun anla\u015f\u0131lmay\u0131 bekledi\u011fi konular hakk\u0131nda geli\u015fimsel bir yol haritas\u0131 sunuyor.Onlar\u0131<span class=\"excerpt-hellip\"> [\u2026]<\/span><\/p>\n","protected":false},"featured_media":0,"template":"","meta":{"_monsterinsights_skip_tracking":false,"_monsterinsights_sitenote_active":false,"_monsterinsights_sitenote_note":"","_monsterinsights_sitenote_category":0},"product_brand":[],"product_cat":[14787,13488],"product_tag":[],"class_list":{"0":"post-749519","1":"product","2":"type-product","3":"status-publish","5":"product_cat-diger-toplum-ve-insan","6":"product_cat-toplum-ve-insan","7":"pa_cilt-ciltsiz","8":"pa_tur-kitap","9":"pa_yayinevi-erdem-yayinlari","10":"pa_yazar-gordon-neufeld","12":"first","13":"instock","14":"sale","15":"shipping-taxable","16":"purchasable","17":"product-type-simple"},"_links":{"self":[{"href":"https:\/\/roveyayinevi.com.tr\/index.php\/wp-json\/wp\/v2\/product\/749519","targetHints":{"allow":["GET"]}}],"collection":[{"href":"https:\/\/roveyayinevi.com.tr\/index.php\/wp-json\/wp\/v2\/product"}],"about":[{"href":"https:\/\/roveyayinevi.com.tr\/index.php\/wp-json\/wp\/v2\/types\/product"}],"wp:attachment":[{"href":"https:\/\/roveyayinevi.com.tr\/index.php\/wp-json\/wp\/v2\/media?parent=749519"}],"wp:term":[{"taxonomy":"product_brand","embeddable":true,"href":"https:\/\/roveyayinevi.com.tr\/index.php\/wp-json\/wp\/v2\/product_brand?post=749519"},{"taxonomy":"product_cat","embeddable":true,"href":"https:\/\/roveyayinevi.com.tr\/index.php\/wp-json\/wp\/v2\/product_cat?post=749519"},{"taxonomy":"product_tag","embeddable":true,"href":"https:\/\/roveyayinevi.com.tr\/index.php\/wp-json\/wp\/v2\/product_tag?post=749519"}],"curies":[{"name":"wp","href":"https:\/\/api.w.org\/{rel}","templated":true}]}}