{"id":749518,"date":"2025-08-28T03:58:08","date_gmt":"2025-08-28T00:58:08","guid":{"rendered":"https:\/\/roveyayinevi.com.tr\/index.php\/urun\/cocuk-edebiyatinda-mekan-doga-ve-sehir\/"},"modified":"2026-04-16T03:03:05","modified_gmt":"2026-04-16T00:03:05","slug":"cocuk-edebiyatinda-mekan-doga-ve-sehir","status":"publish","type":"product","link":"https:\/\/roveyayinevi.com.tr\/index.php\/urun\/cocuk-edebiyatinda-mekan-doga-ve-sehir\/","title":{"rendered":"\u00c7ocuk Edebiyat\u0131nda Mek\u00e2n, Do\u011fa ve \u015eehir"},"content":{"rendered":"<p>T\u00fcrkiye\u2019de \u00e7ocuk edebiyat\u0131 alan\u0131ndaki ele\u015ftiri eksikli\u011finden yola \u00e7\u0131k\u0131larak kaleme al\u0131nm\u0131\u015f metinlerin derlenerek haz\u0131rland\u0131\u011f\u0131 bu kitapta, se\u00e7kin \u00e7ocuk edebiyat\u0131 \u00fcr\u00fcnlerinin ciddiyetle ele al\u0131nd\u0131\u011f\u0131n\u0131 ve incelendi\u011fini g\u00f6receksiniz. \u00c7ocuk Edebiyat\u0131 \u0130ncelemeleri serisinin bu kitab\u0131nda \u00e7ocuk edebiyat\u0131 b\u00fcnyesinde okurlar\u0131yla bulu\u015fan bir\u00e7ok eser, \u201cmek\u00e2n, do\u011fa ve \u015fehir\u201d kavramlar\u0131 \u00e7er\u00e7evesinde ele al\u0131narak edeb\u00ee nitelik bak\u0131m\u0131ndan de\u011ferlendirildi. \u00c7ocuk \u00f6znenin mek\u00e2n, do\u011fa ve \u015fehir hayat\u0131 ile kurdu\u011fu ili\u015fkinin incelendi\u011fi bu metinlerde farkl\u0131 bak\u0131\u015f a\u00e7\u0131lar\u0131ndan aktar\u0131lan iz d\u00fc\u015f\u00fcmlerle kar\u015f\u0131la\u015facaks\u0131n\u0131z.<\/p>\n","protected":false},"excerpt":{"rendered":"<p>T\u00fcrkiye\u2019de \u00e7ocuk edebiyat\u0131 alan\u0131ndaki ele\u015ftiri eksikli\u011finden yola \u00e7\u0131k\u0131larak kaleme al\u0131nm\u0131\u015f metinlerin derlenerek haz\u0131rland\u0131\u011f\u0131 bu kitapta, se\u00e7kin \u00e7ocuk edebiyat\u0131 \u00fcr\u00fcnlerinin ciddiyetle ele al\u0131nd\u0131\u011f\u0131n\u0131 ve incelendi\u011fini g\u00f6receksiniz. \u00c7ocuk<span class=\"excerpt-hellip\"> [\u2026]<\/span><\/p>\n","protected":false},"featured_media":0,"template":"","meta":{"_monsterinsights_skip_tracking":false,"_monsterinsights_sitenote_active":false,"_monsterinsights_sitenote_note":"","_monsterinsights_sitenote_category":0},"product_brand":[],"product_cat":[12274,12631],"product_tag":[],"class_list":{"0":"post-749518","1":"product","2":"type-product","3":"status-publish","5":"product_cat-cocuk-ve-genclik-kitaplari","6":"product_cat-diger-cocuk-ve-genclik-kitaplari","7":"pa_cilt-ciltsiz","8":"pa_tur-kitap","9":"pa_yayinevi-erdem-yayinlari","10":"pa_yazar-havva-yilmaz-meryem-selva-ince","12":"first","13":"instock","14":"sale","15":"shipping-taxable","16":"purchasable","17":"product-type-simple"},"_links":{"self":[{"href":"https:\/\/roveyayinevi.com.tr\/index.php\/wp-json\/wp\/v2\/product\/749518","targetHints":{"allow":["GET"]}}],"collection":[{"href":"https:\/\/roveyayinevi.com.tr\/index.php\/wp-json\/wp\/v2\/product"}],"about":[{"href":"https:\/\/roveyayinevi.com.tr\/index.php\/wp-json\/wp\/v2\/types\/product"}],"wp:attachment":[{"href":"https:\/\/roveyayinevi.com.tr\/index.php\/wp-json\/wp\/v2\/media?parent=749518"}],"wp:term":[{"taxonomy":"product_brand","embeddable":true,"href":"https:\/\/roveyayinevi.com.tr\/index.php\/wp-json\/wp\/v2\/product_brand?post=749518"},{"taxonomy":"product_cat","embeddable":true,"href":"https:\/\/roveyayinevi.com.tr\/index.php\/wp-json\/wp\/v2\/product_cat?post=749518"},{"taxonomy":"product_tag","embeddable":true,"href":"https:\/\/roveyayinevi.com.tr\/index.php\/wp-json\/wp\/v2\/product_tag?post=749518"}],"curies":[{"name":"wp","href":"https:\/\/api.w.org\/{rel}","templated":true}]}}