{"id":749517,"date":"2025-08-28T03:58:07","date_gmt":"2025-08-28T00:58:07","guid":{"rendered":"https:\/\/roveyayinevi.com.tr\/index.php\/urun\/abdulkerim-satuk-bugra-han-veli-sultan\/"},"modified":"2026-04-16T03:03:05","modified_gmt":"2026-04-16T00:03:05","slug":"abdulkerim-satuk-bugra-han-veli-sultan","status":"publish","type":"product","link":"https:\/\/roveyayinevi.com.tr\/index.php\/urun\/abdulkerim-satuk-bugra-han-veli-sultan\/","title":{"rendered":"Abd\u00fclkerim Satuk Bu\u011fra Han &#8211; Veli Sultan"},"content":{"rendered":"<p>Gidip bakal\u0131m bu kervanda yeni haberler var m\u0131? Satuk Bu\u011fra bu soruyla \u0130slam kap\u0131s\u0131ndan giriyor ve Abd\u00fclkerim Satuk Bu\u011fra Han\u2019a d\u00f6n\u00fc\u015f\u00fcyor.  Her \u015fey merakla ba\u015flar. T\u00fcrk d\u00fcnyas\u0131n\u0131n \u0130slam\u2019la tan\u0131\u015fmas\u0131n\u0131n sebebi Satuk Bu\u011fra Han\u2019\u0131n \u00e7ocuk ya\u015fta i\u00e7ine d\u00fc\u015fen merak ate\u015finin ard\u0131ndan gitmesidir. \u0130slam k\u00fclt\u00fcr\u00fcn\u00fcn T\u00fcrkistan illerinde ne\u015fv\u00fcnema bulmas\u0131 ve t\u00fcm co\u011frafyan\u0131n \u0130slamla\u015fmas\u0131 i\u00e7in \u00f6mr\u00fcn\u00fc verdi\u011finden \u201cVeli Sultan\u201d nam\u0131yla g\u00f6n\u00fcllerde hak etti\u011fi yeri alm\u0131\u015ft\u0131r.  Bu kitapta Veli Sultan Abd\u00fclkerim Satuk Bu\u011fra Han\u2019\u0131n hayat hik\u00e2yesini okuyacaks\u0131n\u0131z.<\/p>\n","protected":false},"excerpt":{"rendered":"<p>Gidip bakal\u0131m bu kervanda yeni haberler var m\u0131? Satuk Bu\u011fra bu soruyla \u0130slam kap\u0131s\u0131ndan giriyor ve Abd\u00fclkerim Satuk Bu\u011fra Han\u2019a d\u00f6n\u00fc\u015f\u00fcyor. Her \u015fey merakla ba\u015flar. T\u00fcrk<span class=\"excerpt-hellip\"> [\u2026]<\/span><\/p>\n","protected":false},"featured_media":0,"template":"","meta":{"_monsterinsights_skip_tracking":false,"_monsterinsights_sitenote_active":false,"_monsterinsights_sitenote_note":"","_monsterinsights_sitenote_category":0},"product_brand":[],"product_cat":[12370,12304],"product_tag":[],"class_list":{"0":"post-749517","1":"product","2":"type-product","3":"status-publish","5":"product_cat-arastirma-inceleme","6":"product_cat-tarih","7":"pa_cilt-ciltsiz","8":"pa_tur-kitap","9":"pa_yayinevi-erdem-yayinlari","10":"pa_yazar-yunus-arifoglu","12":"first","13":"instock","14":"sale","15":"shipping-taxable","16":"purchasable","17":"product-type-simple"},"_links":{"self":[{"href":"https:\/\/roveyayinevi.com.tr\/index.php\/wp-json\/wp\/v2\/product\/749517","targetHints":{"allow":["GET"]}}],"collection":[{"href":"https:\/\/roveyayinevi.com.tr\/index.php\/wp-json\/wp\/v2\/product"}],"about":[{"href":"https:\/\/roveyayinevi.com.tr\/index.php\/wp-json\/wp\/v2\/types\/product"}],"wp:attachment":[{"href":"https:\/\/roveyayinevi.com.tr\/index.php\/wp-json\/wp\/v2\/media?parent=749517"}],"wp:term":[{"taxonomy":"product_brand","embeddable":true,"href":"https:\/\/roveyayinevi.com.tr\/index.php\/wp-json\/wp\/v2\/product_brand?post=749517"},{"taxonomy":"product_cat","embeddable":true,"href":"https:\/\/roveyayinevi.com.tr\/index.php\/wp-json\/wp\/v2\/product_cat?post=749517"},{"taxonomy":"product_tag","embeddable":true,"href":"https:\/\/roveyayinevi.com.tr\/index.php\/wp-json\/wp\/v2\/product_tag?post=749517"}],"curies":[{"name":"wp","href":"https:\/\/api.w.org\/{rel}","templated":true}]}}