{"id":749516,"date":"2025-08-28T03:58:06","date_gmt":"2025-08-28T00:58:06","guid":{"rendered":"https:\/\/roveyayinevi.com.tr\/index.php\/urun\/gazan-han-isgalden-ihtidaya-giden-yolda\/"},"modified":"2026-04-16T03:03:05","modified_gmt":"2026-04-16T00:03:05","slug":"gazan-han-isgalden-ihtidaya-giden-yolda","status":"publish","type":"product","link":"https:\/\/roveyayinevi.com.tr\/index.php\/urun\/gazan-han-isgalden-ihtidaya-giden-yolda\/","title":{"rendered":"Gazan Han &#8211; \u0130\u015fgalden \u0130htidaya Giden Yolda"},"content":{"rendered":"<p>\u0130lhanl\u0131lar\u0131n dirayetli h\u00fck\u00fcmdar\u0131 Gazan Han, gen\u00e7 denebilecek bir ya\u015fta tahta \u00e7\u0131kt\u0131. Dokuz y\u0131ll\u0131k y\u00f6netimi s\u00fcresince \u0130lhanl\u0131 emirlerinin isyanlar\u0131 ve ihanetleri ile y\u00fczle\u015fti, Budist atalar\u0131n\u0131n aksine o Hak s\u0131rr\u0131n\u0131 bulma yolunda \u0130slamiyet\u2019i se\u00e7erek M\u00fcsl\u00fcman oldu. Siyasi, asker\u00ee, hukuki, sosyal, din\u00ee ve iktisadi a\u00e7\u0131dan yapt\u0131\u011f\u0131 reformlar ile da\u011f\u0131n\u0131k ve her a\u00e7\u0131dan d\u00fczensiz \u0130lhanl\u0131 Devleti\u2019nde yeni ve k\u00f6kl\u00fc bir de\u011fi\u015fim ger\u00e7ekle\u015ftirdi. Adil bir y\u00f6netici ve iyi bir kumandan olan Gazan Han ilim, k\u00fclt\u00fcr, medeniyet ve mill\u00ee \u015fuur in\u015fas\u0131 i\u00e7in ciddi \u00e7aba sarf etti. Bu kitapta, Tarihi \u0130nsan Yazar serisinin mant\u0131\u011f\u0131na uygun olarak Gazan Han\u2019\u0131n Orta \u00c7a\u011f \u0130slam d\u00fcnyas\u0131na b\u0131rakt\u0131\u011f\u0131 etki, y\u00f6netim bi\u00e7imi, reformlar\u0131, siyasi hamleleri ve seferleri ile k\u0131sa fakat \u00f6z hayat hik\u00e2yesi yer almaktad\u0131r.<\/p>\n","protected":false},"excerpt":{"rendered":"<p>\u0130lhanl\u0131lar\u0131n dirayetli h\u00fck\u00fcmdar\u0131 Gazan Han, gen\u00e7 denebilecek bir ya\u015fta tahta \u00e7\u0131kt\u0131. Dokuz y\u0131ll\u0131k y\u00f6netimi s\u00fcresince \u0130lhanl\u0131 emirlerinin isyanlar\u0131 ve ihanetleri ile y\u00fczle\u015fti, Budist atalar\u0131n\u0131n aksine o<span class=\"excerpt-hellip\"> [\u2026]<\/span><\/p>\n","protected":false},"featured_media":0,"template":"","meta":{"_monsterinsights_skip_tracking":false,"_monsterinsights_sitenote_active":false,"_monsterinsights_sitenote_note":"","_monsterinsights_sitenote_category":0},"product_brand":[],"product_cat":[12370,12304],"product_tag":[],"class_list":{"0":"post-749516","1":"product","2":"type-product","3":"status-publish","5":"product_cat-arastirma-inceleme","6":"product_cat-tarih","7":"pa_cilt-ciltsiz","8":"pa_tur-kitap","9":"pa_yayinevi-erdem-yayinlari","10":"pa_yazar-ayse-atici-arayancan","12":"first","13":"instock","14":"sale","15":"shipping-taxable","16":"purchasable","17":"product-type-simple"},"_links":{"self":[{"href":"https:\/\/roveyayinevi.com.tr\/index.php\/wp-json\/wp\/v2\/product\/749516","targetHints":{"allow":["GET"]}}],"collection":[{"href":"https:\/\/roveyayinevi.com.tr\/index.php\/wp-json\/wp\/v2\/product"}],"about":[{"href":"https:\/\/roveyayinevi.com.tr\/index.php\/wp-json\/wp\/v2\/types\/product"}],"wp:attachment":[{"href":"https:\/\/roveyayinevi.com.tr\/index.php\/wp-json\/wp\/v2\/media?parent=749516"}],"wp:term":[{"taxonomy":"product_brand","embeddable":true,"href":"https:\/\/roveyayinevi.com.tr\/index.php\/wp-json\/wp\/v2\/product_brand?post=749516"},{"taxonomy":"product_cat","embeddable":true,"href":"https:\/\/roveyayinevi.com.tr\/index.php\/wp-json\/wp\/v2\/product_cat?post=749516"},{"taxonomy":"product_tag","embeddable":true,"href":"https:\/\/roveyayinevi.com.tr\/index.php\/wp-json\/wp\/v2\/product_tag?post=749516"}],"curies":[{"name":"wp","href":"https:\/\/api.w.org\/{rel}","templated":true}]}}