{"id":749515,"date":"2025-08-28T03:58:05","date_gmt":"2025-08-28T00:58:05","guid":{"rendered":"https:\/\/roveyayinevi.com.tr\/index.php\/urun\/ishak-pasa-bencillik-ve-zulum-torelerini-sona-erdiren\/"},"modified":"2026-04-16T03:03:05","modified_gmt":"2026-04-16T00:03:05","slug":"ishak-pasa-bencillik-ve-zulum-torelerini-sona-erdiren","status":"publish","type":"product","link":"https:\/\/roveyayinevi.com.tr\/index.php\/urun\/ishak-pasa-bencillik-ve-zulum-torelerini-sona-erdiren\/","title":{"rendered":"\u0130shak Pa\u015fa &#8211; Bencillik Ve Zul\u00fcm T\u00f6relerini Sona Erdiren"},"content":{"rendered":"<p>II. Murad d\u00f6neminde vezirlik yapm\u0131\u015f \u0130shak b. Abdullah ile kar\u0131\u015ft\u0131r\u0131lan hem Fatih\u2019in hem de II. Bayezid\u2019in veziriazaml\u0131\u011f\u0131n\u0131 yapan \u0130shak b. \u0130brahim asl\u0131nda kimdir? Nas\u0131l bir veziriazamd\u0131r; eserleri, icraatlar\u0131 nelerdir? Vez\u00eer\u00fc\u2019l-Keb\u00eer \u0130shak Pa\u015fa kitab\u0131nda \u00c7andarl\u0131lar gibi k\u00f6kl\u00fc bir aileye mensup T\u00fcrk k\u00f6kenli \u0130shak b. \u0130brahim\u2019in hayat\u0131n\u0131 okuyacaks\u0131n\u0131z.<\/p>\n","protected":false},"excerpt":{"rendered":"<p>II. Murad d\u00f6neminde vezirlik yapm\u0131\u015f \u0130shak b. Abdullah ile kar\u0131\u015ft\u0131r\u0131lan hem Fatih\u2019in hem de II. Bayezid\u2019in veziriazaml\u0131\u011f\u0131n\u0131 yapan \u0130shak b. \u0130brahim asl\u0131nda kimdir? Nas\u0131l bir veziriazamd\u0131r;<span class=\"excerpt-hellip\"> [\u2026]<\/span><\/p>\n","protected":false},"featured_media":0,"template":"","meta":{"_monsterinsights_skip_tracking":false,"_monsterinsights_sitenote_active":false,"_monsterinsights_sitenote_note":"","_monsterinsights_sitenote_category":0},"product_brand":[],"product_cat":[12370,12304],"product_tag":[],"class_list":{"0":"post-749515","1":"product","2":"type-product","3":"status-publish","5":"product_cat-arastirma-inceleme","6":"product_cat-tarih","7":"pa_cilt-ciltsiz","8":"pa_tur-kitap","9":"pa_yayinevi-erdem-yayinlari","10":"pa_yazar-cengiz-guler","12":"first","13":"instock","14":"sale","15":"shipping-taxable","16":"purchasable","17":"product-type-simple"},"_links":{"self":[{"href":"https:\/\/roveyayinevi.com.tr\/index.php\/wp-json\/wp\/v2\/product\/749515","targetHints":{"allow":["GET"]}}],"collection":[{"href":"https:\/\/roveyayinevi.com.tr\/index.php\/wp-json\/wp\/v2\/product"}],"about":[{"href":"https:\/\/roveyayinevi.com.tr\/index.php\/wp-json\/wp\/v2\/types\/product"}],"wp:attachment":[{"href":"https:\/\/roveyayinevi.com.tr\/index.php\/wp-json\/wp\/v2\/media?parent=749515"}],"wp:term":[{"taxonomy":"product_brand","embeddable":true,"href":"https:\/\/roveyayinevi.com.tr\/index.php\/wp-json\/wp\/v2\/product_brand?post=749515"},{"taxonomy":"product_cat","embeddable":true,"href":"https:\/\/roveyayinevi.com.tr\/index.php\/wp-json\/wp\/v2\/product_cat?post=749515"},{"taxonomy":"product_tag","embeddable":true,"href":"https:\/\/roveyayinevi.com.tr\/index.php\/wp-json\/wp\/v2\/product_tag?post=749515"}],"curies":[{"name":"wp","href":"https:\/\/api.w.org\/{rel}","templated":true}]}}