{"id":749514,"date":"2025-08-28T03:58:03","date_gmt":"2025-08-28T00:58:03","guid":{"rendered":"https:\/\/roveyayinevi.com.tr\/index.php\/urun\/bahadir-siriusun-secimi\/"},"modified":"2026-04-16T03:03:05","modified_gmt":"2026-04-16T00:03:05","slug":"bahadir-siriusun-secimi","status":"publish","type":"product","link":"https:\/\/roveyayinevi.com.tr\/index.php\/urun\/bahadir-siriusun-secimi\/","title":{"rendered":"Bahad\u0131r Sirius&#8217;un Se\u00e7imi"},"content":{"rendered":"<p>Bahad\u0131r, ailesi ve yak\u0131n arkada\u015flar\u0131yla mutlu bir hayat ya\u015famaktad\u0131r. Ta ki babas\u0131 terfi edince \u0130stanbul\u2019a ta\u015f\u0131nmalar\u0131 gereken o g\u00fcne dek&#8230; Yepyeni bir \u015fehir ve okul, beraberinde yeni s\u0131k\u0131nt\u0131lar ve s\u0131rlar ortaya \u00e7\u0131kar\u0131r. Bahad\u0131r onu bekleyen d\u00fc\u015fmanlar\u0131ndan habersiz mutlulu\u011funu yeniden kazanmak i\u00e7in sava\u015fmal\u0131d\u0131r. Her \u015fey kendisini uzun bir yolculu\u011fa davet eden Bilgin\u2019e e\u015flik edip etmemesine ba\u011fl\u0131d\u0131r. \u0130ki denizin birle\u015fti\u011fi yerde Bahad\u0131r\u2019\u0131 neler bekliyor olabilir? Bu kitapta sizi korku ve h\u00fcz\u00fcnle ba\u015flay\u0131p heyecan ve dostluk dolu bir yolculu\u011fa d\u00f6n\u00fc\u015fen, maceral\u0131 bir olgunla\u015fma hik\u00e2yesi bekliyor&#8230;<\/p>\n","protected":false},"excerpt":{"rendered":"<p>Bahad\u0131r, ailesi ve yak\u0131n arkada\u015flar\u0131yla mutlu bir hayat ya\u015famaktad\u0131r. Ta ki babas\u0131 terfi edince \u0130stanbul\u2019a ta\u015f\u0131nmalar\u0131 gereken o g\u00fcne dek&#8230; Yepyeni bir \u015fehir ve okul, beraberinde<span class=\"excerpt-hellip\"> [\u2026]<\/span><\/p>\n","protected":false},"featured_media":0,"template":"","meta":{"_monsterinsights_skip_tracking":false,"_monsterinsights_sitenote_active":false,"_monsterinsights_sitenote_note":"","_monsterinsights_sitenote_category":0},"product_brand":[],"product_cat":[12274,12284],"product_tag":[],"class_list":{"0":"post-749514","1":"product","2":"type-product","3":"status-publish","5":"product_cat-cocuk-ve-genclik-kitaplari","6":"product_cat-hikayeler","7":"pa_cilt-ciltsiz","8":"pa_tur-kitap","9":"pa_yayinevi-erdem-cocuk","10":"pa_yazar-esra-bahadir-cesar","12":"first","13":"instock","14":"sale","15":"shipping-taxable","16":"purchasable","17":"product-type-simple"},"_links":{"self":[{"href":"https:\/\/roveyayinevi.com.tr\/index.php\/wp-json\/wp\/v2\/product\/749514","targetHints":{"allow":["GET"]}}],"collection":[{"href":"https:\/\/roveyayinevi.com.tr\/index.php\/wp-json\/wp\/v2\/product"}],"about":[{"href":"https:\/\/roveyayinevi.com.tr\/index.php\/wp-json\/wp\/v2\/types\/product"}],"wp:attachment":[{"href":"https:\/\/roveyayinevi.com.tr\/index.php\/wp-json\/wp\/v2\/media?parent=749514"}],"wp:term":[{"taxonomy":"product_brand","embeddable":true,"href":"https:\/\/roveyayinevi.com.tr\/index.php\/wp-json\/wp\/v2\/product_brand?post=749514"},{"taxonomy":"product_cat","embeddable":true,"href":"https:\/\/roveyayinevi.com.tr\/index.php\/wp-json\/wp\/v2\/product_cat?post=749514"},{"taxonomy":"product_tag","embeddable":true,"href":"https:\/\/roveyayinevi.com.tr\/index.php\/wp-json\/wp\/v2\/product_tag?post=749514"}],"curies":[{"name":"wp","href":"https:\/\/api.w.org\/{rel}","templated":true}]}}