{"id":749513,"date":"2025-08-28T03:58:01","date_gmt":"2025-08-28T00:58:01","guid":{"rendered":"https:\/\/roveyayinevi.com.tr\/index.php\/urun\/kudusun-ikinci-fatihi-selahaddin-eyyubi\/"},"modified":"2026-04-16T03:03:05","modified_gmt":"2026-04-16T00:03:05","slug":"kudusun-ikinci-fatihi-selahaddin-eyyubi","status":"publish","type":"product","link":"https:\/\/roveyayinevi.com.tr\/index.php\/urun\/kudusun-ikinci-fatihi-selahaddin-eyyubi\/","title":{"rendered":"Kud\u00fcs\u2019\u00fcn \u0130kinci Fatihi Selahaddin Eyy\u00fbb\u00ee"},"content":{"rendered":"<p>Do\u011fdu\u011funda g\u00fczelli\u011finden dolay\u0131 Yusuf, dinin kurtar\u0131c\u0131s\u0131 olmas\u0131 i\u00e7in Selahaddin ad\u0131 verilir. Hz. Yusuf\u2019un kaderini payla\u015f\u0131r, M\u0131s\u0131r\u2019a sultan olur. M\u0131s\u0131r, o tarihten 88 y\u0131l \u00f6nce i\u015fgal edilen Kud\u00fcs\u2019\u00fc fethetmek i\u00e7in ona bir kap\u0131 aralar. Selahaddin o kap\u0131dan girer. Kud\u00fcs\u2019\u00fcn fethi u\u011fruna \u00e7ok \u015fey feda eder. Sonunda amac\u0131na ula\u015f\u0131r ama onu daha da zorlu bir s\u00fcre\u00e7 beklemektedir: Kud\u00fcs\u2019\u00fc elinde tutmak&#8230;Bu kitapta, Do\u011fu\u2019nun ve Bat\u0131\u2019n\u0131n hayranl\u0131k duydu\u011fu, Mehmet Akif Ersoy\u2019un \u201c\u015eark\u0131n en sevgili sultan\u0131\u201d diye nitelendirdi\u011fi, Kud\u00fcs\u2019\u00fcn ikinci fatihi Selahaddin Yusuf Eyy\u00fbb\u00ee\u2019nin m\u00fccadeleyle dolu hayat\u0131n\u0131 okuyacaks\u0131n\u0131z.<\/p>\n","protected":false},"excerpt":{"rendered":"<p>Do\u011fdu\u011funda g\u00fczelli\u011finden dolay\u0131 Yusuf, dinin kurtar\u0131c\u0131s\u0131 olmas\u0131 i\u00e7in Selahaddin ad\u0131 verilir. Hz. Yusuf\u2019un kaderini payla\u015f\u0131r, M\u0131s\u0131r\u2019a sultan olur. M\u0131s\u0131r, o tarihten 88 y\u0131l \u00f6nce i\u015fgal edilen<span class=\"excerpt-hellip\"> [\u2026]<\/span><\/p>\n","protected":false},"featured_media":0,"template":"","meta":{"_monsterinsights_skip_tracking":false,"_monsterinsights_sitenote_active":false,"_monsterinsights_sitenote_note":"","_monsterinsights_sitenote_category":0},"product_brand":[],"product_cat":[12291,12711],"product_tag":[],"class_list":{"0":"post-749513","1":"product","2":"type-product","3":"status-publish","5":"product_cat-edebiyat","6":"product_cat-roman-oyku","7":"pa_cilt-ciltsiz","8":"pa_tur-kitap","9":"pa_yayinevi-erdem-cocuk","10":"pa_yazar-meryem-ucar","12":"first","13":"instock","14":"sale","15":"shipping-taxable","16":"purchasable","17":"product-type-simple"},"_links":{"self":[{"href":"https:\/\/roveyayinevi.com.tr\/index.php\/wp-json\/wp\/v2\/product\/749513","targetHints":{"allow":["GET"]}}],"collection":[{"href":"https:\/\/roveyayinevi.com.tr\/index.php\/wp-json\/wp\/v2\/product"}],"about":[{"href":"https:\/\/roveyayinevi.com.tr\/index.php\/wp-json\/wp\/v2\/types\/product"}],"wp:attachment":[{"href":"https:\/\/roveyayinevi.com.tr\/index.php\/wp-json\/wp\/v2\/media?parent=749513"}],"wp:term":[{"taxonomy":"product_brand","embeddable":true,"href":"https:\/\/roveyayinevi.com.tr\/index.php\/wp-json\/wp\/v2\/product_brand?post=749513"},{"taxonomy":"product_cat","embeddable":true,"href":"https:\/\/roveyayinevi.com.tr\/index.php\/wp-json\/wp\/v2\/product_cat?post=749513"},{"taxonomy":"product_tag","embeddable":true,"href":"https:\/\/roveyayinevi.com.tr\/index.php\/wp-json\/wp\/v2\/product_tag?post=749513"}],"curies":[{"name":"wp","href":"https:\/\/api.w.org\/{rel}","templated":true}]}}