{"id":749511,"date":"2025-08-28T03:57:59","date_gmt":"2025-08-28T00:57:59","guid":{"rendered":"https:\/\/roveyayinevi.com.tr\/index.php\/urun\/beslenme-ve-agiz-dis-kemik-sagligi\/"},"modified":"2026-04-16T03:03:05","modified_gmt":"2026-04-16T00:03:05","slug":"beslenme-ve-agiz-dis-kemik-sagligi","status":"publish","type":"product","link":"https:\/\/roveyayinevi.com.tr\/index.php\/urun\/beslenme-ve-agiz-dis-kemik-sagligi\/","title":{"rendered":"Beslenme ve A\u011f\u0131z, Di\u015f, Kemik Sa\u011fl\u0131\u011f\u0131"},"content":{"rendered":"<p>\u0130yi bir beslenmenin en \u00f6nemli g\u00f6stergelerinden biri a\u011f\u0131z ve di\u015flerin sa\u011fl\u0131kl\u0131 yap\u0131da olmas\u0131d\u0131r. A\u011f\u0131z ve di\u015f sa\u011fl\u0131\u011f\u0131, v\u00fccudun genel sa\u011fl\u0131\u011f\u0131n\u0131n ayr\u0131lmaz bir par\u00e7as\u0131 olup, optimal beslenme ile \u00f6rt\u00fc\u015fmektedir. Sa\u011fl\u0131kl\u0131 beslenmek, g\u00fczel bir g\u00fcl\u00fc\u015fe sahip olmak i\u00e7in a\u011f\u0131z ve di\u015f sa\u011fl\u0131\u011f\u0131na \u00f6nem verilmelidir.  Di\u015flerin sa\u011fl\u0131kl\u0131 bir \u015fekilde olu\u015fumu, geli\u015fimi ve devaml\u0131l\u0131\u011f\u0131 a\u00e7\u0131s\u0131ndan bireyin hayat boyu yeterli ve dengeli beslenmesi gerekmektedir. Beslenme, a\u011f\u0131z ve di\u015f sa\u011fl\u0131\u011f\u0131 ile ili\u015fkili parametreleri etkileyerek oral sa\u011fl\u0131\u011f\u0131n olumlu veya olumsuz de\u011fi\u015fimine neden olabilmektedir. Oral yap\u0131lar\u0131n sa\u011fl\u0131kl\u0131 durumunun devam ettirilmesi ve oral sa\u011fl\u0131\u011f\u0131n geli\u015ftirilmesinde, kemiklerin geli\u015fiminde ve g\u00fc\u00e7lenmesinde beslenme, \u00f6nemli bir g\u00f6rev \u00fcstlenmektedir   A\u011f\u0131z, kemik, di\u015f sa\u011fl\u0131\u011f\u0131 ve beslenme aras\u0131nda \u00e7ok y\u00f6nl\u00fc, dinamik bir ili\u015fki mevcuttur; bu nedenle oral sa\u011fl\u0131\u011f\u0131n iyile\u015ftirilmesi, a\u011f\u0131z ve di\u015f hastal\u0131klar\u0131n\u0131n \u00f6nlenmesine y\u00f6nelik klinik ve beslenme m\u00fcdahalelerinin geli\u015ftirilmesi i\u00e7in diyetisyenler, di\u015f hekimleri gibi disiplinleraras\u0131 i\u015fbirli\u011fi \u00f6nemli olmaktad\u0131r.<\/p>\n","protected":false},"excerpt":{"rendered":"<p>\u0130yi bir beslenmenin en \u00f6nemli g\u00f6stergelerinden biri a\u011f\u0131z ve di\u015flerin sa\u011fl\u0131kl\u0131 yap\u0131da olmas\u0131d\u0131r. A\u011f\u0131z ve di\u015f sa\u011fl\u0131\u011f\u0131, v\u00fccudun genel sa\u011fl\u0131\u011f\u0131n\u0131n ayr\u0131lmaz bir par\u00e7as\u0131 olup, optimal beslenme<span class=\"excerpt-hellip\"> [\u2026]<\/span><\/p>\n","protected":false},"featured_media":0,"template":"","meta":{"_monsterinsights_skip_tracking":false,"_monsterinsights_sitenote_active":false,"_monsterinsights_sitenote_note":"","_monsterinsights_sitenote_category":0},"product_brand":[],"product_cat":[12573,12566],"product_tag":[],"class_list":{"0":"post-749511","1":"product","2":"type-product","3":"status-publish","5":"product_cat-akademik-kitaplar","6":"product_cat-egitim","7":"pa_cilt-ciltsiz","8":"pa_tur-kitap","9":"pa_yayinevi-egiten-kitap","10":"pa_yazar-kolektif","12":"first","13":"instock","14":"sale","15":"shipping-taxable","16":"purchasable","17":"product-type-simple"},"_links":{"self":[{"href":"https:\/\/roveyayinevi.com.tr\/index.php\/wp-json\/wp\/v2\/product\/749511","targetHints":{"allow":["GET"]}}],"collection":[{"href":"https:\/\/roveyayinevi.com.tr\/index.php\/wp-json\/wp\/v2\/product"}],"about":[{"href":"https:\/\/roveyayinevi.com.tr\/index.php\/wp-json\/wp\/v2\/types\/product"}],"wp:attachment":[{"href":"https:\/\/roveyayinevi.com.tr\/index.php\/wp-json\/wp\/v2\/media?parent=749511"}],"wp:term":[{"taxonomy":"product_brand","embeddable":true,"href":"https:\/\/roveyayinevi.com.tr\/index.php\/wp-json\/wp\/v2\/product_brand?post=749511"},{"taxonomy":"product_cat","embeddable":true,"href":"https:\/\/roveyayinevi.com.tr\/index.php\/wp-json\/wp\/v2\/product_cat?post=749511"},{"taxonomy":"product_tag","embeddable":true,"href":"https:\/\/roveyayinevi.com.tr\/index.php\/wp-json\/wp\/v2\/product_tag?post=749511"}],"curies":[{"name":"wp","href":"https:\/\/api.w.org\/{rel}","templated":true}]}}