{"id":749508,"date":"2025-08-28T03:57:54","date_gmt":"2025-08-28T00:57:54","guid":{"rendered":"https:\/\/roveyayinevi.com.tr\/index.php\/urun\/elektron-terbiyecileri\/"},"modified":"2026-04-15T03:12:38","modified_gmt":"2026-04-15T00:12:38","slug":"elektron-terbiyecileri","status":"publish","type":"product","link":"https:\/\/roveyayinevi.com.tr\/index.php\/urun\/elektron-terbiyecileri\/","title":{"rendered":"Elektron Terbiyecileri"},"content":{"rendered":"<p>Kaydedilmi\u015f en b\u00fcy\u00fc\u011f\u00fc olarak tarihe ge\u00e7en bir y\u0131ld\u0131r\u0131m, \u00fcretim kuyular\u0131 vas\u0131tas\u0131yla yerin birka\u00e7 bin metre derinli\u011fine ula\u015f\u0131r. Bu y\u0131ld\u0131r\u0131m insanl\u0131\u011f\u0131n kaderini de\u011fi\u015ftirecek olan misalyum kristallerini olu\u015fturur. Kristaller g\u00f6r\u00fclmemi\u015f kapasitede do\u011fal pillerdir ve jeotermal ak\u0131\u015fkan yata\u011f\u0131nda tonlarca vard\u0131r. Bu da yak\u0131n bir zamanda d\u00fcnyan\u0131n hayalini bile kuramad\u0131\u011f\u0131 bir enerji bollu\u011fu ya\u015fanaca\u011f\u0131 anlam\u0131na gelmektedir.B\u00f6yle bir enerji kayna\u011f\u0131n\u0131n pe\u015fine sanayi casuslar\u0131n\u0131n d\u00fc\u015fmesi de ka\u00e7\u0131n\u0131lmazd\u0131r. Casuslar amac\u0131na ula\u015fabilecek mi?Kahramanlar\u0131m\u0131z Eren, Elif ve santral \u00e7al\u0131\u015fanlar\u0131 olan anne babalar\u0131 misalyum kristallerini koruma ve tan\u0131tma ad\u0131na nas\u0131l bir g\u00f6rev \u00fcstlenecek?Elektron Terbiyecileri, jeotermal elektrik santrallerinin \u00e7evreye zarar vermek bir yana, temiz ve k\u00e2rl\u0131 bir elektrik \u00fcretim y\u00f6ntemi olmas\u0131ndan yola \u00e7\u0131karak yaz\u0131lm\u0131\u015f bir bilim-kurgu romand\u0131r.<\/p>\n","protected":false},"excerpt":{"rendered":"<p>Kaydedilmi\u015f en b\u00fcy\u00fc\u011f\u00fc olarak tarihe ge\u00e7en bir y\u0131ld\u0131r\u0131m, \u00fcretim kuyular\u0131 vas\u0131tas\u0131yla yerin birka\u00e7 bin metre derinli\u011fine ula\u015f\u0131r. Bu y\u0131ld\u0131r\u0131m insanl\u0131\u011f\u0131n kaderini de\u011fi\u015ftirecek olan misalyum kristallerini olu\u015fturur.<span class=\"excerpt-hellip\"> [\u2026]<\/span><\/p>\n","protected":false},"featured_media":0,"template":"","meta":{"_monsterinsights_skip_tracking":false,"_monsterinsights_sitenote_active":false,"_monsterinsights_sitenote_note":"","_monsterinsights_sitenote_category":0},"product_brand":[],"product_cat":[12291,12711],"product_tag":[],"class_list":{"0":"post-749508","1":"product","2":"type-product","3":"status-publish","5":"product_cat-edebiyat","6":"product_cat-roman-oyku","7":"pa_cilt-ciltsiz","8":"pa_tur-kitap","9":"pa_yayinevi-erdem-cocuk","10":"pa_yazar-feyza-sahin","12":"first","13":"instock","14":"sale","15":"shipping-taxable","16":"purchasable","17":"product-type-simple"},"_links":{"self":[{"href":"https:\/\/roveyayinevi.com.tr\/index.php\/wp-json\/wp\/v2\/product\/749508","targetHints":{"allow":["GET"]}}],"collection":[{"href":"https:\/\/roveyayinevi.com.tr\/index.php\/wp-json\/wp\/v2\/product"}],"about":[{"href":"https:\/\/roveyayinevi.com.tr\/index.php\/wp-json\/wp\/v2\/types\/product"}],"wp:attachment":[{"href":"https:\/\/roveyayinevi.com.tr\/index.php\/wp-json\/wp\/v2\/media?parent=749508"}],"wp:term":[{"taxonomy":"product_brand","embeddable":true,"href":"https:\/\/roveyayinevi.com.tr\/index.php\/wp-json\/wp\/v2\/product_brand?post=749508"},{"taxonomy":"product_cat","embeddable":true,"href":"https:\/\/roveyayinevi.com.tr\/index.php\/wp-json\/wp\/v2\/product_cat?post=749508"},{"taxonomy":"product_tag","embeddable":true,"href":"https:\/\/roveyayinevi.com.tr\/index.php\/wp-json\/wp\/v2\/product_tag?post=749508"}],"curies":[{"name":"wp","href":"https:\/\/api.w.org\/{rel}","templated":true}]}}