{"id":749497,"date":"2025-08-28T03:57:38","date_gmt":"2025-08-28T00:57:38","guid":{"rendered":"https:\/\/roveyayinevi.com.tr\/index.php\/urun\/dunya-kupasi-kahramanlari-bizim-takim\/"},"modified":"2026-04-16T03:03:04","modified_gmt":"2026-04-16T00:03:04","slug":"dunya-kupasi-kahramanlari-bizim-takim","status":"publish","type":"product","link":"https:\/\/roveyayinevi.com.tr\/index.php\/urun\/dunya-kupasi-kahramanlari-bizim-takim\/","title":{"rendered":"D\u00fcnya Kupas\u0131 Kahramanlar\u0131 &#8211; Bizim Tak\u0131m"},"content":{"rendered":"<p>Harvey i\u00e7in futbol ve Bizim Tak\u0131m her \u015feydir. Fakat burada da i\u015fler pek yolunda gitmez. Daha bir kez bile ma\u00e7 kazanamayan Bizim Tak\u0131m\u2019\u0131n en b\u00fcy\u00fck destek\u00e7isi Profes\u00f6r Bayan Gertie\u2019dir. Profes\u00f6r Gertie Bizim Tak\u0131m\u2019\u0131 desteklemek i\u00e7in ilgin\u00e7 icatlar yapar: Z\u0131playan Kramponlar, Duman Makinesi, Ba\u011f\u0131rma Maskesi\u2026 Ama onun en b\u00fcy\u00fck icad\u0131 Futbol Makinesi Mark-1\u2019dir. O, kafas\u0131 pembe jelatinle kaplanm\u0131\u015f eski bir \u00e7\u00f6p kovas\u0131ndan yap\u0131lm\u0131\u015f bir futbol d\u00e2hisidir. Mark-1 sahada Bizim Tak\u0131m\u2019la oynayamasa da art\u0131k \u00e7ok farkl\u0131 bir tak\u0131m vard\u0131r. Futbol, tak\u0131m olma, arkada\u015fl\u0131k, rekabet, \u00e7al\u0131\u015fma, icat yapma, kurallar, oyun konular\u0131n\u0131 i\u00e7eren, g\u0131d\u0131klayan hik\u00e2yeler.\u2026 Harvey\u2019nin Bizim Tak\u0131m\u2019la ilgili bir\u00e7ok hayali ger\u00e7ekle\u015fmi\u015ftir, tak\u0131m g\u00fczel ba\u015far\u0131lara ula\u015fm\u0131\u015ft\u0131r. Fakat Harvey\u2019nin tak\u0131mla ilgili bir hayali daha vard\u0131r: D\u00fcnya Kupas\u0131. Sonunda bir mektup al\u0131rlar ve D\u00fcnya Kupas\u0131 Kahramanlar\u0131 turnas\u0131na davet edilirler. Bizim Tak\u0131m\u2019\u0131 D\u00fcnya Kupas\u0131 Kahramanlar\u0131 turnuvas\u0131nda bekleyen m\u00fccadele futboldan olduk\u00e7a farkl\u0131d\u0131r. Bizim Tak\u0131m bu s\u00fcrprizli turnuvay\u0131 ba\u015far\u0131 ile tamamlayabilecek mi?<\/p>\n","protected":false},"excerpt":{"rendered":"<p>Harvey i\u00e7in futbol ve Bizim Tak\u0131m her \u015feydir. Fakat burada da i\u015fler pek yolunda gitmez. Daha bir kez bile ma\u00e7 kazanamayan Bizim Tak\u0131m\u2019\u0131n en b\u00fcy\u00fck destek\u00e7isi<span class=\"excerpt-hellip\"> [\u2026]<\/span><\/p>\n","protected":false},"featured_media":0,"template":"","meta":{"_monsterinsights_skip_tracking":false,"_monsterinsights_sitenote_active":false,"_monsterinsights_sitenote_note":"","_monsterinsights_sitenote_category":0},"product_brand":[],"product_cat":[12274,12284],"product_tag":[],"class_list":{"0":"post-749497","1":"product","2":"type-product","3":"status-publish","5":"product_cat-cocuk-ve-genclik-kitaplari","6":"product_cat-hikayeler","7":"pa_cilt-ciltsiz","8":"pa_tur-kitap","9":"pa_yayinevi-erdem-cocuk","10":"pa_yazar-david-bedford-keith-brumpton","12":"first","13":"instock","14":"sale","15":"shipping-taxable","16":"purchasable","17":"product-type-simple"},"_links":{"self":[{"href":"https:\/\/roveyayinevi.com.tr\/index.php\/wp-json\/wp\/v2\/product\/749497","targetHints":{"allow":["GET"]}}],"collection":[{"href":"https:\/\/roveyayinevi.com.tr\/index.php\/wp-json\/wp\/v2\/product"}],"about":[{"href":"https:\/\/roveyayinevi.com.tr\/index.php\/wp-json\/wp\/v2\/types\/product"}],"wp:attachment":[{"href":"https:\/\/roveyayinevi.com.tr\/index.php\/wp-json\/wp\/v2\/media?parent=749497"}],"wp:term":[{"taxonomy":"product_brand","embeddable":true,"href":"https:\/\/roveyayinevi.com.tr\/index.php\/wp-json\/wp\/v2\/product_brand?post=749497"},{"taxonomy":"product_cat","embeddable":true,"href":"https:\/\/roveyayinevi.com.tr\/index.php\/wp-json\/wp\/v2\/product_cat?post=749497"},{"taxonomy":"product_tag","embeddable":true,"href":"https:\/\/roveyayinevi.com.tr\/index.php\/wp-json\/wp\/v2\/product_tag?post=749497"}],"curies":[{"name":"wp","href":"https:\/\/api.w.org\/{rel}","templated":true}]}}