{"id":749496,"date":"2025-08-28T03:57:36","date_gmt":"2025-08-28T00:57:36","guid":{"rendered":"https:\/\/roveyayinevi.com.tr\/index.php\/urun\/bizim-takim-dizisi-9-kitap\/"},"modified":"2026-04-03T03:04:52","modified_gmt":"2026-04-03T00:04:52","slug":"bizim-takim-dizisi-9-kitap","status":"publish","type":"product","link":"https:\/\/roveyayinevi.com.tr\/index.php\/urun\/bizim-takim-dizisi-9-kitap\/","title":{"rendered":"Bizim Tak\u0131m Dizisi &#8211; 9 Kitap"},"content":{"rendered":"<p>Harvey i\u00e7in futbol ve Bizim Tak\u0131m her \u015feydir. Fakat burada da i\u015fler pek yolunda gitmez. Daha bir kez bile ma\u00e7 kazanamayan Bizim Tak\u0131m\u2019\u0131n en b\u00fcy\u00fck destek\u00e7isi Profes\u00f6r Bayan Gertie\u2019dir. Profes\u00f6r Gertie Bizim Tak\u0131m\u2019\u0131 desteklemek i\u00e7in ilgin\u00e7 icatlar yapar: Z\u0131playan Kramponlar, Duman Makinesi, Ba\u011f\u0131rma Maskesi\u2026 Ama onun en b\u00fcy\u00fck icad\u0131 Futbol Makinesi Mark-1\u2019dir. O, kafas\u0131 pembe jelatinle kaplanm\u0131\u015f eski bir \u00e7\u00f6p kovas\u0131ndan yap\u0131lm\u0131\u015f bir futbol d\u00e2hisidir. Mark-1 sahada Bizim Tak\u0131m\u2019la oynayamasa da art\u0131k \u00e7ok farkl\u0131 bir tak\u0131m vard\u0131r.Futbol, tak\u0131m olma, arkada\u015fl\u0131k, rekabet, \u00e7al\u0131\u015fma, icat yapma, kurallar, oyun konular\u0131n\u0131 i\u00e7eren, g\u0131d\u0131klayan hik\u00e2yeler\u2026<\/p>\n","protected":false},"excerpt":{"rendered":"<p>Harvey i\u00e7in futbol ve Bizim Tak\u0131m her \u015feydir. Fakat burada da i\u015fler pek yolunda gitmez. Daha bir kez bile ma\u00e7 kazanamayan Bizim Tak\u0131m\u2019\u0131n en b\u00fcy\u00fck destek\u00e7isi<span class=\"excerpt-hellip\"> [\u2026]<\/span><\/p>\n","protected":false},"featured_media":0,"template":"","meta":{"_monsterinsights_skip_tracking":false,"_monsterinsights_sitenote_active":false,"_monsterinsights_sitenote_note":"","_monsterinsights_sitenote_category":0},"product_brand":[],"product_cat":[12274],"product_tag":[],"class_list":{"0":"post-749496","1":"product","2":"type-product","3":"status-publish","5":"product_cat-cocuk-ve-genclik-kitaplari","6":"pa_cilt-ciltsiz","7":"pa_tur-kitap","8":"pa_yayinevi-erdem-cocuk","9":"pa_yazar-david-bedford-keith-brumpton","11":"first","12":"instock","13":"sale","14":"shipping-taxable","15":"purchasable","16":"product-type-simple"},"_links":{"self":[{"href":"https:\/\/roveyayinevi.com.tr\/index.php\/wp-json\/wp\/v2\/product\/749496","targetHints":{"allow":["GET"]}}],"collection":[{"href":"https:\/\/roveyayinevi.com.tr\/index.php\/wp-json\/wp\/v2\/product"}],"about":[{"href":"https:\/\/roveyayinevi.com.tr\/index.php\/wp-json\/wp\/v2\/types\/product"}],"wp:attachment":[{"href":"https:\/\/roveyayinevi.com.tr\/index.php\/wp-json\/wp\/v2\/media?parent=749496"}],"wp:term":[{"taxonomy":"product_brand","embeddable":true,"href":"https:\/\/roveyayinevi.com.tr\/index.php\/wp-json\/wp\/v2\/product_brand?post=749496"},{"taxonomy":"product_cat","embeddable":true,"href":"https:\/\/roveyayinevi.com.tr\/index.php\/wp-json\/wp\/v2\/product_cat?post=749496"},{"taxonomy":"product_tag","embeddable":true,"href":"https:\/\/roveyayinevi.com.tr\/index.php\/wp-json\/wp\/v2\/product_tag?post=749496"}],"curies":[{"name":"wp","href":"https:\/\/api.w.org\/{rel}","templated":true}]}}