{"id":749494,"date":"2025-08-28T03:57:33","date_gmt":"2025-08-28T00:57:33","guid":{"rendered":"https:\/\/roveyayinevi.com.tr\/index.php\/urun\/bocekistan-kralligi\/"},"modified":"2026-04-16T03:03:04","modified_gmt":"2026-04-16T00:03:04","slug":"bocekistan-kralligi","status":"publish","type":"product","link":"https:\/\/roveyayinevi.com.tr\/index.php\/urun\/bocekistan-kralligi\/","title":{"rendered":"B\u00f6cekistan Krall\u0131\u011f\u0131"},"content":{"rendered":"<p>Suat p\u00fcf \u00e7i\u00e7e\u011fine \u00fcfleyip hayaller \u00e2leminde bir d\u00fcnya turu yapar, sonra ger\u00e7ekte \u201cP\u00fcf \u00e7i\u00e7ekleri ne kadar uza\u011fa gider?\u201d sorusu akl\u0131na tak\u0131l\u0131r. Elbette kafas\u0131na tak\u0131lan soruyu do\u011fruca gidip ablas\u0131na sorar. Birlikte ara\u015ft\u0131r\u0131r, \u00f6\u011frenirler. Suat, k\u00f6yde ya\u015fad\u0131klar\u0131 bu son g\u00fcnlerde,  eski evlerini, bah\u00e7elerini \u00f6zleyen arkada\u015f\u0131 Enes\u2019e \u00f6zel bir hediye vermek ister.  Sonunda ona bir can kavanozu haz\u0131rlamaya karar verirler. B\u00fct\u00fcn aile can kavanozunun i\u00e7ine bir ekosistem olu\u015fturmak i\u00e7in seferber olur.  Do\u011fa, hayvanlar, b\u00f6cekler, bitkiler, ekosistem, arkada\u015fl\u0131k, g\u00f6\u00e7, aile ili\u015fkileri ile ilgili s\u0131cac\u0131k bir hik\u00e2ye. <\/p>\n","protected":false},"excerpt":{"rendered":"<p>Suat p\u00fcf \u00e7i\u00e7e\u011fine \u00fcfleyip hayaller \u00e2leminde bir d\u00fcnya turu yapar, sonra ger\u00e7ekte \u201cP\u00fcf \u00e7i\u00e7ekleri ne kadar uza\u011fa gider?\u201d sorusu akl\u0131na tak\u0131l\u0131r. Elbette kafas\u0131na tak\u0131lan soruyu do\u011fruca<span class=\"excerpt-hellip\"> [\u2026]<\/span><\/p>\n","protected":false},"featured_media":0,"template":"","meta":{"_monsterinsights_skip_tracking":false,"_monsterinsights_sitenote_active":false,"_monsterinsights_sitenote_note":"","_monsterinsights_sitenote_category":0},"product_brand":[],"product_cat":[12274,12631],"product_tag":[],"class_list":{"0":"post-749494","1":"product","2":"type-product","3":"status-publish","5":"product_cat-cocuk-ve-genclik-kitaplari","6":"product_cat-diger-cocuk-ve-genclik-kitaplari","7":"pa_cilt-ciltsiz","8":"pa_tur-kitap","9":"pa_yayinevi-erdem-cocuk","10":"pa_yazar-feyza-sahin","12":"first","13":"instock","14":"sale","15":"shipping-taxable","16":"purchasable","17":"product-type-simple"},"_links":{"self":[{"href":"https:\/\/roveyayinevi.com.tr\/index.php\/wp-json\/wp\/v2\/product\/749494","targetHints":{"allow":["GET"]}}],"collection":[{"href":"https:\/\/roveyayinevi.com.tr\/index.php\/wp-json\/wp\/v2\/product"}],"about":[{"href":"https:\/\/roveyayinevi.com.tr\/index.php\/wp-json\/wp\/v2\/types\/product"}],"wp:attachment":[{"href":"https:\/\/roveyayinevi.com.tr\/index.php\/wp-json\/wp\/v2\/media?parent=749494"}],"wp:term":[{"taxonomy":"product_brand","embeddable":true,"href":"https:\/\/roveyayinevi.com.tr\/index.php\/wp-json\/wp\/v2\/product_brand?post=749494"},{"taxonomy":"product_cat","embeddable":true,"href":"https:\/\/roveyayinevi.com.tr\/index.php\/wp-json\/wp\/v2\/product_cat?post=749494"},{"taxonomy":"product_tag","embeddable":true,"href":"https:\/\/roveyayinevi.com.tr\/index.php\/wp-json\/wp\/v2\/product_tag?post=749494"}],"curies":[{"name":"wp","href":"https:\/\/api.w.org\/{rel}","templated":true}]}}