{"id":749493,"date":"2025-08-28T03:57:32","date_gmt":"2025-08-28T00:57:32","guid":{"rendered":"https:\/\/roveyayinevi.com.tr\/index.php\/urun\/don-kisot-sehre-gelsin\/"},"modified":"2026-04-16T03:03:04","modified_gmt":"2026-04-16T00:03:04","slug":"don-kisot-sehre-gelsin","status":"publish","type":"product","link":"https:\/\/roveyayinevi.com.tr\/index.php\/urun\/don-kisot-sehre-gelsin\/","title":{"rendered":"Don Ki\u015fot \u015eehre Gelsin"},"content":{"rendered":"<p>Suatlar, yaz tatilinde anneannesi ile dedesinin k\u00f6ydeki yazl\u0131\u011f\u0131na giderler.  Suat\u2019\u0131n buradaki hayvanlarla \u00f6zellikle de horoz Don Ki\u015fot\u2019la \u00e7ok yak\u0131n ve \u00f6zel bir ili\u015fkisi vard\u0131r. Arkada\u015f\u0131 Enes\u2019in bir kedisi oldu\u011funu \u00f6\u011frendikten sonra daha da bir heveslenir, Don Ki\u015fot\u2019u \u015fehirdeki evlerine g\u00f6t\u00fcrmek i\u00e7in hayaller kurar. Elbette ablas\u0131 ile birlikte planlar yapar. Aile \u00fcyeleri yap\u0131lan sunumdan etkilenecek mi?  Don Ki\u015fot \u015fehirdeki eve gelebilecek mi? Hayvanlar, \u015fehir hayat\u0131, k\u00f6y hayat\u0131, sorumluluk hakk\u0131nda s\u0131cac\u0131k bir hik\u00e2ye.<\/p>\n","protected":false},"excerpt":{"rendered":"<p>Suatlar, yaz tatilinde anneannesi ile dedesinin k\u00f6ydeki yazl\u0131\u011f\u0131na giderler. Suat\u2019\u0131n buradaki hayvanlarla \u00f6zellikle de horoz Don Ki\u015fot\u2019la \u00e7ok yak\u0131n ve \u00f6zel bir ili\u015fkisi vard\u0131r. Arkada\u015f\u0131 Enes\u2019in<span class=\"excerpt-hellip\"> [\u2026]<\/span><\/p>\n","protected":false},"featured_media":0,"template":"","meta":{"_monsterinsights_skip_tracking":false,"_monsterinsights_sitenote_active":false,"_monsterinsights_sitenote_note":"","_monsterinsights_sitenote_category":0},"product_brand":[],"product_cat":[12274,12631],"product_tag":[],"class_list":{"0":"post-749493","1":"product","2":"type-product","3":"status-publish","5":"product_cat-cocuk-ve-genclik-kitaplari","6":"product_cat-diger-cocuk-ve-genclik-kitaplari","7":"pa_cilt-ciltsiz","8":"pa_tur-kitap","9":"pa_yayinevi-erdem-cocuk","10":"pa_yazar-feyza-sahin","12":"first","13":"instock","14":"sale","15":"shipping-taxable","16":"purchasable","17":"product-type-simple"},"_links":{"self":[{"href":"https:\/\/roveyayinevi.com.tr\/index.php\/wp-json\/wp\/v2\/product\/749493","targetHints":{"allow":["GET"]}}],"collection":[{"href":"https:\/\/roveyayinevi.com.tr\/index.php\/wp-json\/wp\/v2\/product"}],"about":[{"href":"https:\/\/roveyayinevi.com.tr\/index.php\/wp-json\/wp\/v2\/types\/product"}],"wp:attachment":[{"href":"https:\/\/roveyayinevi.com.tr\/index.php\/wp-json\/wp\/v2\/media?parent=749493"}],"wp:term":[{"taxonomy":"product_brand","embeddable":true,"href":"https:\/\/roveyayinevi.com.tr\/index.php\/wp-json\/wp\/v2\/product_brand?post=749493"},{"taxonomy":"product_cat","embeddable":true,"href":"https:\/\/roveyayinevi.com.tr\/index.php\/wp-json\/wp\/v2\/product_cat?post=749493"},{"taxonomy":"product_tag","embeddable":true,"href":"https:\/\/roveyayinevi.com.tr\/index.php\/wp-json\/wp\/v2\/product_tag?post=749493"}],"curies":[{"name":"wp","href":"https:\/\/api.w.org\/{rel}","templated":true}]}}