{"id":749492,"date":"2025-08-28T03:57:31","date_gmt":"2025-08-28T00:57:31","guid":{"rendered":"https:\/\/roveyayinevi.com.tr\/index.php\/urun\/hallet-goreyim-seni\/"},"modified":"2026-04-16T03:03:04","modified_gmt":"2026-04-16T00:03:04","slug":"hallet-goreyim-seni","status":"publish","type":"product","link":"https:\/\/roveyayinevi.com.tr\/index.php\/urun\/hallet-goreyim-seni\/","title":{"rendered":"Hallet G\u00f6reyim Seni"},"content":{"rendered":"<p>Suat okulun ilk g\u00fcn\u00fc servise bindi\u011finde bir \u015feyler de\u011fi\u015fmi\u015ftir, art\u0131k yan\u0131ndaki koltukta ablas\u0131 yerine ba\u015fka bir \u00e7ocuk vard\u0131r.  Suat, yeni arkada\u015f\u0131 Enes\u2019in renklerle ilgili bir problemi oldu\u011funu sezer. Ablas\u0131 ve day\u0131s\u0131yla i\u015f birli\u011fi yaparak Enes\u2019i incitmeden onun i\u00e7in \u00e7\u00f6z\u00fcm yollar\u0131 bulmaya \u00e7al\u0131\u015f\u0131r. Cami avlusunda bisiklet s\u00fcrme, dedektiflik oyunu planlar\u0131 yap\u0131l\u0131r. Enes\u2019in renklerle ilgili problemi nedir? Sorununa nas\u0131l bir \u00e7\u00f6z\u00fcm bulacaklar? Renk k\u00f6rl\u00fc\u011f\u00fc, g\u00f6z-g\u00f6rme, arkada\u015fl\u0131kla ilgili s\u0131cac\u0131k bir hik\u00e2ye.<\/p>\n","protected":false},"excerpt":{"rendered":"<p>Suat okulun ilk g\u00fcn\u00fc servise bindi\u011finde bir \u015feyler de\u011fi\u015fmi\u015ftir, art\u0131k yan\u0131ndaki koltukta ablas\u0131 yerine ba\u015fka bir \u00e7ocuk vard\u0131r. Suat, yeni arkada\u015f\u0131 Enes\u2019in renklerle ilgili bir problemi<span class=\"excerpt-hellip\"> [\u2026]<\/span><\/p>\n","protected":false},"featured_media":0,"template":"","meta":{"_monsterinsights_skip_tracking":false,"_monsterinsights_sitenote_active":false,"_monsterinsights_sitenote_note":"","_monsterinsights_sitenote_category":0},"product_brand":[],"product_cat":[12274,12631],"product_tag":[],"class_list":{"0":"post-749492","1":"product","2":"type-product","3":"status-publish","5":"product_cat-cocuk-ve-genclik-kitaplari","6":"product_cat-diger-cocuk-ve-genclik-kitaplari","7":"pa_cilt-ciltsiz","8":"pa_tur-kitap","9":"pa_yayinevi-erdem-cocuk","10":"pa_yazar-feyza-sahin","12":"first","13":"instock","14":"sale","15":"shipping-taxable","16":"purchasable","17":"product-type-simple"},"_links":{"self":[{"href":"https:\/\/roveyayinevi.com.tr\/index.php\/wp-json\/wp\/v2\/product\/749492","targetHints":{"allow":["GET"]}}],"collection":[{"href":"https:\/\/roveyayinevi.com.tr\/index.php\/wp-json\/wp\/v2\/product"}],"about":[{"href":"https:\/\/roveyayinevi.com.tr\/index.php\/wp-json\/wp\/v2\/types\/product"}],"wp:attachment":[{"href":"https:\/\/roveyayinevi.com.tr\/index.php\/wp-json\/wp\/v2\/media?parent=749492"}],"wp:term":[{"taxonomy":"product_brand","embeddable":true,"href":"https:\/\/roveyayinevi.com.tr\/index.php\/wp-json\/wp\/v2\/product_brand?post=749492"},{"taxonomy":"product_cat","embeddable":true,"href":"https:\/\/roveyayinevi.com.tr\/index.php\/wp-json\/wp\/v2\/product_cat?post=749492"},{"taxonomy":"product_tag","embeddable":true,"href":"https:\/\/roveyayinevi.com.tr\/index.php\/wp-json\/wp\/v2\/product_tag?post=749492"}],"curies":[{"name":"wp","href":"https:\/\/api.w.org\/{rel}","templated":true}]}}