{"id":749490,"date":"2025-08-28T03:57:28","date_gmt":"2025-08-28T00:57:28","guid":{"rendered":"https:\/\/roveyayinevi.com.tr\/index.php\/urun\/aslan-hurkus-gorevimiz-gokbey\/"},"modified":"2026-04-16T03:03:04","modified_gmt":"2026-04-16T00:03:04","slug":"aslan-hurkus-gorevimiz-gokbey","status":"publish","type":"product","link":"https:\/\/roveyayinevi.com.tr\/index.php\/urun\/aslan-hurkus-gorevimiz-gokbey\/","title":{"rendered":"Aslan H\u00fcrku\u015f: G\u00f6revimiz G\u00f6kbey"},"content":{"rendered":"<p>TRT \u00c7ocuk ekran\u0131ndan tan\u0131d\u0131\u011f\u0131m\u0131z Aslan, H\u00dcRKU\u015e ve G\u00d6KBEY\u2019le yeni bir macerada\u2026 Arkada\u015flar\u0131yla birlikte iyili\u011fi, dostlu\u011fu ve \u00fclkesi i\u00e7in \u00e7al\u0131\u015fmay\u0131 ya\u015fayarak g\u00f6steren Aslan, bilimin \u0131\u015f\u0131\u011f\u0131nda y\u00fcr\u00fcyerek b\u00fct\u00fcn \u00e7ocuklara \u00f6rnek oluyor. \u201cASLAN H\u00dcRK\u00dc\u015e: G\u00d6REV\u0130M\u0130Z G\u00d6KBEY\u201d kitab\u0131yla Aslan\u2019\u0131n g\u00f6ky\u00fcz\u00fcne ula\u015fan bu maceras\u0131, e\u011flenceli bir okuma ser\u00fcvenine d\u00f6n\u00fc\u015f\u00fcyor.<\/p>\n","protected":false},"excerpt":{"rendered":"<p>TRT \u00c7ocuk ekran\u0131ndan tan\u0131d\u0131\u011f\u0131m\u0131z Aslan, H\u00dcRKU\u015e ve G\u00d6KBEY\u2019le yeni bir macerada\u2026 Arkada\u015flar\u0131yla birlikte iyili\u011fi, dostlu\u011fu ve \u00fclkesi i\u00e7in \u00e7al\u0131\u015fmay\u0131 ya\u015fayarak g\u00f6steren Aslan, bilimin \u0131\u015f\u0131\u011f\u0131nda y\u00fcr\u00fcyerek b\u00fct\u00fcn<span class=\"excerpt-hellip\"> [\u2026]<\/span><\/p>\n","protected":false},"featured_media":0,"template":"","meta":{"_monsterinsights_skip_tracking":false,"_monsterinsights_sitenote_active":false,"_monsterinsights_sitenote_note":"","_monsterinsights_sitenote_category":0},"product_brand":[],"product_cat":[12274,12284],"product_tag":[],"class_list":{"0":"post-749490","1":"product","2":"type-product","3":"status-publish","5":"product_cat-cocuk-ve-genclik-kitaplari","6":"product_cat-hikayeler","7":"pa_cilt-ciltsiz","8":"pa_tur-kitap","9":"pa_yayinevi-erdem-cocuk","10":"pa_yazar-trt","12":"first","13":"instock","14":"sale","15":"shipping-taxable","16":"purchasable","17":"product-type-simple"},"_links":{"self":[{"href":"https:\/\/roveyayinevi.com.tr\/index.php\/wp-json\/wp\/v2\/product\/749490","targetHints":{"allow":["GET"]}}],"collection":[{"href":"https:\/\/roveyayinevi.com.tr\/index.php\/wp-json\/wp\/v2\/product"}],"about":[{"href":"https:\/\/roveyayinevi.com.tr\/index.php\/wp-json\/wp\/v2\/types\/product"}],"wp:attachment":[{"href":"https:\/\/roveyayinevi.com.tr\/index.php\/wp-json\/wp\/v2\/media?parent=749490"}],"wp:term":[{"taxonomy":"product_brand","embeddable":true,"href":"https:\/\/roveyayinevi.com.tr\/index.php\/wp-json\/wp\/v2\/product_brand?post=749490"},{"taxonomy":"product_cat","embeddable":true,"href":"https:\/\/roveyayinevi.com.tr\/index.php\/wp-json\/wp\/v2\/product_cat?post=749490"},{"taxonomy":"product_tag","embeddable":true,"href":"https:\/\/roveyayinevi.com.tr\/index.php\/wp-json\/wp\/v2\/product_tag?post=749490"}],"curies":[{"name":"wp","href":"https:\/\/api.w.org\/{rel}","templated":true}]}}