{"id":749489,"date":"2025-08-28T03:57:26","date_gmt":"2025-08-28T00:57:26","guid":{"rendered":"https:\/\/roveyayinevi.com.tr\/index.php\/urun\/aslan-hurkus-kayip-elmas\/"},"modified":"2025-08-31T19:14:57","modified_gmt":"2025-08-31T16:14:57","slug":"aslan-hurkus-kayip-elmas","status":"publish","type":"product","link":"https:\/\/roveyayinevi.com.tr\/index.php\/urun\/aslan-hurkus-kayip-elmas\/","title":{"rendered":"Aslan H\u00fcrku\u015f Kay\u0131p Elmas"},"content":{"rendered":"<p>Aslan ve arkada\u015flar\u0131 yepyeni bir macerayla kar\u015f\u0131n\u0131zda!B\u00fcy\u00fck dedesinin miras\u0131 H\u00fcrku\u015f\u2019un kay\u0131p par\u00e7as\u0131n\u0131 bulan Aslan ve arkada\u015flar\u0131 kendilerini tehlikeli bir durumun i\u00e7inde bulurlar. Ancak bu par\u00e7an\u0131n pe\u015finde olan ba\u015fka birileri de vard\u0131r. Aslan ve arkada\u015flar\u0131 bu par\u00e7ay\u0131 H\u00fcrku\u015f\u2019a tak\u0131p onu canland\u0131rmay\u0131 ba\u015farabilecekler mi? Cevab\u0131 H\u00fcrku\u015f Kay\u0131p Elmas kitab\u0131nda!<\/p>\n","protected":false},"excerpt":{"rendered":"<p>Aslan ve arkada\u015flar\u0131 yepyeni bir macerayla kar\u015f\u0131n\u0131zda!B\u00fcy\u00fck dedesinin miras\u0131 H\u00fcrku\u015f\u2019un kay\u0131p par\u00e7as\u0131n\u0131 bulan Aslan ve arkada\u015flar\u0131 kendilerini tehlikeli bir durumun i\u00e7inde bulurlar. Ancak bu par\u00e7an\u0131n pe\u015finde<span class=\"excerpt-hellip\"> [\u2026]<\/span><\/p>\n","protected":false},"featured_media":0,"template":"","meta":{"_monsterinsights_skip_tracking":false,"_monsterinsights_sitenote_active":false,"_monsterinsights_sitenote_note":"","_monsterinsights_sitenote_category":0},"product_brand":[],"product_cat":[12274,12284],"product_tag":[],"class_list":{"0":"post-749489","1":"product","2":"type-product","3":"status-publish","5":"product_cat-cocuk-ve-genclik-kitaplari","6":"product_cat-hikayeler","7":"pa_cilt-ciltsiz","8":"pa_tur-kitap","9":"pa_yayinevi-erdem-cocuk","10":"pa_yazar-trt","12":"first","13":"instock","14":"sale","15":"shipping-taxable","16":"purchasable","17":"product-type-simple"},"_links":{"self":[{"href":"https:\/\/roveyayinevi.com.tr\/index.php\/wp-json\/wp\/v2\/product\/749489","targetHints":{"allow":["GET"]}}],"collection":[{"href":"https:\/\/roveyayinevi.com.tr\/index.php\/wp-json\/wp\/v2\/product"}],"about":[{"href":"https:\/\/roveyayinevi.com.tr\/index.php\/wp-json\/wp\/v2\/types\/product"}],"wp:attachment":[{"href":"https:\/\/roveyayinevi.com.tr\/index.php\/wp-json\/wp\/v2\/media?parent=749489"}],"wp:term":[{"taxonomy":"product_brand","embeddable":true,"href":"https:\/\/roveyayinevi.com.tr\/index.php\/wp-json\/wp\/v2\/product_brand?post=749489"},{"taxonomy":"product_cat","embeddable":true,"href":"https:\/\/roveyayinevi.com.tr\/index.php\/wp-json\/wp\/v2\/product_cat?post=749489"},{"taxonomy":"product_tag","embeddable":true,"href":"https:\/\/roveyayinevi.com.tr\/index.php\/wp-json\/wp\/v2\/product_tag?post=749489"}],"curies":[{"name":"wp","href":"https:\/\/api.w.org\/{rel}","templated":true}]}}