{"id":749485,"date":"2025-08-28T03:57:20","date_gmt":"2025-08-28T00:57:20","guid":{"rendered":"https:\/\/roveyayinevi.com.tr\/index.php\/urun\/fatih-robur-jules-verne-dizisi\/"},"modified":"2026-04-16T03:03:04","modified_gmt":"2026-04-16T00:03:04","slug":"fatih-robur-jules-verne-dizisi","status":"publish","type":"product","link":"https:\/\/roveyayinevi.com.tr\/index.php\/urun\/fatih-robur-jules-verne-dizisi\/","title":{"rendered":"Fatih Robur- Jules Verne Dizisi"},"content":{"rendered":"<p>U\u00e7an makinelerin hen\u00fcz icat edilmedi\u011fi zamanlarda insanlar bu makinelerin pervaneli mi olaca\u011f\u0131n\u0131 yoksa havadan daha hafif bir malzemeyle mi yap\u0131laca\u011f\u0131n\u0131 tart\u0131\u015f\u0131yorlard\u0131. Bir g\u00fcn g\u00f6ky\u00fcz\u00fcnden m\u00fczik sesleri gelmeye, \u015fehirlerin y\u00fcksek yap\u0131lar\u0131nda bayraklar g\u00f6r\u00fclmeye ba\u015flad\u0131. Kimse bu durumun s\u0131rr\u0131n\u0131 \u00e7\u00f6zemese de g\u00f6ky\u00fcz\u00fcn\u00fc \u00e7oktan fethetmi\u015f birisi vard\u0131: Fatih Robur! Jules Verne klasiklerinin \u00e7ocuklar i\u00e7in yeniden yorumland\u0131\u011f\u0131 Jules Verne\u2019in Hayalleri ile K\u00fc\u00e7\u00fck Seyahatler serisi, incelikle i\u015flenmi\u015f resimleriyle okuyucuya g\u00f6rsel okuma imk\u00e2n\u0131 sunuyor.<\/p>\n","protected":false},"excerpt":{"rendered":"<p>U\u00e7an makinelerin hen\u00fcz icat edilmedi\u011fi zamanlarda insanlar bu makinelerin pervaneli mi olaca\u011f\u0131n\u0131 yoksa havadan daha hafif bir malzemeyle mi yap\u0131laca\u011f\u0131n\u0131 tart\u0131\u015f\u0131yorlard\u0131. Bir g\u00fcn g\u00f6ky\u00fcz\u00fcnden m\u00fczik sesleri<span class=\"excerpt-hellip\"> [\u2026]<\/span><\/p>\n","protected":false},"featured_media":0,"template":"","meta":{"_monsterinsights_skip_tracking":false,"_monsterinsights_sitenote_active":false,"_monsterinsights_sitenote_note":"","_monsterinsights_sitenote_category":0},"product_brand":[],"product_cat":[12274,12631],"product_tag":[],"class_list":{"0":"post-749485","1":"product","2":"type-product","3":"status-publish","5":"product_cat-cocuk-ve-genclik-kitaplari","6":"product_cat-diger-cocuk-ve-genclik-kitaplari","7":"pa_cilt-ciltsiz","8":"pa_tur-kitap","9":"pa_yayinevi-erdem-cocuk","10":"pa_yazar-antonis-papatheodoulou","12":"first","13":"instock","14":"sale","15":"shipping-taxable","16":"purchasable","17":"product-type-simple"},"_links":{"self":[{"href":"https:\/\/roveyayinevi.com.tr\/index.php\/wp-json\/wp\/v2\/product\/749485","targetHints":{"allow":["GET"]}}],"collection":[{"href":"https:\/\/roveyayinevi.com.tr\/index.php\/wp-json\/wp\/v2\/product"}],"about":[{"href":"https:\/\/roveyayinevi.com.tr\/index.php\/wp-json\/wp\/v2\/types\/product"}],"wp:attachment":[{"href":"https:\/\/roveyayinevi.com.tr\/index.php\/wp-json\/wp\/v2\/media?parent=749485"}],"wp:term":[{"taxonomy":"product_brand","embeddable":true,"href":"https:\/\/roveyayinevi.com.tr\/index.php\/wp-json\/wp\/v2\/product_brand?post=749485"},{"taxonomy":"product_cat","embeddable":true,"href":"https:\/\/roveyayinevi.com.tr\/index.php\/wp-json\/wp\/v2\/product_cat?post=749485"},{"taxonomy":"product_tag","embeddable":true,"href":"https:\/\/roveyayinevi.com.tr\/index.php\/wp-json\/wp\/v2\/product_tag?post=749485"}],"curies":[{"name":"wp","href":"https:\/\/api.w.org\/{rel}","templated":true}]}}