{"id":749483,"date":"2025-08-28T03:57:18","date_gmt":"2025-08-28T00:57:18","guid":{"rendered":"https:\/\/roveyayinevi.com.tr\/index.php\/urun\/denizler-altinda-20-000-fersah-jules-verne-dizisi\/"},"modified":"2026-04-16T03:03:04","modified_gmt":"2026-04-16T00:03:04","slug":"denizler-altinda-20-000-fersah-jules-verne-dizisi","status":"publish","type":"product","link":"https:\/\/roveyayinevi.com.tr\/index.php\/urun\/denizler-altinda-20-000-fersah-jules-verne-dizisi\/","title":{"rendered":"Denizler Alt\u0131nda 20.000 Fersah- Jules Verne Dizisi"},"content":{"rendered":"<p>1866 y\u0131l\u0131nda t\u00fcm denizcileri korkutan bir deniz canavar\u0131 ortaya \u00e7\u0131kar. Bu deniz canavar\u0131n\u0131n gizemini \u00e7\u00f6zmek i\u00e7in bir kafile denize a\u00e7\u0131l\u0131r. Kafilede bu canavar\u0131n uzun di\u015flere sahip bir balina oldu\u011funu d\u00fc\u015f\u00fcnen bilim insan\u0131 Pierre Aronnax da yer al\u0131r. Ancak bu canavarla kar\u015f\u0131la\u015ft\u0131klar\u0131nda ger\u00e7e\u011fin bundan \u00e7ok farkl\u0131 oldu\u011fu anla\u015f\u0131l\u0131r. Jules Verne klasiklerinin \u00e7ocuklar i\u00e7in yeniden yorumland\u0131\u011f\u0131 Jules Verne\u2019in Hayalleri ile K\u00fc\u00e7\u00fck Seyahatler serisi, incelikle i\u015flenmi\u015f resimleriyle okuyucuya g\u00f6rsel okuma imk\u00e2n\u0131 sunuyor.<\/p>\n","protected":false},"excerpt":{"rendered":"<p>1866 y\u0131l\u0131nda t\u00fcm denizcileri korkutan bir deniz canavar\u0131 ortaya \u00e7\u0131kar. Bu deniz canavar\u0131n\u0131n gizemini \u00e7\u00f6zmek i\u00e7in bir kafile denize a\u00e7\u0131l\u0131r. Kafilede bu canavar\u0131n uzun di\u015flere sahip<span class=\"excerpt-hellip\"> [\u2026]<\/span><\/p>\n","protected":false},"featured_media":0,"template":"","meta":{"_monsterinsights_skip_tracking":false,"_monsterinsights_sitenote_active":false,"_monsterinsights_sitenote_note":"","_monsterinsights_sitenote_category":0},"product_brand":[],"product_cat":[12274,12631],"product_tag":[],"class_list":{"0":"post-749483","1":"product","2":"type-product","3":"status-publish","5":"product_cat-cocuk-ve-genclik-kitaplari","6":"product_cat-diger-cocuk-ve-genclik-kitaplari","7":"pa_cilt-ciltsiz","8":"pa_tur-kitap","9":"pa_yayinevi-erdem-cocuk","10":"pa_yazar-iris-samartzi","12":"first","13":"instock","14":"sale","15":"shipping-taxable","16":"purchasable","17":"product-type-simple"},"_links":{"self":[{"href":"https:\/\/roveyayinevi.com.tr\/index.php\/wp-json\/wp\/v2\/product\/749483","targetHints":{"allow":["GET"]}}],"collection":[{"href":"https:\/\/roveyayinevi.com.tr\/index.php\/wp-json\/wp\/v2\/product"}],"about":[{"href":"https:\/\/roveyayinevi.com.tr\/index.php\/wp-json\/wp\/v2\/types\/product"}],"wp:attachment":[{"href":"https:\/\/roveyayinevi.com.tr\/index.php\/wp-json\/wp\/v2\/media?parent=749483"}],"wp:term":[{"taxonomy":"product_brand","embeddable":true,"href":"https:\/\/roveyayinevi.com.tr\/index.php\/wp-json\/wp\/v2\/product_brand?post=749483"},{"taxonomy":"product_cat","embeddable":true,"href":"https:\/\/roveyayinevi.com.tr\/index.php\/wp-json\/wp\/v2\/product_cat?post=749483"},{"taxonomy":"product_tag","embeddable":true,"href":"https:\/\/roveyayinevi.com.tr\/index.php\/wp-json\/wp\/v2\/product_tag?post=749483"}],"curies":[{"name":"wp","href":"https:\/\/api.w.org\/{rel}","templated":true}]}}