{"id":749482,"date":"2025-08-28T03:57:16","date_gmt":"2025-08-28T00:57:16","guid":{"rendered":"https:\/\/roveyayinevi.com.tr\/index.php\/urun\/balonla-5-hafta-jules-verne-dizisi\/"},"modified":"2026-04-16T03:03:04","modified_gmt":"2026-04-16T00:03:04","slug":"balonla-5-hafta-jules-verne-dizisi","status":"publish","type":"product","link":"https:\/\/roveyayinevi.com.tr\/index.php\/urun\/balonla-5-hafta-jules-verne-dizisi\/","title":{"rendered":"Balonla 5 Hafta- Jules Verne Dizisi"},"content":{"rendered":"<p>Afrika\u2019n\u0131n tam ortas\u0131n\u0131, kalbini ke\u015ffetmeye karar veren Dr. Ferguson bunun i\u00e7in s\u0131ra d\u0131\u015f\u0131 bir plan yapar: Bu yolculu\u011fu bir hava balonuyla ger\u00e7ekle\u015ftirecektir. Dr. Ferguson ve arkada\u015flar\u0131n\u0131n ise sadece cesaret, bilgi, merak, dostluk, azim ve y\u00fcreklili\u011fe ihtiyac\u0131 vard\u0131. Jules Verne klasiklerinin \u00e7ocuklar i\u00e7in yeniden yorumland\u0131\u011f\u0131 Jules Verne\u2019in Hayalleri ile K\u00fc\u00e7\u00fck Seyahatler serisi, incelikle i\u015flenmi\u015f resimleriyle okuyucuya g\u00f6rsel okuma imk\u00e2n\u0131 sunuyor.<\/p>\n","protected":false},"excerpt":{"rendered":"<p>Afrika\u2019n\u0131n tam ortas\u0131n\u0131, kalbini ke\u015ffetmeye karar veren Dr. Ferguson bunun i\u00e7in s\u0131ra d\u0131\u015f\u0131 bir plan yapar: Bu yolculu\u011fu bir hava balonuyla ger\u00e7ekle\u015ftirecektir. Dr. Ferguson ve arkada\u015flar\u0131n\u0131n<span class=\"excerpt-hellip\"> [\u2026]<\/span><\/p>\n","protected":false},"featured_media":0,"template":"","meta":{"_monsterinsights_skip_tracking":false,"_monsterinsights_sitenote_active":false,"_monsterinsights_sitenote_note":"","_monsterinsights_sitenote_category":0},"product_brand":[],"product_cat":[12274,12631],"product_tag":[],"class_list":{"0":"post-749482","1":"product","2":"type-product","3":"status-publish","5":"product_cat-cocuk-ve-genclik-kitaplari","6":"product_cat-diger-cocuk-ve-genclik-kitaplari","7":"pa_cilt-ciltsiz","8":"pa_tur-kitap","9":"pa_yayinevi-erdem-cocuk","10":"pa_yazar-antonis-papatheodoulou","12":"first","13":"instock","14":"sale","15":"shipping-taxable","16":"purchasable","17":"product-type-simple"},"_links":{"self":[{"href":"https:\/\/roveyayinevi.com.tr\/index.php\/wp-json\/wp\/v2\/product\/749482","targetHints":{"allow":["GET"]}}],"collection":[{"href":"https:\/\/roveyayinevi.com.tr\/index.php\/wp-json\/wp\/v2\/product"}],"about":[{"href":"https:\/\/roveyayinevi.com.tr\/index.php\/wp-json\/wp\/v2\/types\/product"}],"wp:attachment":[{"href":"https:\/\/roveyayinevi.com.tr\/index.php\/wp-json\/wp\/v2\/media?parent=749482"}],"wp:term":[{"taxonomy":"product_brand","embeddable":true,"href":"https:\/\/roveyayinevi.com.tr\/index.php\/wp-json\/wp\/v2\/product_brand?post=749482"},{"taxonomy":"product_cat","embeddable":true,"href":"https:\/\/roveyayinevi.com.tr\/index.php\/wp-json\/wp\/v2\/product_cat?post=749482"},{"taxonomy":"product_tag","embeddable":true,"href":"https:\/\/roveyayinevi.com.tr\/index.php\/wp-json\/wp\/v2\/product_tag?post=749482"}],"curies":[{"name":"wp","href":"https:\/\/api.w.org\/{rel}","templated":true}]}}