{"id":749481,"date":"2025-08-28T03:57:15","date_gmt":"2025-08-28T00:57:15","guid":{"rendered":"https:\/\/roveyayinevi.com.tr\/index.php\/urun\/aya-yolculuk-jules-verne-dizisi\/"},"modified":"2026-04-16T03:03:04","modified_gmt":"2026-04-16T00:03:04","slug":"aya-yolculuk-jules-verne-dizisi","status":"publish","type":"product","link":"https:\/\/roveyayinevi.com.tr\/index.php\/urun\/aya-yolculuk-jules-verne-dizisi\/","title":{"rendered":"Aya Yolculuk- Jules Verne Dizisi"},"content":{"rendered":"<p>Sava\u015f bitmi\u015f, herkes evine \u00e7ekilmi\u015fti. Tabii Amerika\u2019n\u0131n en \u00fcnl\u00fc silah, mermi ve top yap\u0131mc\u0131s\u0131 Impey Barbicane de&#8230; Sava\u015f\u0131n ard\u0131ndan bir gece akl\u0131na d\u00fcnyan\u0131n en b\u00fcy\u00fck topunu d\u00fc\u015fmana de\u011fil Ay\u2019\u0131n y\u00fczeyine f\u0131rlatabilen, t\u00fcm insanl\u0131\u011f\u0131 yepyeni bilgilerle donatacak bir top g\u00fcllesi yapma fikri geldi. Bu fikir \u00fczerine \u00e7al\u0131\u015f\u0131rken g\u00fcllenin i\u00e7inde Ay\u2019a seyahat etmek isteyen birisinden bir mektup ald\u0131. B\u00f6ylece insano\u011flu ilk kez Ay\u2019a gitmek i\u00e7in harekete ge\u00e7mi\u015f oldu. Jules Verne klasiklerinin \u00e7ocuklar i\u00e7in yeniden yorumland\u0131\u011f\u0131 Jules Verne\u2019in Hayalleri ile K\u00fc\u00e7\u00fck Seyahatler serisi, incelikle i\u015flenmi\u015f resimleriyle okuyucuya g\u00f6rsel okuma imk\u00e2n\u0131 sunuyor.<\/p>\n","protected":false},"excerpt":{"rendered":"<p>Sava\u015f bitmi\u015f, herkes evine \u00e7ekilmi\u015fti. Tabii Amerika\u2019n\u0131n en \u00fcnl\u00fc silah, mermi ve top yap\u0131mc\u0131s\u0131 Impey Barbicane de&#8230; Sava\u015f\u0131n ard\u0131ndan bir gece akl\u0131na d\u00fcnyan\u0131n en b\u00fcy\u00fck topunu<span class=\"excerpt-hellip\"> [\u2026]<\/span><\/p>\n","protected":false},"featured_media":0,"template":"","meta":{"_monsterinsights_skip_tracking":false,"_monsterinsights_sitenote_active":false,"_monsterinsights_sitenote_note":"","_monsterinsights_sitenote_category":0},"product_brand":[],"product_cat":[12274,12284],"product_tag":[],"class_list":{"0":"post-749481","1":"product","2":"type-product","3":"status-publish","5":"product_cat-cocuk-ve-genclik-kitaplari","6":"product_cat-hikayeler","7":"pa_cilt-ciltsiz","8":"pa_tur-kitap","9":"pa_yayinevi-erdem-cocuk","10":"pa_yazar-antonis-papatheodoulou","12":"first","13":"instock","14":"sale","15":"shipping-taxable","16":"purchasable","17":"product-type-simple"},"_links":{"self":[{"href":"https:\/\/roveyayinevi.com.tr\/index.php\/wp-json\/wp\/v2\/product\/749481","targetHints":{"allow":["GET"]}}],"collection":[{"href":"https:\/\/roveyayinevi.com.tr\/index.php\/wp-json\/wp\/v2\/product"}],"about":[{"href":"https:\/\/roveyayinevi.com.tr\/index.php\/wp-json\/wp\/v2\/types\/product"}],"wp:attachment":[{"href":"https:\/\/roveyayinevi.com.tr\/index.php\/wp-json\/wp\/v2\/media?parent=749481"}],"wp:term":[{"taxonomy":"product_brand","embeddable":true,"href":"https:\/\/roveyayinevi.com.tr\/index.php\/wp-json\/wp\/v2\/product_brand?post=749481"},{"taxonomy":"product_cat","embeddable":true,"href":"https:\/\/roveyayinevi.com.tr\/index.php\/wp-json\/wp\/v2\/product_cat?post=749481"},{"taxonomy":"product_tag","embeddable":true,"href":"https:\/\/roveyayinevi.com.tr\/index.php\/wp-json\/wp\/v2\/product_tag?post=749481"}],"curies":[{"name":"wp","href":"https:\/\/api.w.org\/{rel}","templated":true}]}}