{"id":749480,"date":"2025-08-28T03:57:13","date_gmt":"2025-08-28T00:57:13","guid":{"rendered":"https:\/\/roveyayinevi.com.tr\/index.php\/urun\/80-gunde-dunya-turu-jules-verne-dizisi\/"},"modified":"2026-04-16T03:03:04","modified_gmt":"2026-04-16T00:03:04","slug":"80-gunde-dunya-turu-jules-verne-dizisi","status":"publish","type":"product","link":"https:\/\/roveyayinevi.com.tr\/index.php\/urun\/80-gunde-dunya-turu-jules-verne-dizisi\/","title":{"rendered":"80 G\u00fcnde D\u00fcnya Turu &#8211; Jules Verne Dizisi"},"content":{"rendered":"<p>Son derece dakik ve d\u00fczenli bir hayat ya\u015fayan Phileas Fogg bir g\u00fcn 80 g\u00fcnde d\u00fcnyay\u0131 dola\u015fabilece\u011fine dair b\u00fct\u00fcn serveti \u00fcst\u00fcne iddiaya girer. G\u00fcn\u00fc g\u00fcn\u00fcne planlad\u0131\u011f\u0131 seyahatinde hesaba katmad\u0131\u011f\u0131 pek \u00e7ok sorun ya\u015far. Peki Bay Fogg bu aksiliklere ra\u011fmen d\u00fcnya turunu 80 g\u00fcnde tamamlayabilecek mi? Jules Verne klasiklerinin \u00e7ocuklar i\u00e7in yeniden yorumland\u0131\u011f\u0131 Jules Verne\u2019in Hayalleri ile K\u00fc\u00e7\u00fck Seyahatler serisi, incelikle i\u015flenmi\u015f resimleriyle okuyucuya g\u00f6rsel okuma imk\u00e2n\u0131 sunuyor.<\/p>\n","protected":false},"excerpt":{"rendered":"<p>Son derece dakik ve d\u00fczenli bir hayat ya\u015fayan Phileas Fogg bir g\u00fcn 80 g\u00fcnde d\u00fcnyay\u0131 dola\u015fabilece\u011fine dair b\u00fct\u00fcn serveti \u00fcst\u00fcne iddiaya girer. G\u00fcn\u00fc g\u00fcn\u00fcne planlad\u0131\u011f\u0131 seyahatinde<span class=\"excerpt-hellip\"> [\u2026]<\/span><\/p>\n","protected":false},"featured_media":0,"template":"","meta":{"_monsterinsights_skip_tracking":false,"_monsterinsights_sitenote_active":false,"_monsterinsights_sitenote_note":"","_monsterinsights_sitenote_category":0},"product_brand":[],"product_cat":[12274,12284],"product_tag":[],"class_list":{"0":"post-749480","1":"product","2":"type-product","3":"status-publish","5":"product_cat-cocuk-ve-genclik-kitaplari","6":"product_cat-hikayeler","7":"pa_cilt-ciltsiz","8":"pa_tur-kitap","9":"pa_yayinevi-erdem-cocuk","10":"pa_yazar-antonis-papatheodoulou","12":"first","13":"instock","14":"sale","15":"shipping-taxable","16":"purchasable","17":"product-type-simple"},"_links":{"self":[{"href":"https:\/\/roveyayinevi.com.tr\/index.php\/wp-json\/wp\/v2\/product\/749480","targetHints":{"allow":["GET"]}}],"collection":[{"href":"https:\/\/roveyayinevi.com.tr\/index.php\/wp-json\/wp\/v2\/product"}],"about":[{"href":"https:\/\/roveyayinevi.com.tr\/index.php\/wp-json\/wp\/v2\/types\/product"}],"wp:attachment":[{"href":"https:\/\/roveyayinevi.com.tr\/index.php\/wp-json\/wp\/v2\/media?parent=749480"}],"wp:term":[{"taxonomy":"product_brand","embeddable":true,"href":"https:\/\/roveyayinevi.com.tr\/index.php\/wp-json\/wp\/v2\/product_brand?post=749480"},{"taxonomy":"product_cat","embeddable":true,"href":"https:\/\/roveyayinevi.com.tr\/index.php\/wp-json\/wp\/v2\/product_cat?post=749480"},{"taxonomy":"product_tag","embeddable":true,"href":"https:\/\/roveyayinevi.com.tr\/index.php\/wp-json\/wp\/v2\/product_tag?post=749480"}],"curies":[{"name":"wp","href":"https:\/\/api.w.org\/{rel}","templated":true}]}}