{"id":749479,"date":"2025-08-28T03:57:12","date_gmt":"2025-08-28T00:57:12","guid":{"rendered":"https:\/\/roveyayinevi.com.tr\/index.php\/urun\/dunyanin-en-yalniz-balinasi\/"},"modified":"2026-04-16T03:03:04","modified_gmt":"2026-04-16T00:03:04","slug":"dunyanin-en-yalniz-balinasi","status":"publish","type":"product","link":"https:\/\/roveyayinevi.com.tr\/index.php\/urun\/dunyanin-en-yalniz-balinasi\/","title":{"rendered":"D\u00fcnyan\u0131n En Yaln\u0131z Balinas\u0131"},"content":{"rendered":"<p>Bu kitap, d\u00fcnyan\u0131n en \u00fcnl\u00fc balinas\u0131 hakk\u0131nda yaz\u0131lm\u0131\u015f ger\u00e7ek bir hik\u00e2ye. Denizin en derinlerinde, 52 Hertz frekans\u0131nda s\u00f6yledi\u011fi \u015fark\u0131lar\u0131n\u0131 duyabilen hi\u00e7 kimsesi yok. Oysa di\u011fer t\u00fcm balinalar gibi o da devam ediyor s\u00f6ylemeye \u015fark\u0131s\u0131n\u0131. Hepsinden daha yaln\u0131z olarak&#8230; Ama hi\u00e7birimiz onun ger\u00e7ekten yapayaln\u0131z olup olmad\u0131\u011f\u0131n\u0131 bilmiyoruz. T\u0131pk\u0131 balinan\u0131n, kendi hayat\u0131 hakk\u0131nda ne d\u00fc\u015f\u00fcnd\u00fc\u011f\u00fcn\u00fc bilmedi\u011fimiz gibi.\u00d6d\u00fcll\u00fc yazar Martin Baltscheit taraf\u0131ndan yaz\u0131l\u0131p \u00e7izilen hik\u00e2ye, farkl\u0131l\u0131klar ve engellerle ilgili zarif ve yepyeni bir bak\u0131\u015f a\u00e7\u0131s\u0131 sunuyor.<\/p>\n","protected":false},"excerpt":{"rendered":"<p>Bu kitap, d\u00fcnyan\u0131n en \u00fcnl\u00fc balinas\u0131 hakk\u0131nda yaz\u0131lm\u0131\u015f ger\u00e7ek bir hik\u00e2ye. Denizin en derinlerinde, 52 Hertz frekans\u0131nda s\u00f6yledi\u011fi \u015fark\u0131lar\u0131n\u0131 duyabilen hi\u00e7 kimsesi yok. Oysa di\u011fer t\u00fcm<span class=\"excerpt-hellip\"> [\u2026]<\/span><\/p>\n","protected":false},"featured_media":0,"template":"","meta":{"_monsterinsights_skip_tracking":false,"_monsterinsights_sitenote_active":false,"_monsterinsights_sitenote_note":"","_monsterinsights_sitenote_category":0},"product_brand":[],"product_cat":[12274,12284],"product_tag":[],"class_list":{"0":"post-749479","1":"product","2":"type-product","3":"status-publish","5":"product_cat-cocuk-ve-genclik-kitaplari","6":"product_cat-hikayeler","7":"pa_cilt-ciltsiz","8":"pa_tur-kitap","9":"pa_yayinevi-erdem-cocuk","10":"pa_yazar-fatma-hazan-turkkol","12":"first","13":"instock","14":"sale","15":"shipping-taxable","16":"purchasable","17":"product-type-simple"},"_links":{"self":[{"href":"https:\/\/roveyayinevi.com.tr\/index.php\/wp-json\/wp\/v2\/product\/749479","targetHints":{"allow":["GET"]}}],"collection":[{"href":"https:\/\/roveyayinevi.com.tr\/index.php\/wp-json\/wp\/v2\/product"}],"about":[{"href":"https:\/\/roveyayinevi.com.tr\/index.php\/wp-json\/wp\/v2\/types\/product"}],"wp:attachment":[{"href":"https:\/\/roveyayinevi.com.tr\/index.php\/wp-json\/wp\/v2\/media?parent=749479"}],"wp:term":[{"taxonomy":"product_brand","embeddable":true,"href":"https:\/\/roveyayinevi.com.tr\/index.php\/wp-json\/wp\/v2\/product_brand?post=749479"},{"taxonomy":"product_cat","embeddable":true,"href":"https:\/\/roveyayinevi.com.tr\/index.php\/wp-json\/wp\/v2\/product_cat?post=749479"},{"taxonomy":"product_tag","embeddable":true,"href":"https:\/\/roveyayinevi.com.tr\/index.php\/wp-json\/wp\/v2\/product_tag?post=749479"}],"curies":[{"name":"wp","href":"https:\/\/api.w.org\/{rel}","templated":true}]}}