{"id":749474,"date":"2025-08-28T03:57:04","date_gmt":"2025-08-28T00:57:04","guid":{"rendered":"https:\/\/roveyayinevi.com.tr\/index.php\/urun\/ejderhana-merhaba-demeyi-nasil-ogretirsin\/"},"modified":"2026-04-16T03:03:04","modified_gmt":"2026-04-16T00:03:04","slug":"ejderhana-merhaba-demeyi-nasil-ogretirsin","status":"publish","type":"product","link":"https:\/\/roveyayinevi.com.tr\/index.php\/urun\/ejderhana-merhaba-demeyi-nasil-ogretirsin\/","title":{"rendered":"Ejderhana Merhaba Demeyi Nas\u0131l \u00d6\u011fretirsin"},"content":{"rendered":"<p>Elif ve arkada\u015f\u0131 Minik Ejderha ile tan\u0131\u015f\u0131n! \u0130ki arkada\u015f birlikte oynamay\u0131 ve e\u011flenmeyi \u00e7ok seviyor. Elif Minik Ejderha\u2019ya baz\u0131 sihirli s\u00f6zc\u00fckler \u00f6\u011fretiyor. Bu sihirli s\u00f6zc\u00fckler sayesinde Minik Ejderha daha nazik bir dosta d\u00f6n\u00fc\u015f\u00fcyor. Bug\u00fcn Elif\u2019i okula b\u00fcy\u00fckbabas\u0131 ve Minik Ejderha g\u00f6t\u00fcrecek. Elif ve Minik Ejderha yolda giderken kom\u015fular\u0131yla kar\u015f\u0131la\u015f\u0131rlar. Minik Ejderha o sihirli kelimeyi bir t\u00fcrl\u00fc s\u00f6yleyemez.<\/p>\n","protected":false},"excerpt":{"rendered":"<p>Elif ve arkada\u015f\u0131 Minik Ejderha ile tan\u0131\u015f\u0131n! \u0130ki arkada\u015f birlikte oynamay\u0131 ve e\u011flenmeyi \u00e7ok seviyor. Elif Minik Ejderha\u2019ya baz\u0131 sihirli s\u00f6zc\u00fckler \u00f6\u011fretiyor. Bu sihirli s\u00f6zc\u00fckler sayesinde<span class=\"excerpt-hellip\"> [\u2026]<\/span><\/p>\n","protected":false},"featured_media":0,"template":"","meta":{"_monsterinsights_skip_tracking":false,"_monsterinsights_sitenote_active":false,"_monsterinsights_sitenote_note":"","_monsterinsights_sitenote_category":0},"product_brand":[],"product_cat":[12274,12284],"product_tag":[],"class_list":{"0":"post-749474","1":"product","2":"type-product","3":"status-publish","5":"product_cat-cocuk-ve-genclik-kitaplari","6":"product_cat-hikayeler","7":"pa_cilt-ciltsiz","8":"pa_tur-kitap","9":"pa_yayinevi-erdem-cocuk","10":"pa_yazar-eleonora-fornasari","12":"first","13":"instock","14":"sale","15":"shipping-taxable","16":"purchasable","17":"product-type-simple"},"_links":{"self":[{"href":"https:\/\/roveyayinevi.com.tr\/index.php\/wp-json\/wp\/v2\/product\/749474","targetHints":{"allow":["GET"]}}],"collection":[{"href":"https:\/\/roveyayinevi.com.tr\/index.php\/wp-json\/wp\/v2\/product"}],"about":[{"href":"https:\/\/roveyayinevi.com.tr\/index.php\/wp-json\/wp\/v2\/types\/product"}],"wp:attachment":[{"href":"https:\/\/roveyayinevi.com.tr\/index.php\/wp-json\/wp\/v2\/media?parent=749474"}],"wp:term":[{"taxonomy":"product_brand","embeddable":true,"href":"https:\/\/roveyayinevi.com.tr\/index.php\/wp-json\/wp\/v2\/product_brand?post=749474"},{"taxonomy":"product_cat","embeddable":true,"href":"https:\/\/roveyayinevi.com.tr\/index.php\/wp-json\/wp\/v2\/product_cat?post=749474"},{"taxonomy":"product_tag","embeddable":true,"href":"https:\/\/roveyayinevi.com.tr\/index.php\/wp-json\/wp\/v2\/product_tag?post=749474"}],"curies":[{"name":"wp","href":"https:\/\/api.w.org\/{rel}","templated":true}]}}