{"id":749473,"date":"2025-08-28T03:57:03","date_gmt":"2025-08-28T00:57:03","guid":{"rendered":"https:\/\/roveyayinevi.com.tr\/index.php\/urun\/evde-montessori-9-12-yas\/"},"modified":"2026-04-16T03:03:04","modified_gmt":"2026-04-16T00:03:04","slug":"evde-montessori-9-12-yas","status":"publish","type":"product","link":"https:\/\/roveyayinevi.com.tr\/index.php\/urun\/evde-montessori-9-12-yas\/","title":{"rendered":"Evde Montessori 9 -12 Ya\u015f"},"content":{"rendered":"<p>Maria Montessori \u00e7ocu\u011fun kendini in\u015fas\u0131n\u0131n bebeklikten ba\u015flayan bir s\u00fcre\u00e7 oldu\u011funa inand\u0131\u011f\u0131ndan 0 ya\u015ftan itibaren \u00f6z g\u00fcven ve \u00f6z sayg\u0131y\u0131 destekleyen bir yakla\u015f\u0131m geli\u015ftirir. Bu yakla\u015f\u0131m \u00e7ocuk 12 ya\u015f\u0131na gelinceye kadar onun bili\u015fsel, duygusal ve fiziksel ihtiya\u00e7lar\u0131n\u0131n kar\u015f\u0131lanmas\u0131n\u0131 sa\u011flayan ve \u00f6zellikle kendi ihtiya\u00e7lar\u0131n\u0131 kendisinin kar\u015f\u0131lamas\u0131n\u0131n \u00fczerinde durarak onu ba\u011f\u0131ms\u0131z bir birey h\u00e2line getiren b\u00fct\u00fcnc\u00fcl bir ya\u015fam program\u0131n\u0131 sunar. 9-12 ya\u015flar\u0131 aras\u0131nda \u00e7ocu\u011funuzun erken ergenlik denilen evresidir. Bu evrede \u00e7ocukluktan uzakla\u015f\u0131r ve yava\u015f\u00e7a ger\u00e7ek ergenli\u011fe do\u011fru yol al\u0131n\u0131r. Bu s\u00fcre\u00e7 benzersiz, \u00e7ok boyutlu ve bir\u00e7ok a\u00e7\u0131dan karma\u015f\u0131kt\u0131r. \u00d6zerkli\u011fini kazanarak ebeveynlerinden uzakla\u015fan ve ba\u015fkald\u0131ran \u00e7ocu\u011fun ya\u015fam\u0131nda \u00e7ocuklukla ergenlik aras\u0131nda sarkac\u0131n sal\u0131n\u0131m\u0131 \u00e7ok \u015fiddetlidir. Montessori yakla\u015f\u0131m\u0131 \u00e7ocuklar\u0131n ki\u015filiklerinin ve insan ili\u015fkilerinin \u015fekillenece\u011fi bu d\u00f6n\u00fcm noktas\u0131nda yeti\u015fkinlere yard\u0131mc\u0131 olabilme imk\u00e2n\u0131 sa\u011flar.<\/p>\n","protected":false},"excerpt":{"rendered":"<p>Maria Montessori \u00e7ocu\u011fun kendini in\u015fas\u0131n\u0131n bebeklikten ba\u015flayan bir s\u00fcre\u00e7 oldu\u011funa inand\u0131\u011f\u0131ndan 0 ya\u015ftan itibaren \u00f6z g\u00fcven ve \u00f6z sayg\u0131y\u0131 destekleyen bir yakla\u015f\u0131m geli\u015ftirir. Bu yakla\u015f\u0131m \u00e7ocuk<span class=\"excerpt-hellip\"> [\u2026]<\/span><\/p>\n","protected":false},"featured_media":0,"template":"","meta":{"_monsterinsights_skip_tracking":false,"_monsterinsights_sitenote_active":false,"_monsterinsights_sitenote_note":"","_monsterinsights_sitenote_category":0},"product_brand":[],"product_cat":[12274,12631],"product_tag":[],"class_list":{"0":"post-749473","1":"product","2":"type-product","3":"status-publish","5":"product_cat-cocuk-ve-genclik-kitaplari","6":"product_cat-diger-cocuk-ve-genclik-kitaplari","7":"pa_cilt-ciltsiz","8":"pa_tur-kitap","9":"pa_yayinevi-erdem-yayinlari","10":"pa_yazar-kollektif","12":"first","13":"instock","14":"sale","15":"shipping-taxable","16":"purchasable","17":"product-type-simple"},"_links":{"self":[{"href":"https:\/\/roveyayinevi.com.tr\/index.php\/wp-json\/wp\/v2\/product\/749473","targetHints":{"allow":["GET"]}}],"collection":[{"href":"https:\/\/roveyayinevi.com.tr\/index.php\/wp-json\/wp\/v2\/product"}],"about":[{"href":"https:\/\/roveyayinevi.com.tr\/index.php\/wp-json\/wp\/v2\/types\/product"}],"wp:attachment":[{"href":"https:\/\/roveyayinevi.com.tr\/index.php\/wp-json\/wp\/v2\/media?parent=749473"}],"wp:term":[{"taxonomy":"product_brand","embeddable":true,"href":"https:\/\/roveyayinevi.com.tr\/index.php\/wp-json\/wp\/v2\/product_brand?post=749473"},{"taxonomy":"product_cat","embeddable":true,"href":"https:\/\/roveyayinevi.com.tr\/index.php\/wp-json\/wp\/v2\/product_cat?post=749473"},{"taxonomy":"product_tag","embeddable":true,"href":"https:\/\/roveyayinevi.com.tr\/index.php\/wp-json\/wp\/v2\/product_tag?post=749473"}],"curies":[{"name":"wp","href":"https:\/\/api.w.org\/{rel}","templated":true}]}}