{"id":749472,"date":"2025-08-28T03:57:02","date_gmt":"2025-08-28T00:57:02","guid":{"rendered":"https:\/\/roveyayinevi.com.tr\/index.php\/urun\/evde-montessori-6-9-yas\/"},"modified":"2026-04-16T03:03:04","modified_gmt":"2026-04-16T00:03:04","slug":"evde-montessori-6-9-yas","status":"publish","type":"product","link":"https:\/\/roveyayinevi.com.tr\/index.php\/urun\/evde-montessori-6-9-yas\/","title":{"rendered":"Evde Montessori 6 &#8211; 9 ya\u015f"},"content":{"rendered":"<p>Maria Montessori \u00e7ocu\u011fun kendini in\u015fas\u0131n\u0131n bebeklikten ba\u015flayan bir s\u00fcre\u00e7 oldu\u011funa inand\u0131\u011f\u0131ndan 0 ya\u015ftan itibaren \u00f6z g\u00fcven ve \u00f6z sayg\u0131y\u0131 destekleyen bir yakla\u015f\u0131m geli\u015ftirir. Bu yakla\u015f\u0131m \u00e7ocuk 12 ya\u015f\u0131na gelinceye kadar onun bili\u015fsel, duygusal ve fiziksel ihtiya\u00e7lar\u0131n\u0131n kar\u015f\u0131lanmas\u0131n\u0131 sa\u011flayan ve \u00f6zellikle kendi ihtiya\u00e7lar\u0131n\u0131 kendisinin kar\u015f\u0131lamas\u0131n\u0131n \u00fczerinde durarak onu ba\u011f\u0131ms\u0131z bir birey h\u00e2line getiren b\u00fct\u00fcnc\u00fcl bir ya\u015fam program\u0131n\u0131 sunar. \u00c7ocu\u011funuz 6 ya\u015f\u0131na geldi\u011finde ilkokula ad\u0131m atar. \u0130lk say\u0131lar\u0131n\u0131 saymay\u0131, ilk kelimelerini yazmay\u0131 ve okumay\u0131 bu ya\u015flarda \u00f6\u011frenir. Bu temel becerileri, \u00e7ocu\u011funuza okul ya\u015fam\u0131 boyunca ve sonras\u0131nda da e\u015flik edecektir. Bununla birlikte okul, hayat i\u00e7in gerekli temel bilgileri sa\u011flamakta kimi zaman yetersiz kalabilir. Bunlar\u0131 peki\u015ftirmek ve kolayla\u015ft\u0131rmak ad\u0131na Montessori yakla\u015f\u0131m\u0131n\u0131 kullanabilirsiniz. Bu \u015fekilde \u00e7ocu\u011funuzun bu hassas d\u00f6neminde, stresten etkilenmesini \u00f6nlemeye ve \u00f6z g\u00fcven kazanmas\u0131na yard\u0131mc\u0131 olursunuz.<\/p>\n","protected":false},"excerpt":{"rendered":"<p>Maria Montessori \u00e7ocu\u011fun kendini in\u015fas\u0131n\u0131n bebeklikten ba\u015flayan bir s\u00fcre\u00e7 oldu\u011funa inand\u0131\u011f\u0131ndan 0 ya\u015ftan itibaren \u00f6z g\u00fcven ve \u00f6z sayg\u0131y\u0131 destekleyen bir yakla\u015f\u0131m geli\u015ftirir. Bu yakla\u015f\u0131m \u00e7ocuk<span class=\"excerpt-hellip\"> [\u2026]<\/span><\/p>\n","protected":false},"featured_media":0,"template":"","meta":{"_monsterinsights_skip_tracking":false,"_monsterinsights_sitenote_active":false,"_monsterinsights_sitenote_note":"","_monsterinsights_sitenote_category":0},"product_brand":[],"product_cat":[12274,12631],"product_tag":[],"class_list":{"0":"post-749472","1":"product","2":"type-product","3":"status-publish","5":"product_cat-cocuk-ve-genclik-kitaplari","6":"product_cat-diger-cocuk-ve-genclik-kitaplari","7":"pa_cilt-ciltsiz","8":"pa_tur-kitap","9":"pa_yayinevi-erdem-yayinlari","10":"pa_yazar-kollektif","12":"first","13":"instock","14":"sale","15":"shipping-taxable","16":"purchasable","17":"product-type-simple"},"_links":{"self":[{"href":"https:\/\/roveyayinevi.com.tr\/index.php\/wp-json\/wp\/v2\/product\/749472","targetHints":{"allow":["GET"]}}],"collection":[{"href":"https:\/\/roveyayinevi.com.tr\/index.php\/wp-json\/wp\/v2\/product"}],"about":[{"href":"https:\/\/roveyayinevi.com.tr\/index.php\/wp-json\/wp\/v2\/types\/product"}],"wp:attachment":[{"href":"https:\/\/roveyayinevi.com.tr\/index.php\/wp-json\/wp\/v2\/media?parent=749472"}],"wp:term":[{"taxonomy":"product_brand","embeddable":true,"href":"https:\/\/roveyayinevi.com.tr\/index.php\/wp-json\/wp\/v2\/product_brand?post=749472"},{"taxonomy":"product_cat","embeddable":true,"href":"https:\/\/roveyayinevi.com.tr\/index.php\/wp-json\/wp\/v2\/product_cat?post=749472"},{"taxonomy":"product_tag","embeddable":true,"href":"https:\/\/roveyayinevi.com.tr\/index.php\/wp-json\/wp\/v2\/product_tag?post=749472"}],"curies":[{"name":"wp","href":"https:\/\/api.w.org\/{rel}","templated":true}]}}