{"id":749471,"date":"2025-08-28T03:57:00","date_gmt":"2025-08-28T00:57:00","guid":{"rendered":"https:\/\/roveyayinevi.com.tr\/index.php\/urun\/evde-montessori-3-6-yas\/"},"modified":"2026-04-16T03:03:04","modified_gmt":"2026-04-16T00:03:04","slug":"evde-montessori-3-6-yas","status":"publish","type":"product","link":"https:\/\/roveyayinevi.com.tr\/index.php\/urun\/evde-montessori-3-6-yas\/","title":{"rendered":"Evde Montessori 3-6 Ya\u015f"},"content":{"rendered":"<p>Maria Montessori \u00e7ocu\u011fun kendini in\u015fas\u0131n\u0131n bebeklikten ba\u015flayan bir s\u00fcre\u00e7 oldu\u011funa inand\u0131\u011f\u0131ndan 0 ya\u015ftan itibaren \u00f6z g\u00fcven ve \u00f6z sayg\u0131y\u0131 destekleyen bir yakla\u015f\u0131m geli\u015ftirir. Bu yakla\u015f\u0131m \u00e7ocuk 12 ya\u015f\u0131na gelinceye kadar onun bili\u015fsel, duygusal ve fiziksel ihtiya\u00e7lar\u0131n\u0131n kar\u015f\u0131lanmas\u0131n\u0131 sa\u011flayan ve \u00f6zellikle kendi ihtiya\u00e7lar\u0131n\u0131 kendisinin kar\u015f\u0131lamas\u0131n\u0131n \u00fczerinde durarak onu ba\u011f\u0131ms\u0131z bir birey h\u00e2line getiren b\u00fct\u00fcnc\u00fcl bir ya\u015fam program\u0131n\u0131 sunar. \u00c7ocu\u011funuz 3 ya\u015f evresinde anaokuluna ba\u015flar ve bu s\u00fcre\u00e7te \u00f6z denetim ve irade becerisi kazanmas\u0131 beklenir. 6 ya\u015fa kadar s\u00fcrecek bu evrede duygusal d\u00fcrt\u00fclere direnmek, hayal k\u0131r\u0131kl\u0131\u011f\u0131na tahamm\u00fcl edebilmek ve bir amaca ula\u015fmak i\u00e7in dikkatini toplamak gibi irade gerektiren davran\u0131\u015flar\u0131n temelleri at\u0131l\u0131r. Tan\u0131mlanan bu ideal durum temel bir becerinin uygulanmas\u0131yla ger\u00e7ekle\u015fir: Konsantrasyon.\u00c7ocuklu\u011fa giden yolda konsantrasyonu geli\u015ftirmek i\u00e7in evde Montessori yakla\u015f\u0131m\u0131ndan yararlanabilirsiniz.<\/p>\n","protected":false},"excerpt":{"rendered":"<p>Maria Montessori \u00e7ocu\u011fun kendini in\u015fas\u0131n\u0131n bebeklikten ba\u015flayan bir s\u00fcre\u00e7 oldu\u011funa inand\u0131\u011f\u0131ndan 0 ya\u015ftan itibaren \u00f6z g\u00fcven ve \u00f6z sayg\u0131y\u0131 destekleyen bir yakla\u015f\u0131m geli\u015ftirir. Bu yakla\u015f\u0131m \u00e7ocuk<span class=\"excerpt-hellip\"> [\u2026]<\/span><\/p>\n","protected":false},"featured_media":0,"template":"","meta":{"_monsterinsights_skip_tracking":false,"_monsterinsights_sitenote_active":false,"_monsterinsights_sitenote_note":"","_monsterinsights_sitenote_category":0},"product_brand":[],"product_cat":[12274,12631],"product_tag":[],"class_list":{"0":"post-749471","1":"product","2":"type-product","3":"status-publish","5":"product_cat-cocuk-ve-genclik-kitaplari","6":"product_cat-diger-cocuk-ve-genclik-kitaplari","7":"pa_cilt-ciltsiz","8":"pa_tur-kitap","9":"pa_yayinevi-erdem-yayinlari","10":"pa_yazar-kollektif","12":"first","13":"instock","14":"sale","15":"shipping-taxable","16":"purchasable","17":"product-type-simple"},"_links":{"self":[{"href":"https:\/\/roveyayinevi.com.tr\/index.php\/wp-json\/wp\/v2\/product\/749471","targetHints":{"allow":["GET"]}}],"collection":[{"href":"https:\/\/roveyayinevi.com.tr\/index.php\/wp-json\/wp\/v2\/product"}],"about":[{"href":"https:\/\/roveyayinevi.com.tr\/index.php\/wp-json\/wp\/v2\/types\/product"}],"wp:attachment":[{"href":"https:\/\/roveyayinevi.com.tr\/index.php\/wp-json\/wp\/v2\/media?parent=749471"}],"wp:term":[{"taxonomy":"product_brand","embeddable":true,"href":"https:\/\/roveyayinevi.com.tr\/index.php\/wp-json\/wp\/v2\/product_brand?post=749471"},{"taxonomy":"product_cat","embeddable":true,"href":"https:\/\/roveyayinevi.com.tr\/index.php\/wp-json\/wp\/v2\/product_cat?post=749471"},{"taxonomy":"product_tag","embeddable":true,"href":"https:\/\/roveyayinevi.com.tr\/index.php\/wp-json\/wp\/v2\/product_tag?post=749471"}],"curies":[{"name":"wp","href":"https:\/\/api.w.org\/{rel}","templated":true}]}}