{"id":749469,"date":"2025-08-28T03:56:57","date_gmt":"2025-08-28T00:56:57","guid":{"rendered":"https:\/\/roveyayinevi.com.tr\/index.php\/urun\/cocuk-edebiyati-okumalari\/"},"modified":"2026-04-16T03:03:04","modified_gmt":"2026-04-16T00:03:04","slug":"cocuk-edebiyati-okumalari","status":"publish","type":"product","link":"https:\/\/roveyayinevi.com.tr\/index.php\/urun\/cocuk-edebiyati-okumalari\/","title":{"rendered":"\u00c7ocuk Edebiyat\u0131 Okumalar\u0131"},"content":{"rendered":"<p>Melike G\u00fcny\u00fcz\u2019\u00fcn \u201cK\u00f6k Metinler, Metinleraras\u0131 \u0130li\u015fkiler, Kar\u015f\u0131la\u015ft\u0131rmal\u0131 Okumalar\u201d ba\u015fl\u0131\u011f\u0131 alt\u0131nda yapt\u0131\u011f\u0131 akademik inceleme, g\u00fcn\u00fcm\u00fcz edebi metinlerinden Dede Korkut Hik\u00e2yelerine bir ke\u015fif \u00e7al\u0131\u015fmas\u0131 y\u00fcr\u00fct\u00fcyor. G\u00fcncel \u00e7ocuk edebiyat\u0131 metinlerinin k\u00f6kenlerini 14. ve 15. y\u00fczy\u0131lda O\u011fuz T\u00fcrk\u00e7esiyle yaz\u0131lm\u0131\u015f anonim metinlere kadar g\u00f6t\u00fcren G\u00fcny\u00fcz, kurdu\u011fu metinleraras\u0131 ili\u015fkilerle tesis etti\u011fi anlat\u0131sal k\u00f6pr\u00fclerle yeniden birbirine ba\u011fl\u0131yor. Bu \u00e7al\u0131\u015fma ile \u00e7ocuk edebiyat\u0131 ve yeti\u015fkin edebiyat\u0131 aras\u0131ndaki s\u0131n\u0131rlar\u0131 flula\u015ft\u0131ran kar\u015f\u0131la\u015ft\u0131rmal\u0131 okumalarla \u00e7ocuk edebiyat\u0131 \u00fcr\u00fcnlerinin akademik olarak incelenmesine de \u00e7a\u011fr\u0131 yap\u0131yor.<\/p>\n","protected":false},"excerpt":{"rendered":"<p>Melike G\u00fcny\u00fcz\u2019\u00fcn \u201cK\u00f6k Metinler, Metinleraras\u0131 \u0130li\u015fkiler, Kar\u015f\u0131la\u015ft\u0131rmal\u0131 Okumalar\u201d ba\u015fl\u0131\u011f\u0131 alt\u0131nda yapt\u0131\u011f\u0131 akademik inceleme, g\u00fcn\u00fcm\u00fcz edebi metinlerinden Dede Korkut Hik\u00e2yelerine bir ke\u015fif \u00e7al\u0131\u015fmas\u0131 y\u00fcr\u00fct\u00fcyor. G\u00fcncel \u00e7ocuk edebiyat\u0131<span class=\"excerpt-hellip\"> [\u2026]<\/span><\/p>\n","protected":false},"featured_media":0,"template":"","meta":{"_monsterinsights_skip_tracking":false,"_monsterinsights_sitenote_active":false,"_monsterinsights_sitenote_note":"","_monsterinsights_sitenote_category":0},"product_brand":[],"product_cat":[13072,12291],"product_tag":[],"class_list":{"0":"post-749469","1":"product","2":"type-product","3":"status-publish","5":"product_cat-arastirma-inceleme-referans","6":"product_cat-edebiyat","7":"pa_cilt-ciltsiz","8":"pa_tur-kitap","9":"pa_yayinevi-erdem-yayinlari","10":"pa_yazar-melike-gunyuz","12":"first","13":"instock","14":"sale","15":"shipping-taxable","16":"purchasable","17":"product-type-simple"},"_links":{"self":[{"href":"https:\/\/roveyayinevi.com.tr\/index.php\/wp-json\/wp\/v2\/product\/749469","targetHints":{"allow":["GET"]}}],"collection":[{"href":"https:\/\/roveyayinevi.com.tr\/index.php\/wp-json\/wp\/v2\/product"}],"about":[{"href":"https:\/\/roveyayinevi.com.tr\/index.php\/wp-json\/wp\/v2\/types\/product"}],"wp:attachment":[{"href":"https:\/\/roveyayinevi.com.tr\/index.php\/wp-json\/wp\/v2\/media?parent=749469"}],"wp:term":[{"taxonomy":"product_brand","embeddable":true,"href":"https:\/\/roveyayinevi.com.tr\/index.php\/wp-json\/wp\/v2\/product_brand?post=749469"},{"taxonomy":"product_cat","embeddable":true,"href":"https:\/\/roveyayinevi.com.tr\/index.php\/wp-json\/wp\/v2\/product_cat?post=749469"},{"taxonomy":"product_tag","embeddable":true,"href":"https:\/\/roveyayinevi.com.tr\/index.php\/wp-json\/wp\/v2\/product_tag?post=749469"}],"curies":[{"name":"wp","href":"https:\/\/api.w.org\/{rel}","templated":true}]}}