{"id":749461,"date":"2025-08-28T03:56:46","date_gmt":"2025-08-28T00:56:46","guid":{"rendered":"https:\/\/roveyayinevi.com.tr\/index.php\/urun\/aslanin-icat-gunlugu\/"},"modified":"2026-04-16T03:03:03","modified_gmt":"2026-04-16T00:03:03","slug":"aslanin-icat-gunlugu","status":"publish","type":"product","link":"https:\/\/roveyayinevi.com.tr\/index.php\/urun\/aslanin-icat-gunlugu\/","title":{"rendered":"Aslan\u2019\u0131n \u0130cat G\u00fcnl\u00fc\u011f\u00fc"},"content":{"rendered":"<p>K\u00fc\u00e7\u00fck mucit Aslan bu kitapta tam 22 icad\u0131n\u0131 nas\u0131l yapt\u0131\u011f\u0131n\u0131 anlat\u0131yor. Bunu yaparken \u00e7al\u0131\u015fmalar\u0131n\u0131n p\u00fcf noktalar\u0131n\u0131 a\u00e7\u0131kl\u0131yor ve tarihte ya\u015fam\u0131\u015f mucitlerin yapt\u0131klar\u0131ndan \u00f6rnekler veriyor. Aslan\u2019\u0131n rehberli\u011finde sorunlar\u0131n\u0131za \u00e7\u00f6z\u00fcm bulmaya ve yepyeni icatlar yapmaya siz de davetlisiniz!<\/p>\n","protected":false},"excerpt":{"rendered":"<p>K\u00fc\u00e7\u00fck mucit Aslan bu kitapta tam 22 icad\u0131n\u0131 nas\u0131l yapt\u0131\u011f\u0131n\u0131 anlat\u0131yor. Bunu yaparken \u00e7al\u0131\u015fmalar\u0131n\u0131n p\u00fcf noktalar\u0131n\u0131 a\u00e7\u0131kl\u0131yor ve tarihte ya\u015fam\u0131\u015f mucitlerin yapt\u0131klar\u0131ndan \u00f6rnekler veriyor. Aslan\u2019\u0131n rehberli\u011finde<span class=\"excerpt-hellip\"> [\u2026]<\/span><\/p>\n","protected":false},"featured_media":0,"template":"","meta":{"_monsterinsights_skip_tracking":false,"_monsterinsights_sitenote_active":false,"_monsterinsights_sitenote_note":"","_monsterinsights_sitenote_category":0},"product_brand":[],"product_cat":[12274,12284],"product_tag":[],"class_list":{"0":"post-749461","1":"product","2":"type-product","3":"status-publish","5":"product_cat-cocuk-ve-genclik-kitaplari","6":"product_cat-hikayeler","7":"pa_cilt-ciltsiz","8":"pa_tur-kitap","9":"pa_yayinevi-erdem-cocuk","10":"pa_yazar-husniye-gulsev-koc","12":"first","13":"instock","14":"sale","15":"shipping-taxable","16":"purchasable","17":"product-type-simple"},"_links":{"self":[{"href":"https:\/\/roveyayinevi.com.tr\/index.php\/wp-json\/wp\/v2\/product\/749461","targetHints":{"allow":["GET"]}}],"collection":[{"href":"https:\/\/roveyayinevi.com.tr\/index.php\/wp-json\/wp\/v2\/product"}],"about":[{"href":"https:\/\/roveyayinevi.com.tr\/index.php\/wp-json\/wp\/v2\/types\/product"}],"wp:attachment":[{"href":"https:\/\/roveyayinevi.com.tr\/index.php\/wp-json\/wp\/v2\/media?parent=749461"}],"wp:term":[{"taxonomy":"product_brand","embeddable":true,"href":"https:\/\/roveyayinevi.com.tr\/index.php\/wp-json\/wp\/v2\/product_brand?post=749461"},{"taxonomy":"product_cat","embeddable":true,"href":"https:\/\/roveyayinevi.com.tr\/index.php\/wp-json\/wp\/v2\/product_cat?post=749461"},{"taxonomy":"product_tag","embeddable":true,"href":"https:\/\/roveyayinevi.com.tr\/index.php\/wp-json\/wp\/v2\/product_tag?post=749461"}],"curies":[{"name":"wp","href":"https:\/\/api.w.org\/{rel}","templated":true}]}}