{"id":749458,"date":"2025-08-28T03:56:41","date_gmt":"2025-08-28T00:56:41","guid":{"rendered":"https:\/\/roveyayinevi.com.tr\/index.php\/urun\/hafiza-kurtarma-operasyonu\/"},"modified":"2026-04-16T03:03:03","modified_gmt":"2026-04-16T00:03:03","slug":"hafiza-kurtarma-operasyonu","status":"publish","type":"product","link":"https:\/\/roveyayinevi.com.tr\/index.php\/urun\/hafiza-kurtarma-operasyonu\/","title":{"rendered":"Haf\u0131za Kurtarma Operasyonu"},"content":{"rendered":"<p>11 ya\u015f\u0131nda bir \u00e7ocuk olan H\u0131\u00e7k\u0131r\u0131k\u2019\u0131 di\u011fer \u00e7ocuklardan ay\u0131ran \u00e7ok \u00f6nemli bir \u00f6zelli\u011fi var:  o asl\u0131nda d\u00fcnyan\u0131n en geli\u015fmi\u015f yapay zek\u00e2s\u0131na sahip robotu.\u00c7evresindeki insanlar\u0131n yapt\u0131klar\u0131 esprileri anlayamayan H\u0131\u00e7k\u0131r\u0131k, \u00e7ok okursa onlar\u0131 anlayabilece\u011fini d\u00fc\u015f\u00fcn\u00fcr. Ancak o kadar \u00e7ok okur ki haf\u0131zas\u0131 zarar g\u00f6r\u00fcr. H\u0131\u00e7k\u0131r\u0131k\u2019\u0131n haf\u0131zas\u0131n\u0131 iyile\u015ftirebilmenin tek yolu Nev\u015fehir\u2019de bulunan zultanit ta\u015f\u0131ndan bulmakt\u0131r. Ne yaz\u0131k ki bu ta\u015f\u0131 bulmak kahramanlar\u0131m\u0131z\u0131n d\u00fc\u015f\u00fcnd\u00fc\u011f\u00fc kadar kolay olmayacakt\u0131r.<\/p>\n","protected":false},"excerpt":{"rendered":"<p>11 ya\u015f\u0131nda bir \u00e7ocuk olan H\u0131\u00e7k\u0131r\u0131k\u2019\u0131 di\u011fer \u00e7ocuklardan ay\u0131ran \u00e7ok \u00f6nemli bir \u00f6zelli\u011fi var: o asl\u0131nda d\u00fcnyan\u0131n en geli\u015fmi\u015f yapay zek\u00e2s\u0131na sahip robotu.\u00c7evresindeki insanlar\u0131n yapt\u0131klar\u0131 esprileri<span class=\"excerpt-hellip\"> [\u2026]<\/span><\/p>\n","protected":false},"featured_media":0,"template":"","meta":{"_monsterinsights_skip_tracking":false,"_monsterinsights_sitenote_active":false,"_monsterinsights_sitenote_note":"","_monsterinsights_sitenote_category":0},"product_brand":[],"product_cat":[12274,12284],"product_tag":[],"class_list":{"0":"post-749458","1":"product","2":"type-product","3":"status-publish","5":"product_cat-cocuk-ve-genclik-kitaplari","6":"product_cat-hikayeler","7":"pa_cilt-ciltsiz","8":"pa_tur-kitap","9":"pa_yayinevi-erdem-cocuk","10":"pa_yazar-suleyman-ezber","12":"first","13":"instock","14":"sale","15":"shipping-taxable","16":"purchasable","17":"product-type-simple"},"_links":{"self":[{"href":"https:\/\/roveyayinevi.com.tr\/index.php\/wp-json\/wp\/v2\/product\/749458","targetHints":{"allow":["GET"]}}],"collection":[{"href":"https:\/\/roveyayinevi.com.tr\/index.php\/wp-json\/wp\/v2\/product"}],"about":[{"href":"https:\/\/roveyayinevi.com.tr\/index.php\/wp-json\/wp\/v2\/types\/product"}],"wp:attachment":[{"href":"https:\/\/roveyayinevi.com.tr\/index.php\/wp-json\/wp\/v2\/media?parent=749458"}],"wp:term":[{"taxonomy":"product_brand","embeddable":true,"href":"https:\/\/roveyayinevi.com.tr\/index.php\/wp-json\/wp\/v2\/product_brand?post=749458"},{"taxonomy":"product_cat","embeddable":true,"href":"https:\/\/roveyayinevi.com.tr\/index.php\/wp-json\/wp\/v2\/product_cat?post=749458"},{"taxonomy":"product_tag","embeddable":true,"href":"https:\/\/roveyayinevi.com.tr\/index.php\/wp-json\/wp\/v2\/product_tag?post=749458"}],"curies":[{"name":"wp","href":"https:\/\/api.w.org\/{rel}","templated":true}]}}