{"id":749457,"date":"2025-08-28T03:56:39","date_gmt":"2025-08-28T00:56:39","guid":{"rendered":"https:\/\/roveyayinevi.com.tr\/index.php\/urun\/cinde-kurtarma-operasyonu\/"},"modified":"2026-04-16T03:03:03","modified_gmt":"2026-04-16T00:03:03","slug":"cinde-kurtarma-operasyonu","status":"publish","type":"product","link":"https:\/\/roveyayinevi.com.tr\/index.php\/urun\/cinde-kurtarma-operasyonu\/","title":{"rendered":"\u00c7in\u2019de Kurtarma Operasyonu"},"content":{"rendered":"<p>11 ya\u015f\u0131nda bir \u00e7ocuk olan H\u0131\u00e7k\u0131r\u0131k\u2019\u0131 di\u011fer \u00e7ocuklardan ay\u0131ran \u00e7ok \u00f6nemli bir \u00f6zelli\u011fi var:  o asl\u0131nda d\u00fcnyan\u0131n en geli\u015fmi\u015f yapay zek\u00e2s\u0131na sahip robotu.Ger\u00e7ek Robot firmas\u0131nda yap\u0131lan H\u0131\u00e7k\u0131r\u0131k adl\u0131 robot, firman\u0131n sahibi Vecihi Ger\u00e7ek ve ailesiyle birlikte ya\u015famaktad\u0131r. \u0130sve\u00e7\u2019te ailece kat\u0131ld\u0131klar\u0131 bir yapay zek\u00e2 kongresinden d\u00f6nerken H\u0131\u00e7k\u0131r\u0131k tuhaf davranmaya, so\u011fuk espriler yapmaya ba\u015flar. H\u0131\u00e7k\u0131r\u0131k\u2019\u0131n ba\u015f\u0131na gelenler ise herkesi \u015fa\u015fk\u0131na \u00e7evirir.<\/p>\n","protected":false},"excerpt":{"rendered":"<p>11 ya\u015f\u0131nda bir \u00e7ocuk olan H\u0131\u00e7k\u0131r\u0131k\u2019\u0131 di\u011fer \u00e7ocuklardan ay\u0131ran \u00e7ok \u00f6nemli bir \u00f6zelli\u011fi var: o asl\u0131nda d\u00fcnyan\u0131n en geli\u015fmi\u015f yapay zek\u00e2s\u0131na sahip robotu.Ger\u00e7ek Robot firmas\u0131nda yap\u0131lan<span class=\"excerpt-hellip\"> [\u2026]<\/span><\/p>\n","protected":false},"featured_media":0,"template":"","meta":{"_monsterinsights_skip_tracking":false,"_monsterinsights_sitenote_active":false,"_monsterinsights_sitenote_note":"","_monsterinsights_sitenote_category":0},"product_brand":[],"product_cat":[12274,12284],"product_tag":[],"class_list":{"0":"post-749457","1":"product","2":"type-product","3":"status-publish","5":"product_cat-cocuk-ve-genclik-kitaplari","6":"product_cat-hikayeler","7":"pa_cilt-ciltsiz","8":"pa_tur-kitap","9":"pa_yayinevi-erdem-cocuk","10":"pa_yazar-suleyman-ezber","12":"first","13":"instock","14":"sale","15":"shipping-taxable","16":"purchasable","17":"product-type-simple"},"_links":{"self":[{"href":"https:\/\/roveyayinevi.com.tr\/index.php\/wp-json\/wp\/v2\/product\/749457","targetHints":{"allow":["GET"]}}],"collection":[{"href":"https:\/\/roveyayinevi.com.tr\/index.php\/wp-json\/wp\/v2\/product"}],"about":[{"href":"https:\/\/roveyayinevi.com.tr\/index.php\/wp-json\/wp\/v2\/types\/product"}],"wp:attachment":[{"href":"https:\/\/roveyayinevi.com.tr\/index.php\/wp-json\/wp\/v2\/media?parent=749457"}],"wp:term":[{"taxonomy":"product_brand","embeddable":true,"href":"https:\/\/roveyayinevi.com.tr\/index.php\/wp-json\/wp\/v2\/product_brand?post=749457"},{"taxonomy":"product_cat","embeddable":true,"href":"https:\/\/roveyayinevi.com.tr\/index.php\/wp-json\/wp\/v2\/product_cat?post=749457"},{"taxonomy":"product_tag","embeddable":true,"href":"https:\/\/roveyayinevi.com.tr\/index.php\/wp-json\/wp\/v2\/product_tag?post=749457"}],"curies":[{"name":"wp","href":"https:\/\/api.w.org\/{rel}","templated":true}]}}