{"id":749455,"date":"2025-08-28T03:56:36","date_gmt":"2025-08-28T00:56:36","guid":{"rendered":"https:\/\/roveyayinevi.com.tr\/index.php\/urun\/buyuk-bilimsel-fikirler\/"},"modified":"2026-04-16T03:03:03","modified_gmt":"2026-04-16T00:03:03","slug":"buyuk-bilimsel-fikirler","status":"publish","type":"product","link":"https:\/\/roveyayinevi.com.tr\/index.php\/urun\/buyuk-bilimsel-fikirler\/","title":{"rendered":"B\u00fcy\u00fck Bilimsel Fikirler"},"content":{"rendered":"<p>Bir kayay\u0131 u\u00e7urumdan a\u015fa\u011f\u0131 yuvarlad\u0131\u011f\u0131nda neden d\u00fc\u015fer? Enerjiyi nereden elde ederiz? Havaya kalkan sa\u00e7la y\u0131lan bal\u0131\u011f\u0131n\u0131n ortak y\u00f6n\u00fc nedir? Bu sorular\u0131n hepsi bug\u00fcn bilim sayesinde cevaplanabiliyor. Bu kitapta okuyaca\u011f\u0131n B\u00fcy\u00fck Bilimsel Fikirler ve bu fikirleri ortaya atan d\u00fc\u015f\u00fcn\u00fcrler sana yeni fikirler \u00fcretebilmen i\u00e7in ilham olacak.<\/p>\n","protected":false},"excerpt":{"rendered":"<p>Bir kayay\u0131 u\u00e7urumdan a\u015fa\u011f\u0131 yuvarlad\u0131\u011f\u0131nda neden d\u00fc\u015fer? Enerjiyi nereden elde ederiz? Havaya kalkan sa\u00e7la y\u0131lan bal\u0131\u011f\u0131n\u0131n ortak y\u00f6n\u00fc nedir? Bu sorular\u0131n hepsi bug\u00fcn bilim sayesinde cevaplanabiliyor.<span class=\"excerpt-hellip\"> [\u2026]<\/span><\/p>\n","protected":false},"featured_media":0,"template":"","meta":{"_monsterinsights_skip_tracking":false,"_monsterinsights_sitenote_active":false,"_monsterinsights_sitenote_note":"","_monsterinsights_sitenote_category":0},"product_brand":[],"product_cat":[13829,12274],"product_tag":[],"class_list":{"0":"post-749455","1":"product","2":"type-product","3":"status-publish","5":"product_cat-bilimsel-kitaplar","6":"product_cat-cocuk-ve-genclik-kitaplari","7":"pa_cilt-ciltsiz","8":"pa_tur-kitap","9":"pa_yayinevi-erdem-cocuk","10":"pa_yazar-freya-hardy","12":"first","13":"instock","14":"sale","15":"shipping-taxable","16":"purchasable","17":"product-type-simple"},"_links":{"self":[{"href":"https:\/\/roveyayinevi.com.tr\/index.php\/wp-json\/wp\/v2\/product\/749455","targetHints":{"allow":["GET"]}}],"collection":[{"href":"https:\/\/roveyayinevi.com.tr\/index.php\/wp-json\/wp\/v2\/product"}],"about":[{"href":"https:\/\/roveyayinevi.com.tr\/index.php\/wp-json\/wp\/v2\/types\/product"}],"wp:attachment":[{"href":"https:\/\/roveyayinevi.com.tr\/index.php\/wp-json\/wp\/v2\/media?parent=749455"}],"wp:term":[{"taxonomy":"product_brand","embeddable":true,"href":"https:\/\/roveyayinevi.com.tr\/index.php\/wp-json\/wp\/v2\/product_brand?post=749455"},{"taxonomy":"product_cat","embeddable":true,"href":"https:\/\/roveyayinevi.com.tr\/index.php\/wp-json\/wp\/v2\/product_cat?post=749455"},{"taxonomy":"product_tag","embeddable":true,"href":"https:\/\/roveyayinevi.com.tr\/index.php\/wp-json\/wp\/v2\/product_tag?post=749455"}],"curies":[{"name":"wp","href":"https:\/\/api.w.org\/{rel}","templated":true}]}}