{"id":749454,"date":"2025-08-28T03:56:34","date_gmt":"2025-08-28T00:56:34","guid":{"rendered":"https:\/\/roveyayinevi.com.tr\/index.php\/urun\/mavi-dongunun-gizemli-kitabi\/"},"modified":"2026-04-16T03:03:03","modified_gmt":"2026-04-16T00:03:03","slug":"mavi-dongunun-gizemli-kitabi","status":"publish","type":"product","link":"https:\/\/roveyayinevi.com.tr\/index.php\/urun\/mavi-dongunun-gizemli-kitabi\/","title":{"rendered":"Mavi D\u00f6ng\u00fcn\u00fcn Gizemli Kitab\u0131"},"content":{"rendered":"<p>Su bu d\u00fcnyada sahip oldu\u011fumuz en k\u0131ymetli maddedir. Ne yaz\u0131k ki bir\u00e7ok insan bunun fark\u0131nda de\u011fil ve kullan\u0131ma uygun su kaynaklar\u0131m\u0131z h\u0131zl\u0131 bir \u015fekilde t\u00fckeniyor. \u0130\u015fte tam burada Ebed\u00ee Mavi D\u00f6ng\u00fc Derne\u011fi toplulu\u011funun \u00fcyeleri bize rehberlik ediyor.Bu kitapta, sahip oldu\u011fumuz en k\u0131ymetli varl\u0131\u011f\u0131m\u0131z olan su ve onu korumak i\u00e7in neler yapabilece\u011fimiz e\u011flenceli bir dille anlat\u0131l\u0131yor.<\/p>\n","protected":false},"excerpt":{"rendered":"<p>Su bu d\u00fcnyada sahip oldu\u011fumuz en k\u0131ymetli maddedir. Ne yaz\u0131k ki bir\u00e7ok insan bunun fark\u0131nda de\u011fil ve kullan\u0131ma uygun su kaynaklar\u0131m\u0131z h\u0131zl\u0131 bir \u015fekilde t\u00fckeniyor. \u0130\u015fte<span class=\"excerpt-hellip\"> [\u2026]<\/span><\/p>\n","protected":false},"featured_media":0,"template":"","meta":{"_monsterinsights_skip_tracking":false,"_monsterinsights_sitenote_active":false,"_monsterinsights_sitenote_note":"","_monsterinsights_sitenote_category":0},"product_brand":[],"product_cat":[12274,15842],"product_tag":[],"class_list":{"0":"post-749454","1":"product","2":"type-product","3":"status-publish","5":"product_cat-cocuk-ve-genclik-kitaplari","6":"product_cat-egitici-kitaplar","7":"pa_cilt-ciltsiz","8":"pa_tur-kitap","9":"pa_yayinevi-erdem-cocuk","10":"pa_yazar-antonis-papatheodoulou","12":"first","13":"instock","14":"sale","15":"shipping-taxable","16":"purchasable","17":"product-type-simple"},"_links":{"self":[{"href":"https:\/\/roveyayinevi.com.tr\/index.php\/wp-json\/wp\/v2\/product\/749454","targetHints":{"allow":["GET"]}}],"collection":[{"href":"https:\/\/roveyayinevi.com.tr\/index.php\/wp-json\/wp\/v2\/product"}],"about":[{"href":"https:\/\/roveyayinevi.com.tr\/index.php\/wp-json\/wp\/v2\/types\/product"}],"wp:attachment":[{"href":"https:\/\/roveyayinevi.com.tr\/index.php\/wp-json\/wp\/v2\/media?parent=749454"}],"wp:term":[{"taxonomy":"product_brand","embeddable":true,"href":"https:\/\/roveyayinevi.com.tr\/index.php\/wp-json\/wp\/v2\/product_brand?post=749454"},{"taxonomy":"product_cat","embeddable":true,"href":"https:\/\/roveyayinevi.com.tr\/index.php\/wp-json\/wp\/v2\/product_cat?post=749454"},{"taxonomy":"product_tag","embeddable":true,"href":"https:\/\/roveyayinevi.com.tr\/index.php\/wp-json\/wp\/v2\/product_tag?post=749454"}],"curies":[{"name":"wp","href":"https:\/\/api.w.org\/{rel}","templated":true}]}}