{"id":749452,"date":"2025-08-28T03:56:32","date_gmt":"2025-08-28T00:56:32","guid":{"rendered":"https:\/\/roveyayinevi.com.tr\/index.php\/urun\/duygularin-kalbine-yolculuk\/"},"modified":"2026-04-16T03:03:03","modified_gmt":"2026-04-16T00:03:03","slug":"duygularin-kalbine-yolculuk","status":"publish","type":"product","link":"https:\/\/roveyayinevi.com.tr\/index.php\/urun\/duygularin-kalbine-yolculuk\/","title":{"rendered":"Duygular\u0131n Kalbine Yolculuk"},"content":{"rendered":"<p>Duygular\u0131n Kalbine Yolculuk, ergen ve \u00f6n ergenlerin duygu d\u00fcnyas\u0131n\u0131 anlamak isteyen herkes i\u00e7in e\u015fi bulunmaz bir rehber olacak. Bu kitap, ergenlerin ve onlara e\u015flik eden ebeveynlerinin anlamland\u0131rmakta zorland\u0131\u011f\u0131 on temel duyguyu t\u00fcm y\u00f6nleriyle inceleme imk\u00e2n\u0131 sunuyor.Sevin\u00e7, Umut, Merak, Korku, Co\u015fku, S\u0131k\u0131nt\u0131, \u00d6fke, De\u011fi\u015fim, A\u015fk, Empati&#8230;Yazar Enrico Castelli Gattinara, bu kitab\u0131 \u00e7ocuk olmaktan \u00e7\u0131k\u0131p hen\u00fcz yeti\u015fkin de olmam\u0131\u015f gen\u00e7lerin s\u00f6zde \u201cmutsuz\u201d \u00f6n ergenlik d\u00f6nemi hakk\u0131nda olumlu konu\u015fman\u0131n m\u00fcmk\u00fcn oldu\u011funu g\u00f6stermek i\u00e7in yazd\u0131\u011f\u0131n\u0131 ifade ediyor.<\/p>\n","protected":false},"excerpt":{"rendered":"<p>Duygular\u0131n Kalbine Yolculuk, ergen ve \u00f6n ergenlerin duygu d\u00fcnyas\u0131n\u0131 anlamak isteyen herkes i\u00e7in e\u015fi bulunmaz bir rehber olacak. Bu kitap, ergenlerin ve onlara e\u015flik eden ebeveynlerinin<span class=\"excerpt-hellip\"> [\u2026]<\/span><\/p>\n","protected":false},"featured_media":0,"template":"","meta":{"_monsterinsights_skip_tracking":false,"_monsterinsights_sitenote_active":false,"_monsterinsights_sitenote_note":"","_monsterinsights_sitenote_category":0},"product_brand":[],"product_cat":[12755,12357],"product_tag":[],"class_list":{"0":"post-749452","1":"product","2":"type-product","3":"status-publish","5":"product_cat-gelisim-psikolojisi","6":"product_cat-psikoloji","7":"pa_cilt-ciltsiz","8":"pa_tur-kitap","9":"pa_yayinevi-erdem-yayinlari","10":"pa_yazar-enrico-castelli-gattinara","12":"first","13":"instock","14":"sale","15":"shipping-taxable","16":"purchasable","17":"product-type-simple"},"_links":{"self":[{"href":"https:\/\/roveyayinevi.com.tr\/index.php\/wp-json\/wp\/v2\/product\/749452","targetHints":{"allow":["GET"]}}],"collection":[{"href":"https:\/\/roveyayinevi.com.tr\/index.php\/wp-json\/wp\/v2\/product"}],"about":[{"href":"https:\/\/roveyayinevi.com.tr\/index.php\/wp-json\/wp\/v2\/types\/product"}],"wp:attachment":[{"href":"https:\/\/roveyayinevi.com.tr\/index.php\/wp-json\/wp\/v2\/media?parent=749452"}],"wp:term":[{"taxonomy":"product_brand","embeddable":true,"href":"https:\/\/roveyayinevi.com.tr\/index.php\/wp-json\/wp\/v2\/product_brand?post=749452"},{"taxonomy":"product_cat","embeddable":true,"href":"https:\/\/roveyayinevi.com.tr\/index.php\/wp-json\/wp\/v2\/product_cat?post=749452"},{"taxonomy":"product_tag","embeddable":true,"href":"https:\/\/roveyayinevi.com.tr\/index.php\/wp-json\/wp\/v2\/product_tag?post=749452"}],"curies":[{"name":"wp","href":"https:\/\/api.w.org\/{rel}","templated":true}]}}